{"id":33091,"date":"2026-05-07T09:00:02","date_gmt":"2026-05-07T07:00:02","guid":{"rendered":"https:\/\/agpograf.com\/?page_id=33091"},"modified":"2026-05-07T12:49:08","modified_gmt":"2026-05-07T10:49:08","slug":"tranches-colorees","status":"publish","type":"page","link":"https:\/\/agpograf.com\/fr\/tranches-colorees\/","title":{"rendered":"Tranches color\u00e9es"},"content":{"rendered":"<div class=\"wpb-content-wrapper\"><p>[vc_row css_animation=\u00a0\u00bb\u00a0\u00bb row_type=\u00a0\u00bbrow\u00a0\u00bb use_row_as_full_screen_section=\u00a0\u00bbno\u00a0\u00bb type=\u00a0\u00bbfull_width\u00a0\u00bb angled_section=\u00a0\u00bbno\u00a0\u00bb text_align=\u00a0\u00bbleft\u00a0\u00bb background_image_as_pattern=\u00a0\u00bbwithout_pattern\u00a0\u00bb][vc_column][vc_empty_space height=\u00a0\u00bb35px\u00a0\u00bb][vc_column_text]<\/p>\n<h1 style=\"text-align: center;\">Tranches color\u00e9es<\/h1>\n<p>[\/vc_column_text][vc_empty_space height=\u00a0\u00bb45px\u00a0\u00bb][\/vc_column][\/vc_row][vc_row css_animation=\u00a0\u00bb\u00a0\u00bb row_type=\u00a0\u00bbrow\u00a0\u00bb use_row_as_full_screen_section=\u00a0\u00bbno\u00a0\u00bb type=\u00a0\u00bbfull_width\u00a0\u00bb angled_section=\u00a0\u00bbno\u00a0\u00bb text_align=\u00a0\u00bbleft\u00a0\u00bb background_image_as_pattern=\u00a0\u00bbwithout_pattern\u00a0\u00bb][vc_column offset=\u00a0\u00bbvc_hidden-sm vc_hidden-xs\u00a0\u00bb][tm_carousel_father theme=\u00a0\u00bbcontent-over-slider\u00a0\u00bb arrowclr=\u00a0\u00bb#FFFFFF\u00a0\u00bb dot=\u00a0\u00bbfalse\u00a0\u00bb][tm_carousel_son titlesize=\u00a0\u00bb0&Prime; line_height=\u00a0\u00bb0&Prime; image_id=\u00a0\u00bb33103&Prime;][\/tm_carousel_son][tm_carousel_son titlesize=\u00a0\u00bb0&Prime; line_height=\u00a0\u00bb0&Prime; image_id=\u00a0\u00bb33141&Prime;][\/tm_carousel_son][tm_carousel_son titlesize=\u00a0\u00bb0&Prime; line_height=\u00a0\u00bb0&Prime; image_id=\u00a0\u00bb31293&Prime;][\/tm_carousel_son][tm_carousel_son titlesize=\u00a0\u00bb0&Prime; line_height=\u00a0\u00bb0&Prime; image_id=\u00a0\u00bb5641&Prime;][\/tm_carousel_son][tm_carousel_son titlesize=\u00a0\u00bb0&Prime; line_height=\u00a0\u00bb0&Prime; image_id=\u00a0\u00bb5935&Prime;][\/tm_carousel_son][tm_carousel_son titlesize=\u00a0\u00bb0&Prime; line_height=\u00a0\u00bb0&Prime; image_id=\u00a0\u00bb15818&Prime;][\/tm_carousel_son][tm_carousel_son titlesize=\u00a0\u00bb0&Prime; line_height=\u00a0\u00bb0&Prime; image_id=\u00a0\u00bb5490&Prime;][\/tm_carousel_son][tm_carousel_son titlesize=\u00a0\u00bb0&Prime; line_height=\u00a0\u00bb0&Prime; image_id=\u00a0\u00bb31302&Prime;][\/tm_carousel_son][tm_carousel_son titlesize=\u00a0\u00bb0&Prime; line_height=\u00a0\u00bb0&Prime; image_id=\u00a0\u00bb31298&Prime;][\/tm_carousel_son][\/tm_carousel_father][vc_empty_space height=\u00a0\u00bb12px\u00a0\u00bb][\/vc_column][\/vc_row][vc_row css_animation=\u00a0\u00bb\u00a0\u00bb row_type=\u00a0\u00bbrow\u00a0\u00bb use_row_as_full_screen_section=\u00a0\u00bbno\u00a0\u00bb type=\u00a0\u00bbfull_width\u00a0\u00bb angled_section=\u00a0\u00bbno\u00a0\u00bb text_align=\u00a0\u00bbleft\u00a0\u00bb background_image_as_pattern=\u00a0\u00bbwithout_pattern\u00a0\u00bb][vc_column offset=\u00a0\u00bbvc_hidden-lg vc_hidden-md\u00a0\u00bb][vc_single_image image=\u00a0\u00bb33105&Prime; img_size=\u00a0\u00bbfull\u00a0\u00bb css=\u00a0\u00bb\u00a0\u00bb qode_css_animation=\u00a0\u00bb\u00a0\u00bb][vc_empty_space height=\u00a0\u00bb40px\u00a0\u00bb][\/vc_column][\/vc_row][vc_row css_animation=\u00a0\u00bb\u00a0\u00bb row_type=\u00a0\u00bbrow\u00a0\u00bb use_row_as_full_screen_section=\u00a0\u00bbno\u00a0\u00bb type=\u00a0\u00bbfull_width\u00a0\u00bb angled_section=\u00a0\u00bbno\u00a0\u00bb text_align=\u00a0\u00bbleft\u00a0\u00bb background_image_as_pattern=\u00a0\u00bbwithout_pattern\u00a0\u00bb][vc_column][vc_column_text css=\u00a0\u00bb\u00a0\u00bb]<\/p>\n<h2><strong>Agpograf, sp\u00e9cialistes des tranches color\u00e9es<\/strong><\/h2>\n<p>&nbsp;<\/p>\n<p>Chez Agpograf, nous consid\u00e9rons les finitions d\u2019impression comme une partie essentielle de tout projet graphique. Nous travaillons en combinant savoir-faire technique, exp\u00e9rience et contr\u00f4le rigoureux de chaque \u00e9tape du processus afin d\u2019offrir des solutions qui apportent valeur visuelle, coh\u00e9rence et qualit\u00e9 au produit final.[\/vc_column_text][\/vc_column][\/vc_row][vc_row css_animation=\u00a0\u00bb\u00a0\u00bb row_type=\u00a0\u00bbrow\u00a0\u00bb use_row_as_full_screen_section=\u00a0\u00bbno\u00a0\u00bb type=\u00a0\u00bbfull_width\u00a0\u00bb angled_section=\u00a0\u00bbno\u00a0\u00bb text_align=\u00a0\u00bbcenter\u00a0\u00bb background_image_as_pattern=\u00a0\u00bbwithout_pattern\u00a0\u00bb z_index=\u00a0\u00bb\u00a0\u00bb][vc_column][vc_empty_space height=\u00a0\u00bb50px\u00a0\u00bb]<a  itemprop=\"url\" href=\"https:\/\/agpograf.com\/fr\/contact\/\" target=\"_self\" data-hover-background-color=\"#F05B40\" data-hover-border-color=\"#F05B40\" data-hover-color=\"#FFFFFF\" class=\"qbutton  small center default\" style=\"color: #F05B40; border-color: #F05B40; background-color:#FFFFFF;\">DEMANDER PLUS D\u2019INFORMATIONS<\/a>[vc_empty_space height=\u00a0\u00bb50px\u00a0\u00bb][\/vc_column][\/vc_row][vc_row css_animation=\u00a0\u00bb\u00a0\u00bb row_type=\u00a0\u00bbrow\u00a0\u00bb use_row_as_full_screen_section=\u00a0\u00bbno\u00a0\u00bb type=\u00a0\u00bbfull_width\u00a0\u00bb angled_section=\u00a0\u00bbno\u00a0\u00bb text_align=\u00a0\u00bbleft\u00a0\u00bb background_image_as_pattern=\u00a0\u00bbwithout_pattern\u00a0\u00bb][vc_column][vc_column_text css=\u00a0\u00bb\u00a0\u00bb]<\/p>\n<h2><strong>Que sont les tranches color\u00e9es et quels sont leurs avantages<\/strong><\/h2>\n<p>&nbsp;<\/p>\n<p>La finition des <strong>tranches color\u00e9es<\/strong> consiste \u00e0 appliquer une couche d\u2019encre sur les bords du papier une fois celui-ci coup\u00e9. Il s\u2019agit d\u2019une technique qui permet de mettre en valeur les c\u00f4t\u00e9s du livre avec une couleur unie ou un design personnalis\u00e9, en ajoutant un \u00e9l\u00e9ment visuel distinctif sans modifier le design principal. \u00c0 l\u2019origine, cette finition \u00e9tait utilis\u00e9e comme protection pour les livres, notamment avec des <strong>encres m\u00e9talliques<\/strong> comme l\u2019or ou l\u2019argent. Aujourd\u2019hui, sa fonction est principalement esth\u00e9tique et elle offre un large \u00e9ventail de possibilit\u00e9s, y compris toutes les nuances <strong>PANTONE<\/strong>.<\/p>\n<p>&nbsp;<\/p>\n<p><strong>Avantages des tranches color\u00e9es :<\/strong><\/p>\n<p>&nbsp;<\/p>\n<ul>\n<li style=\"list-style-type: none;\">\n<ul>\n<li><strong>Diff\u00e9renciation visuelle<\/strong> sans alt\u00e9rer le design de la couverture<\/li>\n<li><strong>Personnalisation compl\u00e8te<\/strong> avec des couleurs PANTONE ou des designs sp\u00e9cifiques<\/li>\n<li><strong>Compatibilit\u00e9 <\/strong>avec des papiers \u00e0 fort grammage et des supports rigides<\/li>\n<li><strong>Protection suppl\u00e9mentaire <\/strong>contre la poussi\u00e8re et l\u2019humidit\u00e9<\/li>\n<\/ul>\n<\/li>\n<\/ul>\n<p>&nbsp;<\/p>\n<p>&nbsp;<\/p>\n<h3><strong>Exemples d\u2019applications<\/strong><\/h3>\n<p>&nbsp;<\/p>\n<p>La teinture des tranches est une ressource particuli\u00e8rement appr\u00e9ci\u00e9e dans les projets \u00e9ditoriaux sp\u00e9ciaux et les produits corporate haut de gamme, o\u00f9 le d\u00e9tail et la pr\u00e9sentation jouent un r\u00f4le essentiel.<\/p>\n<p>&nbsp;<\/p>\n<p><strong>Applications courantes :<\/strong><\/p>\n<p>&nbsp;<\/p>\n<ul>\n<li style=\"list-style-type: none;\">\n<ul>\n<li>Livres, catalogues et autres publications en \u00e9dition sp\u00e9ciale<\/li>\n<li>Supports cr\u00e9atifs et de marque<\/li>\n<li>Cartes de visite premium<\/li>\n<li>Invitations personnalis\u00e9es<\/li>\n<\/ul>\n<\/li>\n<\/ul>\n<p>&nbsp;<\/p>\n<p>Chez <a href=\"https:\/\/agpograf.com\/fr\/\">Agpograf<\/a>, nous appliquons la finition des tranches color\u00e9es avec la plus grande pr\u00e9cision, gr\u00e2ce \u00e0 des proc\u00e9d\u00e9s manuels et contr\u00f4l\u00e9s qui garantissent un r\u00e9sultat uniforme et net, sans bavures d\u2019encre. C\u2019est une technique qui demande soin et sensibilit\u00e9, en particulier dans les projets haut de gamme o\u00f9 les d\u00e9tails font toute la diff\u00e9rence.<\/p>\n<p>[\/vc_column_text][\/vc_column][\/vc_row][vc_row css_animation=\u00a0\u00bb\u00a0\u00bb row_type=\u00a0\u00bbrow\u00a0\u00bb use_row_as_full_screen_section=\u00a0\u00bbno\u00a0\u00bb type=\u00a0\u00bbfull_width\u00a0\u00bb angled_section=\u00a0\u00bbno\u00a0\u00bb text_align=\u00a0\u00bbcenter\u00a0\u00bb background_image_as_pattern=\u00a0\u00bbwithout_pattern\u00a0\u00bb z_index=\u00a0\u00bb\u00a0\u00bb][vc_column][vc_empty_space height=\u00a0\u00bb50px\u00a0\u00bb]<a  itemprop=\"url\" href=\"https:\/\/agpograf.com\/fr\/contact\/\" target=\"_self\" data-hover-background-color=\"#F05B40\" data-hover-border-color=\"#F05B40\" data-hover-color=\"#FFFFFF\" class=\"qbutton  small center default\" style=\"color: #F05B40; border-color: #F05B40; background-color:#FFFFFF;\">DEMANDER PLUS D\u2019INFORMATIONS<\/a>[vc_empty_space height=\u00a0\u00bb100px\u00a0\u00bb][\/vc_column][\/vc_row]<\/p>\n<\/div>","protected":false},"excerpt":{"rendered":"<p>[vc_row css_animation=\u00a0\u00bb\u00a0\u00bb row_type=\u00a0\u00bbrow\u00a0\u00bb use_row_as_full_screen_section=\u00a0\u00bbno\u00a0\u00bb type=\u00a0\u00bbfull_width\u00a0\u00bb angled_section=\u00a0\u00bbno\u00a0\u00bb text_align=\u00a0\u00bbleft\u00a0\u00bb background_image_as_pattern=\u00a0\u00bbwithout_pattern\u00a0\u00bb][vc_column][vc_empty_space height=\u00a0\u00bb35px\u00a0\u00bb][vc_column_text] Tranches color\u00e9es [\/vc_column_text][vc_empty_space height=\u00a0\u00bb45px\u00a0\u00bb][\/vc_column][\/vc_row][vc_row css_animation=\u00a0\u00bb\u00a0\u00bb row_type=\u00a0\u00bbrow\u00a0\u00bb use_row_as_full_screen_section=\u00a0\u00bbno\u00a0\u00bb type=\u00a0\u00bbfull_width\u00a0\u00bb angled_section=\u00a0\u00bbno\u00a0\u00bb text_align=\u00a0\u00bbleft\u00a0\u00bb background_image_as_pattern=\u00a0\u00bbwithout_pattern\u00a0\u00bb][vc_column offset=\u00a0\u00bbvc_hidden-sm vc_hidden-xs\u00a0\u00bb][tm_carousel_father theme=\u00a0\u00bbcontent-over-slider\u00a0\u00bb arrowclr=\u00a0\u00bb#FFFFFF\u00a0\u00bb dot=\u00a0\u00bbfalse\u00a0\u00bb][tm_carousel_son titlesize=\u00a0\u00bb0&Prime; line_height=\u00a0\u00bb0&Prime; image_id=\u00a0\u00bb33103&Prime;][\/tm_carousel_son][tm_carousel_son titlesize=\u00a0\u00bb0&Prime; line_height=\u00a0\u00bb0&Prime; image_id=\u00a0\u00bb33141&Prime;][\/tm_carousel_son][tm_carousel_son titlesize=\u00a0\u00bb0&Prime; line_height=\u00a0\u00bb0&Prime; image_id=\u00a0\u00bb31293&Prime;][\/tm_carousel_son][tm_carousel_son titlesize=\u00a0\u00bb0&Prime; line_height=\u00a0\u00bb0&Prime; image_id=\u00a0\u00bb5641&Prime;][\/tm_carousel_son][tm_carousel_son titlesize=\u00a0\u00bb0&Prime; line_height=\u00a0\u00bb0&Prime; image_id=\u00a0\u00bb5935&Prime;][\/tm_carousel_son][tm_carousel_son titlesize=\u00a0\u00bb0&Prime; line_height=\u00a0\u00bb0&Prime; image_id=\u00a0\u00bb15818&Prime;][\/tm_carousel_son][tm_carousel_son titlesize=\u00a0\u00bb0&Prime; line_height=\u00a0\u00bb0&Prime;&#8230;<\/p>\n","protected":false},"author":1,"featured_media":33134,"parent":0,"menu_order":0,"comment_status":"closed","ping_status":"closed","template":"","meta":{"footnotes":""},"class_list":["post-33091","page","type-page","status-publish","has-post-thumbnail","hentry"],"yoast_head":"<!-- This site is optimized with the Yoast SEO plugin v27.5 - https:\/\/yoast.com\/product\/yoast-seo-wordpress\/ -->\n<title>Tranches color\u00e9es &#8211; Agpograf Impressors<\/title>\n<meta name=\"description\" content=\"La finition des tranches color\u00e9es consiste \u00e0 appliquer une couche d\u2019encre sur les bords du papier une fois celui-ci coup\u00e9. Il s\u2019agit d\u2019une technique qui permet de mettre en valeur les c\u00f4t\u00e9s du livre avec une couleur unie ou un design personnalis\u00e9, en ajoutant un \u00e9l\u00e9ment visuel distinctif sans modifier le design principal.\" \/>\n<meta name=\"robots\" content=\"index, follow, max-snippet:-1, max-image-preview:large, max-video-preview:-1\" \/>\n<link rel=\"canonical\" href=\"https:\/\/agpograf.com\/fr\/tranches-colorees\/\" \/>\n<meta property=\"og:locale\" content=\"fr_FR\" \/>\n<meta property=\"og:type\" content=\"article\" \/>\n<meta property=\"og:title\" content=\"Tranches color\u00e9es &#8211; Agpograf Impressors\" \/>\n<meta property=\"og:description\" content=\"La finition des tranches color\u00e9es consiste \u00e0 appliquer une couche d\u2019encre sur les bords du papier une fois celui-ci coup\u00e9. Il s\u2019agit d\u2019une technique qui permet de mettre en valeur les c\u00f4t\u00e9s du livre avec une couleur unie ou un design personnalis\u00e9, en ajoutant un \u00e9l\u00e9ment visuel distinctif sans modifier le design principal.\" \/>\n<meta property=\"og:url\" content=\"https:\/\/agpograf.com\/fr\/tranches-colorees\/\" \/>\n<meta property=\"og:site_name\" content=\"Agpograf Impressors\" \/>\n<meta property=\"article:publisher\" content=\"https:\/\/www.facebook.com\/Agpograf\" \/>\n<meta property=\"article:modified_time\" content=\"2026-05-07T10:49:08+00:00\" \/>\n<meta property=\"og:image\" content=\"https:\/\/agpograf.com\/wp-content\/uploads\/2026\/05\/Painted-edges-Agpograf.jpg\" \/>\n\t<meta property=\"og:image:width\" content=\"800\" \/>\n\t<meta property=\"og:image:height\" content=\"800\" \/>\n\t<meta property=\"og:image:type\" content=\"image\/jpeg\" \/>\n<meta name=\"twitter:card\" content=\"summary_large_image\" \/>\n<meta name=\"twitter:label1\" content=\"Dur\u00e9e de lecture estim\u00e9e\" \/>\n\t<meta name=\"twitter:data1\" content=\"3 minutes\" \/>\n<script type=\"application\/ld+json\" class=\"yoast-schema-graph\">{\"@context\":\"https:\\\/\\\/schema.org\",\"@graph\":[{\"@type\":\"WebPage\",\"@id\":\"https:\\\/\\\/agpograf.com\\\/fr\\\/tranches-colorees\\\/\",\"url\":\"https:\\\/\\\/agpograf.com\\\/fr\\\/tranches-colorees\\\/\",\"name\":\"Tranches color\u00e9es &#8211; Agpograf Impressors\",\"isPartOf\":{\"@id\":\"https:\\\/\\\/agpograf.com\\\/fr\\\/#website\"},\"primaryImageOfPage\":{\"@id\":\"https:\\\/\\\/agpograf.com\\\/fr\\\/tranches-colorees\\\/#primaryimage\"},\"image\":{\"@id\":\"https:\\\/\\\/agpograf.com\\\/fr\\\/tranches-colorees\\\/#primaryimage\"},\"thumbnailUrl\":\"https:\\\/\\\/agpograf.com\\\/wp-content\\\/uploads\\\/2026\\\/05\\\/Painted-edges-Agpograf.jpg\",\"datePublished\":\"2026-05-07T07:00:02+00:00\",\"dateModified\":\"2026-05-07T10:49:08+00:00\",\"description\":\"La finition des tranches color\u00e9es consiste \u00e0 appliquer une couche d\u2019encre sur les bords du papier une fois celui-ci coup\u00e9. Il s\u2019agit d\u2019une technique qui permet de mettre en valeur les c\u00f4t\u00e9s du livre avec une couleur unie ou un design personnalis\u00e9, en ajoutant un \u00e9l\u00e9ment visuel distinctif sans modifier le design principal.\",\"breadcrumb\":{\"@id\":\"https:\\\/\\\/agpograf.com\\\/fr\\\/tranches-colorees\\\/#breadcrumb\"},\"inLanguage\":\"fr-FR\",\"potentialAction\":[{\"@type\":\"ReadAction\",\"target\":[\"https:\\\/\\\/agpograf.com\\\/fr\\\/tranches-colorees\\\/\"]}]},{\"@type\":\"ImageObject\",\"inLanguage\":\"fr-FR\",\"@id\":\"https:\\\/\\\/agpograf.com\\\/fr\\\/tranches-colorees\\\/#primaryimage\",\"url\":\"https:\\\/\\\/agpograf.com\\\/wp-content\\\/uploads\\\/2026\\\/05\\\/Painted-edges-Agpograf.jpg\",\"contentUrl\":\"https:\\\/\\\/agpograf.com\\\/wp-content\\\/uploads\\\/2026\\\/05\\\/Painted-edges-Agpograf.jpg\",\"width\":800,\"height\":800,\"caption\":\"Painted edges Agpograf\"},{\"@type\":\"BreadcrumbList\",\"@id\":\"https:\\\/\\\/agpograf.com\\\/fr\\\/tranches-colorees\\\/#breadcrumb\",\"itemListElement\":[{\"@type\":\"ListItem\",\"position\":1,\"name\":\"Inici\",\"item\":\"https:\\\/\\\/agpograf.com\\\/fr\\\/\"},{\"@type\":\"ListItem\",\"position\":2,\"name\":\"Tranches color\u00e9es\"}]},{\"@type\":\"WebSite\",\"@id\":\"https:\\\/\\\/agpograf.com\\\/fr\\\/#website\",\"url\":\"https:\\\/\\\/agpograf.com\\\/fr\\\/\",\"name\":\"Agpograf Impressors\",\"description\":\"Printing your dreams\",\"publisher\":{\"@id\":\"https:\\\/\\\/agpograf.com\\\/fr\\\/#organization\"},\"potentialAction\":[{\"@type\":\"SearchAction\",\"target\":{\"@type\":\"EntryPoint\",\"urlTemplate\":\"https:\\\/\\\/agpograf.com\\\/fr\\\/?s={search_term_string}\"},\"query-input\":{\"@type\":\"PropertyValueSpecification\",\"valueRequired\":true,\"valueName\":\"search_term_string\"}}],\"inLanguage\":\"fr-FR\"},{\"@type\":\"Organization\",\"@id\":\"https:\\\/\\\/agpograf.com\\\/fr\\\/#organization\",\"name\":\"Agpograf Impressors\",\"url\":\"https:\\\/\\\/agpograf.com\\\/fr\\\/\",\"logo\":{\"@type\":\"ImageObject\",\"inLanguage\":\"fr-FR\",\"@id\":\"https:\\\/\\\/agpograf.com\\\/fr\\\/#\\\/schema\\\/logo\\\/image\\\/\",\"url\":\"https:\\\/\\\/www.agpograf.com\\\/wp-content\\\/uploads\\\/2020\\\/01\\\/Agpgoraf-Impressors-logo.png\",\"contentUrl\":\"https:\\\/\\\/www.agpograf.com\\\/wp-content\\\/uploads\\\/2020\\\/01\\\/Agpgoraf-Impressors-logo.png\",\"width\":601,\"height\":477,\"caption\":\"Agpograf Impressors\"},\"image\":{\"@id\":\"https:\\\/\\\/agpograf.com\\\/fr\\\/#\\\/schema\\\/logo\\\/image\\\/\"},\"sameAs\":[\"https:\\\/\\\/www.facebook.com\\\/Agpograf\",\"https:\\\/\\\/www.instagram.com\\\/agpograf_impressors\\\/\",\"https:\\\/\\\/www.linkedin.com\\\/company\\\/agpograf-impressors\\\/about\\\/\",\"https:\\\/\\\/www.youtube.com\\\/channel\\\/UC1vXUlhI2NeafCFLhfnrQXw\",\"https:\\\/\\\/www.behance.net\\\/agpografimpressors\"]}]}<\/script>\n<!-- \/ Yoast SEO plugin. -->","yoast_head_json":{"title":"Tranches color\u00e9es &#8211; Agpograf Impressors","description":"La finition des tranches color\u00e9es consiste \u00e0 appliquer une couche d\u2019encre sur les bords du papier une fois celui-ci coup\u00e9. Il s\u2019agit d\u2019une technique qui permet de mettre en valeur les c\u00f4t\u00e9s du livre avec une couleur unie ou un design personnalis\u00e9, en ajoutant un \u00e9l\u00e9ment visuel distinctif sans modifier le design principal.","robots":{"index":"index","follow":"follow","max-snippet":"max-snippet:-1","max-image-preview":"max-image-preview:large","max-video-preview":"max-video-preview:-1"},"canonical":"https:\/\/agpograf.com\/fr\/tranches-colorees\/","og_locale":"fr_FR","og_type":"article","og_title":"Tranches color\u00e9es &#8211; Agpograf Impressors","og_description":"La finition des tranches color\u00e9es consiste \u00e0 appliquer une couche d\u2019encre sur les bords du papier une fois celui-ci coup\u00e9. Il s\u2019agit d\u2019une technique qui permet de mettre en valeur les c\u00f4t\u00e9s du livre avec une couleur unie ou un design personnalis\u00e9, en ajoutant un \u00e9l\u00e9ment visuel distinctif sans modifier le design principal.","og_url":"https:\/\/agpograf.com\/fr\/tranches-colorees\/","og_site_name":"Agpograf Impressors","article_publisher":"https:\/\/www.facebook.com\/Agpograf","article_modified_time":"2026-05-07T10:49:08+00:00","og_image":[{"width":800,"height":800,"url":"https:\/\/agpograf.com\/wp-content\/uploads\/2026\/05\/Painted-edges-Agpograf.jpg","type":"image\/jpeg"}],"twitter_card":"summary_large_image","twitter_misc":{"Dur\u00e9e de lecture estim\u00e9e":"3 minutes"},"schema":{"@context":"https:\/\/schema.org","@graph":[{"@type":"WebPage","@id":"https:\/\/agpograf.com\/fr\/tranches-colorees\/","url":"https:\/\/agpograf.com\/fr\/tranches-colorees\/","name":"Tranches color\u00e9es &#8211; Agpograf Impressors","isPartOf":{"@id":"https:\/\/agpograf.com\/fr\/#website"},"primaryImageOfPage":{"@id":"https:\/\/agpograf.com\/fr\/tranches-colorees\/#primaryimage"},"image":{"@id":"https:\/\/agpograf.com\/fr\/tranches-colorees\/#primaryimage"},"thumbnailUrl":"https:\/\/agpograf.com\/wp-content\/uploads\/2026\/05\/Painted-edges-Agpograf.jpg","datePublished":"2026-05-07T07:00:02+00:00","dateModified":"2026-05-07T10:49:08+00:00","description":"La finition des tranches color\u00e9es consiste \u00e0 appliquer une couche d\u2019encre sur les bords du papier une fois celui-ci coup\u00e9. Il s\u2019agit d\u2019une technique qui permet de mettre en valeur les c\u00f4t\u00e9s du livre avec une couleur unie ou un design personnalis\u00e9, en ajoutant un \u00e9l\u00e9ment visuel distinctif sans modifier le design principal.","breadcrumb":{"@id":"https:\/\/agpograf.com\/fr\/tranches-colorees\/#breadcrumb"},"inLanguage":"fr-FR","potentialAction":[{"@type":"ReadAction","target":["https:\/\/agpograf.com\/fr\/tranches-colorees\/"]}]},{"@type":"ImageObject","inLanguage":"fr-FR","@id":"https:\/\/agpograf.com\/fr\/tranches-colorees\/#primaryimage","url":"https:\/\/agpograf.com\/wp-content\/uploads\/2026\/05\/Painted-edges-Agpograf.jpg","contentUrl":"https:\/\/agpograf.com\/wp-content\/uploads\/2026\/05\/Painted-edges-Agpograf.jpg","width":800,"height":800,"caption":"Painted edges Agpograf"},{"@type":"BreadcrumbList","@id":"https:\/\/agpograf.com\/fr\/tranches-colorees\/#breadcrumb","itemListElement":[{"@type":"ListItem","position":1,"name":"Inici","item":"https:\/\/agpograf.com\/fr\/"},{"@type":"ListItem","position":2,"name":"Tranches color\u00e9es"}]},{"@type":"WebSite","@id":"https:\/\/agpograf.com\/fr\/#website","url":"https:\/\/agpograf.com\/fr\/","name":"Agpograf Impressors","description":"Printing your dreams","publisher":{"@id":"https:\/\/agpograf.com\/fr\/#organization"},"potentialAction":[{"@type":"SearchAction","target":{"@type":"EntryPoint","urlTemplate":"https:\/\/agpograf.com\/fr\/?s={search_term_string}"},"query-input":{"@type":"PropertyValueSpecification","valueRequired":true,"valueName":"search_term_string"}}],"inLanguage":"fr-FR"},{"@type":"Organization","@id":"https:\/\/agpograf.com\/fr\/#organization","name":"Agpograf Impressors","url":"https:\/\/agpograf.com\/fr\/","logo":{"@type":"ImageObject","inLanguage":"fr-FR","@id":"https:\/\/agpograf.com\/fr\/#\/schema\/logo\/image\/","url":"https:\/\/www.agpograf.com\/wp-content\/uploads\/2020\/01\/Agpgoraf-Impressors-logo.png","contentUrl":"https:\/\/www.agpograf.com\/wp-content\/uploads\/2020\/01\/Agpgoraf-Impressors-logo.png","width":601,"height":477,"caption":"Agpograf Impressors"},"image":{"@id":"https:\/\/agpograf.com\/fr\/#\/schema\/logo\/image\/"},"sameAs":["https:\/\/www.facebook.com\/Agpograf","https:\/\/www.instagram.com\/agpograf_impressors\/","https:\/\/www.linkedin.com\/company\/agpograf-impressors\/about\/","https:\/\/www.youtube.com\/channel\/UC1vXUlhI2NeafCFLhfnrQXw","https:\/\/www.behance.net\/agpografimpressors"]}]}},"_links":{"self":[{"href":"https:\/\/agpograf.com\/fr\/wp-json\/wp\/v2\/pages\/33091","targetHints":{"allow":["GET"]}}],"collection":[{"href":"https:\/\/agpograf.com\/fr\/wp-json\/wp\/v2\/pages"}],"about":[{"href":"https:\/\/agpograf.com\/fr\/wp-json\/wp\/v2\/types\/page"}],"author":[{"embeddable":true,"href":"https:\/\/agpograf.com\/fr\/wp-json\/wp\/v2\/users\/1"}],"replies":[{"embeddable":true,"href":"https:\/\/agpograf.com\/fr\/wp-json\/wp\/v2\/comments?post=33091"}],"version-history":[{"count":3,"href":"https:\/\/agpograf.com\/fr\/wp-json\/wp\/v2\/pages\/33091\/revisions"}],"predecessor-version":[{"id":33169,"href":"https:\/\/agpograf.com\/fr\/wp-json\/wp\/v2\/pages\/33091\/revisions\/33169"}],"wp:featuredmedia":[{"embeddable":true,"href":"https:\/\/agpograf.com\/fr\/wp-json\/wp\/v2\/media\/33134"}],"wp:attachment":[{"href":"https:\/\/agpograf.com\/fr\/wp-json\/wp\/v2\/media?parent=33091"}],"curies":[{"name":"wp","href":"https:\/\/api.w.org\/{rel}","templated":true}]}}