{"id":14945,"date":"2022-11-20T19:53:41","date_gmt":"2022-11-20T17:53:41","guid":{"rendered":"https:\/\/agpograf.cmsfacil.eu\/?page_id=14945"},"modified":"2025-09-02T16:01:07","modified_gmt":"2025-09-02T14:01:07","slug":"gravage-a-sec","status":"publish","type":"page","link":"https:\/\/agpograf.com\/fr\/gravage-a-sec\/","title":{"rendered":"Gaufrage \u00e0 sec"},"content":{"rendered":"<div class=\"wpb-content-wrapper\"><p>[vc_row css_animation=\u00a0\u00bb\u00a0\u00bb row_type=\u00a0\u00bbrow\u00a0\u00bb use_row_as_full_screen_section=\u00a0\u00bbno\u00a0\u00bb type=\u00a0\u00bbfull_width\u00a0\u00bb angled_section=\u00a0\u00bbno\u00a0\u00bb text_align=\u00a0\u00bbleft\u00a0\u00bb background_image_as_pattern=\u00a0\u00bbwithout_pattern\u00a0\u00bb][vc_column][vc_empty_space height=\u00a0\u00bb35px\u00a0\u00bb][vc_column_text]<\/p>\n<h1 style=\"text-align: center;\">Gaufrage \u00e0 sec<\/h1>\n<p>[\/vc_column_text][vc_empty_space height=\u00a0\u00bb45px\u00a0\u00bb][\/vc_column][\/vc_row][vc_row css_animation=\u00a0\u00bb\u00a0\u00bb row_type=\u00a0\u00bbrow\u00a0\u00bb use_row_as_full_screen_section=\u00a0\u00bbno\u00a0\u00bb type=\u00a0\u00bbfull_width\u00a0\u00bb angled_section=\u00a0\u00bbno\u00a0\u00bb text_align=\u00a0\u00bbleft\u00a0\u00bb background_image_as_pattern=\u00a0\u00bbwithout_pattern\u00a0\u00bb][vc_column offset=\u00a0\u00bbvc_hidden-sm vc_hidden-xs\u00a0\u00bb][tm_carousel_father theme=\u00a0\u00bbcontent-over-slider\u00a0\u00bb arrowclr=\u00a0\u00bb#FFFFFF\u00a0\u00bb dot=\u00a0\u00bbfalse\u00a0\u00bb][tm_carousel_son titlesize=\u00a0\u00bb0&Prime; line_height=\u00a0\u00bb0&Prime; image_id=\u00a0\u00bb16671&Prime;][\/tm_carousel_son][tm_carousel_son titlesize=\u00a0\u00bb0&Prime; line_height=\u00a0\u00bb0&Prime; image_id=\u00a0\u00bb17020&Prime;][\/tm_carousel_son][tm_carousel_son titlesize=\u00a0\u00bb0&Prime; line_height=\u00a0\u00bb0&Prime; image_id=\u00a0\u00bb5726&Prime;][\/tm_carousel_son][tm_carousel_son titlesize=\u00a0\u00bb0&Prime; line_height=\u00a0\u00bb0&Prime; image_id=\u00a0\u00bb5817&Prime;][\/tm_carousel_son][tm_carousel_son titlesize=\u00a0\u00bb0&Prime; line_height=\u00a0\u00bb0&Prime; image_id=\u00a0\u00bb18149&Prime;][\/tm_carousel_son][tm_carousel_son titlesize=\u00a0\u00bb0&Prime; line_height=\u00a0\u00bb0&Prime; image_id=\u00a0\u00bb5881&Prime;][\/tm_carousel_son][\/tm_carousel_father][vc_empty_space height=\u00a0\u00bb12px\u00a0\u00bb][\/vc_column][\/vc_row][vc_row css_animation=\u00a0\u00bb\u00a0\u00bb row_type=\u00a0\u00bbrow\u00a0\u00bb use_row_as_full_screen_section=\u00a0\u00bbno\u00a0\u00bb type=\u00a0\u00bbfull_width\u00a0\u00bb angled_section=\u00a0\u00bbno\u00a0\u00bb text_align=\u00a0\u00bbleft\u00a0\u00bb background_image_as_pattern=\u00a0\u00bbwithout_pattern\u00a0\u00bb][vc_column offset=\u00a0\u00bbvc_hidden-lg vc_hidden-md\u00a0\u00bb][vc_single_image image=\u00a0\u00bb10841&Prime; img_size=\u00a0\u00bbfull\u00a0\u00bb alignment=\u00a0\u00bbcenter\u00a0\u00bb css=\u00a0\u00bb\u00a0\u00bb qode_css_animation=\u00a0\u00bb\u00a0\u00bb][vc_empty_space height=\u00a0\u00bb40px\u00a0\u00bb][\/vc_column][\/vc_row][vc_row css_animation=\u00a0\u00bb\u00a0\u00bb row_type=\u00a0\u00bbrow\u00a0\u00bb use_row_as_full_screen_section=\u00a0\u00bbno\u00a0\u00bb type=\u00a0\u00bbfull_width\u00a0\u00bb angled_section=\u00a0\u00bbno\u00a0\u00bb text_align=\u00a0\u00bbleft\u00a0\u00bb background_image_as_pattern=\u00a0\u00bbwithout_pattern\u00a0\u00bb][vc_column][vc_column_text css=\u00a0\u00bb\u00a0\u00bb]<\/p>\n<h2><strong>Agpograf, sp\u00e9cialistes du gaufrage \u00e0 sec<\/strong><\/h2>\n<p>&nbsp;<\/p>\n<p>Chez Agpograf, nous soignons chaque d\u00e9tail pour offrir des finitions d\u2019impression qui font la diff\u00e9rence. Le <strong>gaufrage \u00e0 sec<\/strong> est une technique qui apporte \u00e9l\u00e9gance et sophistication \u00e0 tout projet graphique. Nous disposons de machines de haute pr\u00e9cision et d&rsquo;une \u00e9quipe d&rsquo;experts pour garantir que chaque pi\u00e8ce soit impeccable, avec un relief net et attrayant, personnalis\u00e9 selon le design du client.[\/vc_column_text][\/vc_column][\/vc_row][vc_row css_animation=\u00a0\u00bb\u00a0\u00bb row_type=\u00a0\u00bbrow\u00a0\u00bb use_row_as_full_screen_section=\u00a0\u00bbno\u00a0\u00bb type=\u00a0\u00bbfull_width\u00a0\u00bb angled_section=\u00a0\u00bbno\u00a0\u00bb text_align=\u00a0\u00bbcenter\u00a0\u00bb background_image_as_pattern=\u00a0\u00bbwithout_pattern\u00a0\u00bb z_index=\u00a0\u00bb\u00a0\u00bb][vc_column][vc_empty_space height=\u00a0\u00bb50px\u00a0\u00bb]<a  itemprop=\"url\" href=\"https:\/\/agpograf.com\/fr\/contact\/\" target=\"_self\" data-hover-background-color=\"#F05B40\" data-hover-border-color=\"#F05B40\" data-hover-color=\"#FFFFFF\" class=\"qbutton  small center default\" style=\"color: #F05B40; border-color: #F05B40; background-color:#FFFFFF;\">DEMANDER PLUS D'INFORMATIONS<\/a>[vc_empty_space height=\u00a0\u00bb50px\u00a0\u00bb][\/vc_column][\/vc_row][vc_row css_animation=\u00a0\u00bb\u00a0\u00bb row_type=\u00a0\u00bbrow\u00a0\u00bb use_row_as_full_screen_section=\u00a0\u00bbno\u00a0\u00bb type=\u00a0\u00bbfull_width\u00a0\u00bb angled_section=\u00a0\u00bbno\u00a0\u00bb text_align=\u00a0\u00bbleft\u00a0\u00bb background_image_as_pattern=\u00a0\u00bbwithout_pattern\u00a0\u00bb][vc_column][vc_column_text css=\u00a0\u00bb\u00a0\u00bb]<\/p>\n<h2><strong>Qu&rsquo;est-ce que le gaufrage \u00e0 sec et quels sont ses avantages<\/strong><\/h2>\n<p>&nbsp;<\/p>\n<p>Le <strong>gaufrage \u00e0 sec<\/strong>, \u00e9galement connu sous le nom d\u2019embossage, est une finition d&rsquo;impression qui consiste \u00e0 rehausser une partie du design par pression, sans encre ni film. Cette technique cr\u00e9e une texture en relief qui peut \u00eatre vue et ressentie au toucher, apportant une valeur visuelle et sensorielle suppl\u00e9mentaire.<\/p>\n<p>&nbsp;<\/p>\n<p><strong>Avantages du gaufrage \u00e0 sec :<\/strong><\/p>\n<p>&nbsp;<\/p>\n<ul>\n<li style=\"list-style-type: none;\">\n<ul>\n<li>\u00c9l\u00e9gance et exclusivit\u00e9 : Id\u00e9al pour les marques qui veulent se d\u00e9marquer.<\/li>\n<li>Toucher premium : Cr\u00e9e une exp\u00e9rience sensorielle unique.<\/li>\n<li>Personnalisation totale : Peut \u00eatre appliqu\u00e9 sur des logos, typographies, ic\u00f4nes, etc.<\/li>\n<li>Compatible avec d&rsquo;autres finitions : Comme le vernis UV ou le marquage \u00e0 chaud.<\/li>\n<\/ul>\n<\/li>\n<\/ul>\n<p>&nbsp;<\/p>\n<p>&nbsp;<\/p>\n<h3><strong>Exemples d&rsquo;applications<\/strong><\/h3>\n<p>&nbsp;<\/p>\n<p>Le gaufrage \u00e0 sec est parfait pour les projets recherchant un fort impact visuel et \u00e9motionnel, notamment dans les secteurs o\u00f9 la pr\u00e9sentation est essentielle.<\/p>\n<p>&nbsp;<\/p>\n<p><strong>Applications courantes :<\/strong><\/p>\n<p>&nbsp;<\/p>\n<ul>\n<li style=\"list-style-type: none;\">\n<ul>\n<li>Cartes de visite exclusives<\/li>\n<li>Couvertures de catalogues ou de livres de luxe<\/li>\n<li>Packaging premium (parfumerie, cosm\u00e9tique, produits gastronomiques&#8230;)<\/li>\n<li>Invitations et cartes de v\u0153ux d\u2019entreprise<\/li>\n<li>Chemises de pr\u00e9sentation d&rsquo;entreprise<\/li>\n<\/ul>\n<\/li>\n<\/ul>\n<p>&nbsp;<\/p>\n<p>Chez <a href=\"https:\/\/agpograf.com\/fr\/\">Agpograf<\/a>, nous vous aidons \u00e0 donner vie \u00e0 des id\u00e9es qui laissent v\u00e9ritablement leur empreinte. Contactez-nous et d\u00e9couvrez comment le gaufrage \u00e0 sec peut sublimer vos projets.[\/vc_column_text][\/vc_column][\/vc_row][vc_row css_animation=\u00a0\u00bb\u00a0\u00bb row_type=\u00a0\u00bbrow\u00a0\u00bb use_row_as_full_screen_section=\u00a0\u00bbno\u00a0\u00bb type=\u00a0\u00bbfull_width\u00a0\u00bb angled_section=\u00a0\u00bbno\u00a0\u00bb text_align=\u00a0\u00bbcenter\u00a0\u00bb background_image_as_pattern=\u00a0\u00bbwithout_pattern\u00a0\u00bb z_index=\u00a0\u00bb\u00a0\u00bb][vc_column][vc_empty_space height=\u00a0\u00bb50px\u00a0\u00bb]<a  itemprop=\"url\" href=\"https:\/\/agpograf.com\/fr\/contact\/\" target=\"_self\" data-hover-background-color=\"#F05B40\" data-hover-border-color=\"#F05B40\" data-hover-color=\"#FFFFFF\" class=\"qbutton  small center default\" style=\"color: #F05B40; border-color: #F05B40; background-color:#FFFFFF;\">DEMANDER PLUS D'INFORMATIONS<\/a>[vc_empty_space height=\u00a0\u00bb100px\u00a0\u00bb][\/vc_column][\/vc_row]<\/p>\n<\/div>","protected":false},"excerpt":{"rendered":"<p>[vc_row css_animation=\u00a0\u00bb\u00a0\u00bb row_type=\u00a0\u00bbrow\u00a0\u00bb use_row_as_full_screen_section=\u00a0\u00bbno\u00a0\u00bb type=\u00a0\u00bbfull_width\u00a0\u00bb angled_section=\u00a0\u00bbno\u00a0\u00bb text_align=\u00a0\u00bbleft\u00a0\u00bb background_image_as_pattern=\u00a0\u00bbwithout_pattern\u00a0\u00bb][vc_column][vc_empty_space height=\u00a0\u00bb35px\u00a0\u00bb][vc_column_text] Gaufrage \u00e0 sec [\/vc_column_text][vc_empty_space height=\u00a0\u00bb45px\u00a0\u00bb][\/vc_column][\/vc_row][vc_row css_animation=\u00a0\u00bb\u00a0\u00bb row_type=\u00a0\u00bbrow\u00a0\u00bb use_row_as_full_screen_section=\u00a0\u00bbno\u00a0\u00bb type=\u00a0\u00bbfull_width\u00a0\u00bb angled_section=\u00a0\u00bbno\u00a0\u00bb text_align=\u00a0\u00bbleft\u00a0\u00bb background_image_as_pattern=\u00a0\u00bbwithout_pattern\u00a0\u00bb][vc_column offset=\u00a0\u00bbvc_hidden-sm vc_hidden-xs\u00a0\u00bb][tm_carousel_father theme=\u00a0\u00bbcontent-over-slider\u00a0\u00bb arrowclr=\u00a0\u00bb#FFFFFF\u00a0\u00bb dot=\u00a0\u00bbfalse\u00a0\u00bb][tm_carousel_son titlesize=\u00a0\u00bb0&Prime; line_height=\u00a0\u00bb0&Prime; image_id=\u00a0\u00bb16671&Prime;][\/tm_carousel_son][tm_carousel_son titlesize=\u00a0\u00bb0&Prime; line_height=\u00a0\u00bb0&Prime; image_id=\u00a0\u00bb17020&Prime;][\/tm_carousel_son][tm_carousel_son titlesize=\u00a0\u00bb0&Prime; line_height=\u00a0\u00bb0&Prime; image_id=\u00a0\u00bb5726&Prime;][\/tm_carousel_son][tm_carousel_son titlesize=\u00a0\u00bb0&Prime; line_height=\u00a0\u00bb0&Prime; image_id=\u00a0\u00bb5817&Prime;][\/tm_carousel_son][tm_carousel_son titlesize=\u00a0\u00bb0&Prime; line_height=\u00a0\u00bb0&Prime; image_id=\u00a0\u00bb18149&Prime;][\/tm_carousel_son][tm_carousel_son titlesize=\u00a0\u00bb0&Prime; line_height=\u00a0\u00bb0&Prime; image_id=\u00a0\u00bb5881&Prime;][\/tm_carousel_son][\/tm_carousel_father][vc_empty_space height=\u00a0\u00bb12px\u00a0\u00bb][\/vc_column][\/vc_row][vc_row&#8230;<\/p>\n","protected":false},"author":1,"featured_media":16565,"parent":0,"menu_order":0,"comment_status":"closed","ping_status":"closed","template":"","meta":{"footnotes":""},"class_list":["post-14945","page","type-page","status-publish","has-post-thumbnail","hentry"],"yoast_head":"<!-- This site is optimized with the Yoast SEO plugin v27.5 - https:\/\/yoast.com\/product\/yoast-seo-wordpress\/ -->\n<title>Gaufrage \u00e0 sec &#8211; Agpograf Impressors<\/title>\n<meta name=\"description\" content=\"Sp\u00e9cialistes en impression en gaufrage \u00e0 sec. Cartes de visite, emballages, invitations et couvertures de livres. Imprimerie offset et num\u00e9rique.\" \/>\n<meta name=\"robots\" content=\"index, follow, max-snippet:-1, max-image-preview:large, max-video-preview:-1\" \/>\n<link rel=\"canonical\" href=\"https:\/\/agpograf.com\/fr\/gravage-a-sec\/\" \/>\n<meta property=\"og:locale\" content=\"fr_FR\" \/>\n<meta property=\"og:type\" content=\"article\" \/>\n<meta property=\"og:title\" content=\"Gaufrage \u00e0 sec &#8211; Agpograf Impressors\" \/>\n<meta property=\"og:description\" content=\"Sp\u00e9cialistes en impression en gaufrage \u00e0 sec. Cartes de visite, emballages, invitations et couvertures de livres. Imprimerie offset et num\u00e9rique.\" \/>\n<meta property=\"og:url\" content=\"https:\/\/agpograf.com\/fr\/gravage-a-sec\/\" \/>\n<meta property=\"og:site_name\" content=\"Agpograf Impressors\" \/>\n<meta property=\"article:publisher\" content=\"https:\/\/www.facebook.com\/Agpograf\" \/>\n<meta property=\"article:modified_time\" content=\"2025-09-02T14:01:07+00:00\" \/>\n<meta property=\"og:image\" content=\"https:\/\/agpograf.com\/wp-content\/uploads\/2023\/07\/IMG_0641.jpg\" \/>\n\t<meta property=\"og:image:width\" content=\"1500\" \/>\n\t<meta property=\"og:image:height\" content=\"1000\" \/>\n\t<meta property=\"og:image:type\" content=\"image\/jpeg\" \/>\n<meta name=\"twitter:card\" content=\"summary_large_image\" \/>\n<meta name=\"twitter:label1\" content=\"Dur\u00e9e de lecture estim\u00e9e\" \/>\n\t<meta name=\"twitter:data1\" content=\"3 minutes\" \/>\n<script type=\"application\/ld+json\" class=\"yoast-schema-graph\">{\"@context\":\"https:\\\/\\\/schema.org\",\"@graph\":[{\"@type\":\"WebPage\",\"@id\":\"https:\\\/\\\/agpograf.com\\\/fr\\\/gravage-a-sec\\\/\",\"url\":\"https:\\\/\\\/agpograf.com\\\/fr\\\/gravage-a-sec\\\/\",\"name\":\"Gaufrage \u00e0 sec &#8211; Agpograf Impressors\",\"isPartOf\":{\"@id\":\"https:\\\/\\\/agpograf.com\\\/fr\\\/#website\"},\"primaryImageOfPage\":{\"@id\":\"https:\\\/\\\/agpograf.com\\\/fr\\\/gravage-a-sec\\\/#primaryimage\"},\"image\":{\"@id\":\"https:\\\/\\\/agpograf.com\\\/fr\\\/gravage-a-sec\\\/#primaryimage\"},\"thumbnailUrl\":\"https:\\\/\\\/agpograf.com\\\/wp-content\\\/uploads\\\/2023\\\/07\\\/IMG_0641.jpg\",\"datePublished\":\"2022-11-20T17:53:41+00:00\",\"dateModified\":\"2025-09-02T14:01:07+00:00\",\"description\":\"Sp\u00e9cialistes en impression en gaufrage \u00e0 sec. Cartes de visite, emballages, invitations et couvertures de livres. Imprimerie offset et num\u00e9rique.\",\"breadcrumb\":{\"@id\":\"https:\\\/\\\/agpograf.com\\\/fr\\\/gravage-a-sec\\\/#breadcrumb\"},\"inLanguage\":\"fr-FR\",\"potentialAction\":[{\"@type\":\"ReadAction\",\"target\":[\"https:\\\/\\\/agpograf.com\\\/fr\\\/gravage-a-sec\\\/\"]}]},{\"@type\":\"ImageObject\",\"inLanguage\":\"fr-FR\",\"@id\":\"https:\\\/\\\/agpograf.com\\\/fr\\\/gravage-a-sec\\\/#primaryimage\",\"url\":\"https:\\\/\\\/agpograf.com\\\/wp-content\\\/uploads\\\/2023\\\/07\\\/IMG_0641.jpg\",\"contentUrl\":\"https:\\\/\\\/agpograf.com\\\/wp-content\\\/uploads\\\/2023\\\/07\\\/IMG_0641.jpg\",\"width\":1500,\"height\":1000},{\"@type\":\"BreadcrumbList\",\"@id\":\"https:\\\/\\\/agpograf.com\\\/fr\\\/gravage-a-sec\\\/#breadcrumb\",\"itemListElement\":[{\"@type\":\"ListItem\",\"position\":1,\"name\":\"Inici\",\"item\":\"https:\\\/\\\/agpograf.com\\\/fr\\\/\"},{\"@type\":\"ListItem\",\"position\":2,\"name\":\"Gaufrage \u00e0 sec\"}]},{\"@type\":\"WebSite\",\"@id\":\"https:\\\/\\\/agpograf.com\\\/fr\\\/#website\",\"url\":\"https:\\\/\\\/agpograf.com\\\/fr\\\/\",\"name\":\"Agpograf Impressors\",\"description\":\"Printing your dreams\",\"publisher\":{\"@id\":\"https:\\\/\\\/agpograf.com\\\/fr\\\/#organization\"},\"potentialAction\":[{\"@type\":\"SearchAction\",\"target\":{\"@type\":\"EntryPoint\",\"urlTemplate\":\"https:\\\/\\\/agpograf.com\\\/fr\\\/?s={search_term_string}\"},\"query-input\":{\"@type\":\"PropertyValueSpecification\",\"valueRequired\":true,\"valueName\":\"search_term_string\"}}],\"inLanguage\":\"fr-FR\"},{\"@type\":\"Organization\",\"@id\":\"https:\\\/\\\/agpograf.com\\\/fr\\\/#organization\",\"name\":\"Agpograf Impressors\",\"url\":\"https:\\\/\\\/agpograf.com\\\/fr\\\/\",\"logo\":{\"@type\":\"ImageObject\",\"inLanguage\":\"fr-FR\",\"@id\":\"https:\\\/\\\/agpograf.com\\\/fr\\\/#\\\/schema\\\/logo\\\/image\\\/\",\"url\":\"https:\\\/\\\/www.agpograf.com\\\/wp-content\\\/uploads\\\/2020\\\/01\\\/Agpgoraf-Impressors-logo.png\",\"contentUrl\":\"https:\\\/\\\/www.agpograf.com\\\/wp-content\\\/uploads\\\/2020\\\/01\\\/Agpgoraf-Impressors-logo.png\",\"width\":601,\"height\":477,\"caption\":\"Agpograf Impressors\"},\"image\":{\"@id\":\"https:\\\/\\\/agpograf.com\\\/fr\\\/#\\\/schema\\\/logo\\\/image\\\/\"},\"sameAs\":[\"https:\\\/\\\/www.facebook.com\\\/Agpograf\",\"https:\\\/\\\/www.instagram.com\\\/agpograf_impressors\\\/\",\"https:\\\/\\\/www.linkedin.com\\\/company\\\/agpograf-impressors\\\/about\\\/\",\"https:\\\/\\\/www.youtube.com\\\/channel\\\/UC1vXUlhI2NeafCFLhfnrQXw\",\"https:\\\/\\\/www.behance.net\\\/agpografimpressors\"]}]}<\/script>\n<!-- \/ Yoast SEO plugin. -->","yoast_head_json":{"title":"Gaufrage \u00e0 sec &#8211; Agpograf Impressors","description":"Sp\u00e9cialistes en impression en gaufrage \u00e0 sec. Cartes de visite, emballages, invitations et couvertures de livres. Imprimerie offset et num\u00e9rique.","robots":{"index":"index","follow":"follow","max-snippet":"max-snippet:-1","max-image-preview":"max-image-preview:large","max-video-preview":"max-video-preview:-1"},"canonical":"https:\/\/agpograf.com\/fr\/gravage-a-sec\/","og_locale":"fr_FR","og_type":"article","og_title":"Gaufrage \u00e0 sec &#8211; Agpograf Impressors","og_description":"Sp\u00e9cialistes en impression en gaufrage \u00e0 sec. Cartes de visite, emballages, invitations et couvertures de livres. Imprimerie offset et num\u00e9rique.","og_url":"https:\/\/agpograf.com\/fr\/gravage-a-sec\/","og_site_name":"Agpograf Impressors","article_publisher":"https:\/\/www.facebook.com\/Agpograf","article_modified_time":"2025-09-02T14:01:07+00:00","og_image":[{"width":1500,"height":1000,"url":"https:\/\/agpograf.com\/wp-content\/uploads\/2023\/07\/IMG_0641.jpg","type":"image\/jpeg"}],"twitter_card":"summary_large_image","twitter_misc":{"Dur\u00e9e de lecture estim\u00e9e":"3 minutes"},"schema":{"@context":"https:\/\/schema.org","@graph":[{"@type":"WebPage","@id":"https:\/\/agpograf.com\/fr\/gravage-a-sec\/","url":"https:\/\/agpograf.com\/fr\/gravage-a-sec\/","name":"Gaufrage \u00e0 sec &#8211; Agpograf Impressors","isPartOf":{"@id":"https:\/\/agpograf.com\/fr\/#website"},"primaryImageOfPage":{"@id":"https:\/\/agpograf.com\/fr\/gravage-a-sec\/#primaryimage"},"image":{"@id":"https:\/\/agpograf.com\/fr\/gravage-a-sec\/#primaryimage"},"thumbnailUrl":"https:\/\/agpograf.com\/wp-content\/uploads\/2023\/07\/IMG_0641.jpg","datePublished":"2022-11-20T17:53:41+00:00","dateModified":"2025-09-02T14:01:07+00:00","description":"Sp\u00e9cialistes en impression en gaufrage \u00e0 sec. Cartes de visite, emballages, invitations et couvertures de livres. Imprimerie offset et num\u00e9rique.","breadcrumb":{"@id":"https:\/\/agpograf.com\/fr\/gravage-a-sec\/#breadcrumb"},"inLanguage":"fr-FR","potentialAction":[{"@type":"ReadAction","target":["https:\/\/agpograf.com\/fr\/gravage-a-sec\/"]}]},{"@type":"ImageObject","inLanguage":"fr-FR","@id":"https:\/\/agpograf.com\/fr\/gravage-a-sec\/#primaryimage","url":"https:\/\/agpograf.com\/wp-content\/uploads\/2023\/07\/IMG_0641.jpg","contentUrl":"https:\/\/agpograf.com\/wp-content\/uploads\/2023\/07\/IMG_0641.jpg","width":1500,"height":1000},{"@type":"BreadcrumbList","@id":"https:\/\/agpograf.com\/fr\/gravage-a-sec\/#breadcrumb","itemListElement":[{"@type":"ListItem","position":1,"name":"Inici","item":"https:\/\/agpograf.com\/fr\/"},{"@type":"ListItem","position":2,"name":"Gaufrage \u00e0 sec"}]},{"@type":"WebSite","@id":"https:\/\/agpograf.com\/fr\/#website","url":"https:\/\/agpograf.com\/fr\/","name":"Agpograf Impressors","description":"Printing your dreams","publisher":{"@id":"https:\/\/agpograf.com\/fr\/#organization"},"potentialAction":[{"@type":"SearchAction","target":{"@type":"EntryPoint","urlTemplate":"https:\/\/agpograf.com\/fr\/?s={search_term_string}"},"query-input":{"@type":"PropertyValueSpecification","valueRequired":true,"valueName":"search_term_string"}}],"inLanguage":"fr-FR"},{"@type":"Organization","@id":"https:\/\/agpograf.com\/fr\/#organization","name":"Agpograf Impressors","url":"https:\/\/agpograf.com\/fr\/","logo":{"@type":"ImageObject","inLanguage":"fr-FR","@id":"https:\/\/agpograf.com\/fr\/#\/schema\/logo\/image\/","url":"https:\/\/www.agpograf.com\/wp-content\/uploads\/2020\/01\/Agpgoraf-Impressors-logo.png","contentUrl":"https:\/\/www.agpograf.com\/wp-content\/uploads\/2020\/01\/Agpgoraf-Impressors-logo.png","width":601,"height":477,"caption":"Agpograf Impressors"},"image":{"@id":"https:\/\/agpograf.com\/fr\/#\/schema\/logo\/image\/"},"sameAs":["https:\/\/www.facebook.com\/Agpograf","https:\/\/www.instagram.com\/agpograf_impressors\/","https:\/\/www.linkedin.com\/company\/agpograf-impressors\/about\/","https:\/\/www.youtube.com\/channel\/UC1vXUlhI2NeafCFLhfnrQXw","https:\/\/www.behance.net\/agpografimpressors"]}]}},"_links":{"self":[{"href":"https:\/\/agpograf.com\/fr\/wp-json\/wp\/v2\/pages\/14945","targetHints":{"allow":["GET"]}}],"collection":[{"href":"https:\/\/agpograf.com\/fr\/wp-json\/wp\/v2\/pages"}],"about":[{"href":"https:\/\/agpograf.com\/fr\/wp-json\/wp\/v2\/types\/page"}],"author":[{"embeddable":true,"href":"https:\/\/agpograf.com\/fr\/wp-json\/wp\/v2\/users\/1"}],"replies":[{"embeddable":true,"href":"https:\/\/agpograf.com\/fr\/wp-json\/wp\/v2\/comments?post=14945"}],"version-history":[{"count":5,"href":"https:\/\/agpograf.com\/fr\/wp-json\/wp\/v2\/pages\/14945\/revisions"}],"predecessor-version":[{"id":28205,"href":"https:\/\/agpograf.com\/fr\/wp-json\/wp\/v2\/pages\/14945\/revisions\/28205"}],"wp:featuredmedia":[{"embeddable":true,"href":"https:\/\/agpograf.com\/fr\/wp-json\/wp\/v2\/media\/16565"}],"wp:attachment":[{"href":"https:\/\/agpograf.com\/fr\/wp-json\/wp\/v2\/media?parent=14945"}],"curies":[{"name":"wp","href":"https:\/\/api.w.org\/{rel}","templated":true}]}}