{"id":14918,"date":"2022-11-20T19:40:26","date_gmt":"2022-11-20T17:40:26","guid":{"rendered":"https:\/\/agpograf.cmsfacil.eu\/?page_id=14918"},"modified":"2025-09-02T15:52:11","modified_gmt":"2025-09-02T13:52:11","slug":"estampage-a-chaud","status":"publish","type":"page","link":"https:\/\/agpograf.com\/fr\/estampage-a-chaud\/","title":{"rendered":"Estampage \u00e0 chaud"},"content":{"rendered":"<div class=\"wpb-content-wrapper\"><p>[vc_row css_animation=\u00a0\u00bb\u00a0\u00bb row_type=\u00a0\u00bbrow\u00a0\u00bb use_row_as_full_screen_section=\u00a0\u00bbno\u00a0\u00bb type=\u00a0\u00bbfull_width\u00a0\u00bb angled_section=\u00a0\u00bbno\u00a0\u00bb text_align=\u00a0\u00bbleft\u00a0\u00bb background_image_as_pattern=\u00a0\u00bbwithout_pattern\u00a0\u00bb][vc_column][vc_empty_space height=\u00a0\u00bb35px\u00a0\u00bb][vc_column_text]<\/p>\n<h1 style=\"text-align: center;\">Estampage \u00e0 chaud<\/h1>\n<p>[\/vc_column_text][vc_empty_space height=\u00a0\u00bb45px\u00a0\u00bb][\/vc_column][\/vc_row][vc_row css_animation=\u00a0\u00bb\u00a0\u00bb row_type=\u00a0\u00bbrow\u00a0\u00bb use_row_as_full_screen_section=\u00a0\u00bbno\u00a0\u00bb type=\u00a0\u00bbfull_width\u00a0\u00bb angled_section=\u00a0\u00bbno\u00a0\u00bb text_align=\u00a0\u00bbleft\u00a0\u00bb background_image_as_pattern=\u00a0\u00bbwithout_pattern\u00a0\u00bb][vc_column offset=\u00a0\u00bbvc_hidden-sm vc_hidden-xs\u00a0\u00bb][tm_carousel_father theme=\u00a0\u00bbcontent-over-slider\u00a0\u00bb arrowclr=\u00a0\u00bb#FFFFFF\u00a0\u00bb dot=\u00a0\u00bbfalse\u00a0\u00bb][tm_carousel_son titlesize=\u00a0\u00bb0&Prime; line_height=\u00a0\u00bb0&Prime; image_id=\u00a0\u00bb16115&Prime;][\/tm_carousel_son][tm_carousel_son titlesize=\u00a0\u00bb0&Prime; line_height=\u00a0\u00bb0&Prime; image_id=\u00a0\u00bb6228&Prime;][\/tm_carousel_son][tm_carousel_son titlesize=\u00a0\u00bb0&Prime; line_height=\u00a0\u00bb0&Prime; image_id=\u00a0\u00bb6245&Prime;][\/tm_carousel_son][tm_carousel_son titlesize=\u00a0\u00bb0&Prime; line_height=\u00a0\u00bb0&Prime; image_id=\u00a0\u00bb5627&Prime;][\/tm_carousel_son][tm_carousel_son titlesize=\u00a0\u00bb0&Prime; line_height=\u00a0\u00bb0&Prime; image_id=\u00a0\u00bb6581&Prime;][\/tm_carousel_son][tm_carousel_son titlesize=\u00a0\u00bb0&Prime; line_height=\u00a0\u00bb0&Prime; image_id=\u00a0\u00bb6107&Prime;][\/tm_carousel_son][\/tm_carousel_father][vc_empty_space height=\u00a0\u00bb12px\u00a0\u00bb][\/vc_column][\/vc_row][vc_row css_animation=\u00a0\u00bb\u00a0\u00bb row_type=\u00a0\u00bbrow\u00a0\u00bb use_row_as_full_screen_section=\u00a0\u00bbno\u00a0\u00bb type=\u00a0\u00bbfull_width\u00a0\u00bb angled_section=\u00a0\u00bbno\u00a0\u00bb text_align=\u00a0\u00bbleft\u00a0\u00bb background_image_as_pattern=\u00a0\u00bbwithout_pattern\u00a0\u00bb][vc_column offset=\u00a0\u00bbvc_hidden-lg vc_hidden-md\u00a0\u00bb][vc_single_image image=\u00a0\u00bb11987&Prime; img_size=\u00a0\u00bbfull\u00a0\u00bb css=\u00a0\u00bb\u00a0\u00bb qode_css_animation=\u00a0\u00bb\u00a0\u00bb][vc_empty_space height=\u00a0\u00bb40px\u00a0\u00bb][\/vc_column][\/vc_row][vc_row css_animation=\u00a0\u00bb\u00a0\u00bb row_type=\u00a0\u00bbrow\u00a0\u00bb use_row_as_full_screen_section=\u00a0\u00bbno\u00a0\u00bb type=\u00a0\u00bbfull_width\u00a0\u00bb angled_section=\u00a0\u00bbno\u00a0\u00bb text_align=\u00a0\u00bbleft\u00a0\u00bb background_image_as_pattern=\u00a0\u00bbwithout_pattern\u00a0\u00bb][vc_column][vc_column_text css=\u00a0\u00bb\u00a0\u00bb]<\/p>\n<h2><strong>Agpograf, sp\u00e9cialistes en <em>stamping<\/em><\/strong><\/h2>\n<p>&nbsp;<\/p>\n<p>Chez Agpograf, nous soignons chaque projet dans les moindres d\u00e9tails, et le marquage \u00e0 chaud est l&rsquo;une des techniques les plus appr\u00e9ci\u00e9es pour apporter <strong>brillance, prestige et diff\u00e9renciation<\/strong>. Nous travaillons avec des films de la marque <strong>KURZ<\/strong>, r\u00e9f\u00e9rence mondiale en mati\u00e8re de qualit\u00e9 et d&rsquo;innovation dans le <em>stamping<\/em>, et nous proposons une large gamme de films : or, argent, couleurs m\u00e9talliques, holographiques et plus encore.[\/vc_column_text][\/vc_column][\/vc_row][vc_row css_animation=\u00a0\u00bb\u00a0\u00bb row_type=\u00a0\u00bbrow\u00a0\u00bb use_row_as_full_screen_section=\u00a0\u00bbno\u00a0\u00bb type=\u00a0\u00bbfull_width\u00a0\u00bb angled_section=\u00a0\u00bbno\u00a0\u00bb text_align=\u00a0\u00bbcenter\u00a0\u00bb background_image_as_pattern=\u00a0\u00bbwithout_pattern\u00a0\u00bb z_index=\u00a0\u00bb\u00a0\u00bb][vc_column][vc_empty_space height=\u00a0\u00bb50px\u00a0\u00bb]<a  itemprop=\"url\" href=\"https:\/\/agpograf.com\/fr\/contact\/\" target=\"_self\" data-hover-background-color=\"#F05B40\" data-hover-border-color=\"#F05B40\" data-hover-color=\"#FFFFFF\" class=\"qbutton  small center default\" style=\"color: #F05B40; border-color: #F05B40; background-color:#FFFFFF;\">DEMANDEZ PLUS D'INFORMATIONS<\/a>[vc_empty_space height=\u00a0\u00bb50px\u00a0\u00bb][\/vc_column][\/vc_row][vc_row css_animation=\u00a0\u00bb\u00a0\u00bb row_type=\u00a0\u00bbrow\u00a0\u00bb use_row_as_full_screen_section=\u00a0\u00bbno\u00a0\u00bb type=\u00a0\u00bbfull_width\u00a0\u00bb angled_section=\u00a0\u00bbno\u00a0\u00bb text_align=\u00a0\u00bbleft\u00a0\u00bb background_image_as_pattern=\u00a0\u00bbwithout_pattern\u00a0\u00bb][vc_column][vc_column_text css=\u00a0\u00bb\u00a0\u00bb]<\/p>\n<h2><strong>Qu&rsquo;est-ce que le <em>stamping<\/em> et ses avantages<\/strong><\/h2>\n<p>&nbsp;<\/p>\n<p>Le <strong>estampage \u00e0 chaud<\/strong> (\u00e9galement connu sous le nom de <strong>dorure \u00e0 chaud<\/strong>\u00a0ou <strong><em>hot foil stamping<\/em><\/strong>) consiste \u00e0 appliquer un film sur le support \u00e0 l&rsquo;aide de chaleur et de pression. Le r\u00e9sultat est une finition <strong>brillante et \u00e9l\u00e9gante<\/strong>, id\u00e9ale pour mettre en valeur logos, textes ou motifs graphiques.<\/p>\n<p>&nbsp;<\/p>\n<p><strong>Avantages du <em>stamping<\/em> :<\/strong><\/p>\n<p>&nbsp;<\/p>\n<ul>\n<li style=\"list-style-type: none;\">\n<ul>\n<li>Id\u00e9al pour des finitions haut de gamme : \u00e9l\u00e9gance et visibilit\u00e9.<\/li>\n<li>Large gamme de teintes : films dor\u00e9s, argent\u00e9s, noirs, color\u00e9s, nacr\u00e9s ou holographiques.<\/li>\n<li>Grande r\u00e9sistance et durabilit\u00e9. M\u00eame sur des surfaces rugueuses ou en relief.<\/li>\n<li>Compatible avec d&rsquo;autres techniques : comme le gaufrage \u00e0 sec ou le vernis s\u00e9lectif.<\/li>\n<li>Films KURZ : qualit\u00e9 maximale, d\u00e9finition et finitions innovantes.<\/li>\n<\/ul>\n<\/li>\n<\/ul>\n<p>&nbsp;<\/p>\n<p>&nbsp;<\/p>\n<h3><strong>Exemples d&rsquo;applications<\/strong><\/h3>\n<p>&nbsp;<\/p>\n<p>L&rsquo;estampage est parfait pour les projets visant \u00e0 captiver visuellement et \u00e0 transmettre l&rsquo;exclusivit\u00e9.<\/p>\n<p>&nbsp;<\/p>\n<p><strong>Applications courantes :<\/strong><\/p>\n<p>&nbsp;<\/p>\n<ul>\n<li style=\"list-style-type: none;\">\n<ul>\n<li>Cartes de visite ou invitations de luxe<\/li>\n<li>Emballages pour cosm\u00e9tiques, parfumerie ou produits gastronomiques<\/li>\n<li>Couvertures de livres et catalogues<\/li>\n<li>Classeurs et \u00e9l\u00e9ments corporatifs<\/li>\n<li>\u00c9tiquettes pour produits haut de gamme<\/li>\n<\/ul>\n<\/li>\n<\/ul>\n<p>&nbsp;<\/p>\n<p>Chez <a href=\"https:\/\/agpograf.com\/fr\/\">Agpograf<\/a>, nous vous conseillons pour trouver le film id\u00e9al et la meilleure fa\u00e7on de l&rsquo;appliquer \u00e0 votre projet. Faites briller votre marque gr\u00e2ce au <em>stamping<\/em>.[\/vc_column_text][\/vc_column][\/vc_row][vc_row css_animation=\u00a0\u00bb\u00a0\u00bb row_type=\u00a0\u00bbrow\u00a0\u00bb use_row_as_full_screen_section=\u00a0\u00bbno\u00a0\u00bb type=\u00a0\u00bbfull_width\u00a0\u00bb angled_section=\u00a0\u00bbno\u00a0\u00bb text_align=\u00a0\u00bbcenter\u00a0\u00bb background_image_as_pattern=\u00a0\u00bbwithout_pattern\u00a0\u00bb z_index=\u00a0\u00bb\u00a0\u00bb][vc_column][vc_empty_space height=\u00a0\u00bb50px\u00a0\u00bb]<a  itemprop=\"url\" href=\"https:\/\/agpograf.com\/fr\/contact\/\" target=\"_self\" data-hover-background-color=\"#F05B40\" data-hover-border-color=\"#F05B40\" data-hover-color=\"#FFFFFF\" class=\"qbutton  small center default\" style=\"color: #F05B40; border-color: #F05B40; background-color:#FFFFFF;\">DEMANDEZ PLUS D'INFORMATIONS<\/a>[vc_empty_space height=\u00a0\u00bb100px\u00a0\u00bb][\/vc_column][\/vc_row]<\/p>\n<\/div>","protected":false},"excerpt":{"rendered":"<p>[vc_row css_animation=\u00a0\u00bb\u00a0\u00bb row_type=\u00a0\u00bbrow\u00a0\u00bb use_row_as_full_screen_section=\u00a0\u00bbno\u00a0\u00bb type=\u00a0\u00bbfull_width\u00a0\u00bb angled_section=\u00a0\u00bbno\u00a0\u00bb text_align=\u00a0\u00bbleft\u00a0\u00bb background_image_as_pattern=\u00a0\u00bbwithout_pattern\u00a0\u00bb][vc_column][vc_empty_space height=\u00a0\u00bb35px\u00a0\u00bb][vc_column_text] Estampage \u00e0 chaud [\/vc_column_text][vc_empty_space height=\u00a0\u00bb45px\u00a0\u00bb][\/vc_column][\/vc_row][vc_row css_animation=\u00a0\u00bb\u00a0\u00bb row_type=\u00a0\u00bbrow\u00a0\u00bb use_row_as_full_screen_section=\u00a0\u00bbno\u00a0\u00bb type=\u00a0\u00bbfull_width\u00a0\u00bb angled_section=\u00a0\u00bbno\u00a0\u00bb text_align=\u00a0\u00bbleft\u00a0\u00bb background_image_as_pattern=\u00a0\u00bbwithout_pattern\u00a0\u00bb][vc_column offset=\u00a0\u00bbvc_hidden-sm vc_hidden-xs\u00a0\u00bb][tm_carousel_father theme=\u00a0\u00bbcontent-over-slider\u00a0\u00bb arrowclr=\u00a0\u00bb#FFFFFF\u00a0\u00bb dot=\u00a0\u00bbfalse\u00a0\u00bb][tm_carousel_son titlesize=\u00a0\u00bb0&Prime; line_height=\u00a0\u00bb0&Prime; image_id=\u00a0\u00bb16115&Prime;][\/tm_carousel_son][tm_carousel_son titlesize=\u00a0\u00bb0&Prime; line_height=\u00a0\u00bb0&Prime; image_id=\u00a0\u00bb6228&Prime;][\/tm_carousel_son][tm_carousel_son titlesize=\u00a0\u00bb0&Prime; line_height=\u00a0\u00bb0&Prime; image_id=\u00a0\u00bb6245&Prime;][\/tm_carousel_son][tm_carousel_son titlesize=\u00a0\u00bb0&Prime; line_height=\u00a0\u00bb0&Prime; image_id=\u00a0\u00bb5627&Prime;][\/tm_carousel_son][tm_carousel_son titlesize=\u00a0\u00bb0&Prime; line_height=\u00a0\u00bb0&Prime; image_id=\u00a0\u00bb6581&Prime;][\/tm_carousel_son][tm_carousel_son titlesize=\u00a0\u00bb0&Prime; line_height=\u00a0\u00bb0&Prime; image_id=\u00a0\u00bb6107&Prime;][\/tm_carousel_son][\/tm_carousel_father][vc_empty_space height=\u00a0\u00bb12px\u00a0\u00bb][\/vc_column][\/vc_row][vc_row&#8230;<\/p>\n","protected":false},"author":1,"featured_media":12170,"parent":0,"menu_order":0,"comment_status":"closed","ping_status":"closed","template":"","meta":{"footnotes":""},"class_list":["post-14918","page","type-page","status-publish","has-post-thumbnail","hentry"],"yoast_head":"<!-- This site is optimized with the Yoast SEO plugin v27.3 - https:\/\/yoast.com\/product\/yoast-seo-wordpress\/ -->\n<title>Estampage \u00e0 chaud &#8211; Agpograf Impressors<\/title>\n<meta name=\"description\" content=\"Imprimerie sp\u00e9cialis\u00e9e dans l\u2019estampage avec feuille KURZ. Finitions premium pour cartes de visite, emballages, couvertures et plus. D\u00e9couvrez l\u2019effet brillant chez Agpograf.\" \/>\n<meta name=\"robots\" content=\"index, follow, max-snippet:-1, max-image-preview:large, max-video-preview:-1\" \/>\n<link rel=\"canonical\" href=\"https:\/\/agpograf.com\/fr\/estampage-a-chaud\/\" \/>\n<meta property=\"og:locale\" content=\"fr_FR\" \/>\n<meta property=\"og:type\" content=\"article\" \/>\n<meta property=\"og:title\" content=\"Estampage \u00e0 chaud &#8211; Agpograf Impressors\" \/>\n<meta property=\"og:description\" content=\"Imprimerie sp\u00e9cialis\u00e9e dans l\u2019estampage avec feuille KURZ. Finitions premium pour cartes de visite, emballages, couvertures et plus. D\u00e9couvrez l\u2019effet brillant chez Agpograf.\" \/>\n<meta property=\"og:url\" content=\"https:\/\/agpograf.com\/fr\/estampage-a-chaud\/\" \/>\n<meta property=\"og:site_name\" content=\"Agpograf Impressors\" \/>\n<meta property=\"article:publisher\" content=\"https:\/\/www.facebook.com\/Agpograf\" \/>\n<meta property=\"article:modified_time\" content=\"2025-09-02T13:52:11+00:00\" \/>\n<meta property=\"og:image\" content=\"https:\/\/agpograf.com\/wp-content\/uploads\/2022\/04\/Estampacio-Agpograf.jpg\" \/>\n\t<meta property=\"og:image:width\" content=\"800\" \/>\n\t<meta property=\"og:image:height\" content=\"800\" \/>\n\t<meta property=\"og:image:type\" content=\"image\/jpeg\" \/>\n<meta name=\"twitter:card\" content=\"summary_large_image\" \/>\n<meta name=\"twitter:label1\" content=\"Dur\u00e9e de lecture estim\u00e9e\" \/>\n\t<meta name=\"twitter:data1\" content=\"3 minutes\" \/>\n<script type=\"application\/ld+json\" class=\"yoast-schema-graph\">{\"@context\":\"https:\\\/\\\/schema.org\",\"@graph\":[{\"@type\":\"WebPage\",\"@id\":\"https:\\\/\\\/agpograf.com\\\/fr\\\/estampage-a-chaud\\\/\",\"url\":\"https:\\\/\\\/agpograf.com\\\/fr\\\/estampage-a-chaud\\\/\",\"name\":\"Estampage \u00e0 chaud &#8211; Agpograf Impressors\",\"isPartOf\":{\"@id\":\"https:\\\/\\\/agpograf.com\\\/fr\\\/#website\"},\"primaryImageOfPage\":{\"@id\":\"https:\\\/\\\/agpograf.com\\\/fr\\\/estampage-a-chaud\\\/#primaryimage\"},\"image\":{\"@id\":\"https:\\\/\\\/agpograf.com\\\/fr\\\/estampage-a-chaud\\\/#primaryimage\"},\"thumbnailUrl\":\"https:\\\/\\\/agpograf.com\\\/wp-content\\\/uploads\\\/2022\\\/04\\\/Estampacio-Agpograf.jpg\",\"datePublished\":\"2022-11-20T17:40:26+00:00\",\"dateModified\":\"2025-09-02T13:52:11+00:00\",\"description\":\"Imprimerie sp\u00e9cialis\u00e9e dans l\u2019estampage avec feuille KURZ. Finitions premium pour cartes de visite, emballages, couvertures et plus. D\u00e9couvrez l\u2019effet brillant chez Agpograf.\",\"breadcrumb\":{\"@id\":\"https:\\\/\\\/agpograf.com\\\/fr\\\/estampage-a-chaud\\\/#breadcrumb\"},\"inLanguage\":\"fr-FR\",\"potentialAction\":[{\"@type\":\"ReadAction\",\"target\":[\"https:\\\/\\\/agpograf.com\\\/fr\\\/estampage-a-chaud\\\/\"]}]},{\"@type\":\"ImageObject\",\"inLanguage\":\"fr-FR\",\"@id\":\"https:\\\/\\\/agpograf.com\\\/fr\\\/estampage-a-chaud\\\/#primaryimage\",\"url\":\"https:\\\/\\\/agpograf.com\\\/wp-content\\\/uploads\\\/2022\\\/04\\\/Estampacio-Agpograf.jpg\",\"contentUrl\":\"https:\\\/\\\/agpograf.com\\\/wp-content\\\/uploads\\\/2022\\\/04\\\/Estampacio-Agpograf.jpg\",\"width\":800,\"height\":800},{\"@type\":\"BreadcrumbList\",\"@id\":\"https:\\\/\\\/agpograf.com\\\/fr\\\/estampage-a-chaud\\\/#breadcrumb\",\"itemListElement\":[{\"@type\":\"ListItem\",\"position\":1,\"name\":\"Inici\",\"item\":\"https:\\\/\\\/agpograf.com\\\/fr\\\/\"},{\"@type\":\"ListItem\",\"position\":2,\"name\":\"Estampage \u00e0 chaud\"}]},{\"@type\":\"WebSite\",\"@id\":\"https:\\\/\\\/agpograf.com\\\/fr\\\/#website\",\"url\":\"https:\\\/\\\/agpograf.com\\\/fr\\\/\",\"name\":\"Agpograf Impressors\",\"description\":\"Printing your dreams\",\"publisher\":{\"@id\":\"https:\\\/\\\/agpograf.com\\\/fr\\\/#organization\"},\"potentialAction\":[{\"@type\":\"SearchAction\",\"target\":{\"@type\":\"EntryPoint\",\"urlTemplate\":\"https:\\\/\\\/agpograf.com\\\/fr\\\/?s={search_term_string}\"},\"query-input\":{\"@type\":\"PropertyValueSpecification\",\"valueRequired\":true,\"valueName\":\"search_term_string\"}}],\"inLanguage\":\"fr-FR\"},{\"@type\":\"Organization\",\"@id\":\"https:\\\/\\\/agpograf.com\\\/fr\\\/#organization\",\"name\":\"Agpograf Impressors\",\"url\":\"https:\\\/\\\/agpograf.com\\\/fr\\\/\",\"logo\":{\"@type\":\"ImageObject\",\"inLanguage\":\"fr-FR\",\"@id\":\"https:\\\/\\\/agpograf.com\\\/fr\\\/#\\\/schema\\\/logo\\\/image\\\/\",\"url\":\"https:\\\/\\\/www.agpograf.com\\\/wp-content\\\/uploads\\\/2020\\\/01\\\/Agpgoraf-Impressors-logo.png\",\"contentUrl\":\"https:\\\/\\\/www.agpograf.com\\\/wp-content\\\/uploads\\\/2020\\\/01\\\/Agpgoraf-Impressors-logo.png\",\"width\":601,\"height\":477,\"caption\":\"Agpograf Impressors\"},\"image\":{\"@id\":\"https:\\\/\\\/agpograf.com\\\/fr\\\/#\\\/schema\\\/logo\\\/image\\\/\"},\"sameAs\":[\"https:\\\/\\\/www.facebook.com\\\/Agpograf\",\"https:\\\/\\\/www.instagram.com\\\/agpograf_impressors\\\/\",\"https:\\\/\\\/www.linkedin.com\\\/company\\\/agpograf-impressors\\\/about\\\/\",\"https:\\\/\\\/www.youtube.com\\\/channel\\\/UC1vXUlhI2NeafCFLhfnrQXw\",\"https:\\\/\\\/www.behance.net\\\/agpografimpressors\"]}]}<\/script>\n<!-- \/ Yoast SEO plugin. -->","yoast_head_json":{"title":"Estampage \u00e0 chaud &#8211; Agpograf Impressors","description":"Imprimerie sp\u00e9cialis\u00e9e dans l\u2019estampage avec feuille KURZ. Finitions premium pour cartes de visite, emballages, couvertures et plus. D\u00e9couvrez l\u2019effet brillant chez Agpograf.","robots":{"index":"index","follow":"follow","max-snippet":"max-snippet:-1","max-image-preview":"max-image-preview:large","max-video-preview":"max-video-preview:-1"},"canonical":"https:\/\/agpograf.com\/fr\/estampage-a-chaud\/","og_locale":"fr_FR","og_type":"article","og_title":"Estampage \u00e0 chaud &#8211; Agpograf Impressors","og_description":"Imprimerie sp\u00e9cialis\u00e9e dans l\u2019estampage avec feuille KURZ. Finitions premium pour cartes de visite, emballages, couvertures et plus. D\u00e9couvrez l\u2019effet brillant chez Agpograf.","og_url":"https:\/\/agpograf.com\/fr\/estampage-a-chaud\/","og_site_name":"Agpograf Impressors","article_publisher":"https:\/\/www.facebook.com\/Agpograf","article_modified_time":"2025-09-02T13:52:11+00:00","og_image":[{"width":800,"height":800,"url":"https:\/\/agpograf.com\/wp-content\/uploads\/2022\/04\/Estampacio-Agpograf.jpg","type":"image\/jpeg"}],"twitter_card":"summary_large_image","twitter_misc":{"Dur\u00e9e de lecture estim\u00e9e":"3 minutes"},"schema":{"@context":"https:\/\/schema.org","@graph":[{"@type":"WebPage","@id":"https:\/\/agpograf.com\/fr\/estampage-a-chaud\/","url":"https:\/\/agpograf.com\/fr\/estampage-a-chaud\/","name":"Estampage \u00e0 chaud &#8211; Agpograf Impressors","isPartOf":{"@id":"https:\/\/agpograf.com\/fr\/#website"},"primaryImageOfPage":{"@id":"https:\/\/agpograf.com\/fr\/estampage-a-chaud\/#primaryimage"},"image":{"@id":"https:\/\/agpograf.com\/fr\/estampage-a-chaud\/#primaryimage"},"thumbnailUrl":"https:\/\/agpograf.com\/wp-content\/uploads\/2022\/04\/Estampacio-Agpograf.jpg","datePublished":"2022-11-20T17:40:26+00:00","dateModified":"2025-09-02T13:52:11+00:00","description":"Imprimerie sp\u00e9cialis\u00e9e dans l\u2019estampage avec feuille KURZ. Finitions premium pour cartes de visite, emballages, couvertures et plus. D\u00e9couvrez l\u2019effet brillant chez Agpograf.","breadcrumb":{"@id":"https:\/\/agpograf.com\/fr\/estampage-a-chaud\/#breadcrumb"},"inLanguage":"fr-FR","potentialAction":[{"@type":"ReadAction","target":["https:\/\/agpograf.com\/fr\/estampage-a-chaud\/"]}]},{"@type":"ImageObject","inLanguage":"fr-FR","@id":"https:\/\/agpograf.com\/fr\/estampage-a-chaud\/#primaryimage","url":"https:\/\/agpograf.com\/wp-content\/uploads\/2022\/04\/Estampacio-Agpograf.jpg","contentUrl":"https:\/\/agpograf.com\/wp-content\/uploads\/2022\/04\/Estampacio-Agpograf.jpg","width":800,"height":800},{"@type":"BreadcrumbList","@id":"https:\/\/agpograf.com\/fr\/estampage-a-chaud\/#breadcrumb","itemListElement":[{"@type":"ListItem","position":1,"name":"Inici","item":"https:\/\/agpograf.com\/fr\/"},{"@type":"ListItem","position":2,"name":"Estampage \u00e0 chaud"}]},{"@type":"WebSite","@id":"https:\/\/agpograf.com\/fr\/#website","url":"https:\/\/agpograf.com\/fr\/","name":"Agpograf Impressors","description":"Printing your dreams","publisher":{"@id":"https:\/\/agpograf.com\/fr\/#organization"},"potentialAction":[{"@type":"SearchAction","target":{"@type":"EntryPoint","urlTemplate":"https:\/\/agpograf.com\/fr\/?s={search_term_string}"},"query-input":{"@type":"PropertyValueSpecification","valueRequired":true,"valueName":"search_term_string"}}],"inLanguage":"fr-FR"},{"@type":"Organization","@id":"https:\/\/agpograf.com\/fr\/#organization","name":"Agpograf Impressors","url":"https:\/\/agpograf.com\/fr\/","logo":{"@type":"ImageObject","inLanguage":"fr-FR","@id":"https:\/\/agpograf.com\/fr\/#\/schema\/logo\/image\/","url":"https:\/\/www.agpograf.com\/wp-content\/uploads\/2020\/01\/Agpgoraf-Impressors-logo.png","contentUrl":"https:\/\/www.agpograf.com\/wp-content\/uploads\/2020\/01\/Agpgoraf-Impressors-logo.png","width":601,"height":477,"caption":"Agpograf Impressors"},"image":{"@id":"https:\/\/agpograf.com\/fr\/#\/schema\/logo\/image\/"},"sameAs":["https:\/\/www.facebook.com\/Agpograf","https:\/\/www.instagram.com\/agpograf_impressors\/","https:\/\/www.linkedin.com\/company\/agpograf-impressors\/about\/","https:\/\/www.youtube.com\/channel\/UC1vXUlhI2NeafCFLhfnrQXw","https:\/\/www.behance.net\/agpografimpressors"]}]}},"_links":{"self":[{"href":"https:\/\/agpograf.com\/fr\/wp-json\/wp\/v2\/pages\/14918","targetHints":{"allow":["GET"]}}],"collection":[{"href":"https:\/\/agpograf.com\/fr\/wp-json\/wp\/v2\/pages"}],"about":[{"href":"https:\/\/agpograf.com\/fr\/wp-json\/wp\/v2\/types\/page"}],"author":[{"embeddable":true,"href":"https:\/\/agpograf.com\/fr\/wp-json\/wp\/v2\/users\/1"}],"replies":[{"embeddable":true,"href":"https:\/\/agpograf.com\/fr\/wp-json\/wp\/v2\/comments?post=14918"}],"version-history":[{"count":6,"href":"https:\/\/agpograf.com\/fr\/wp-json\/wp\/v2\/pages\/14918\/revisions"}],"predecessor-version":[{"id":28198,"href":"https:\/\/agpograf.com\/fr\/wp-json\/wp\/v2\/pages\/14918\/revisions\/28198"}],"wp:featuredmedia":[{"embeddable":true,"href":"https:\/\/agpograf.com\/fr\/wp-json\/wp\/v2\/media\/12170"}],"wp:attachment":[{"href":"https:\/\/agpograf.com\/fr\/wp-json\/wp\/v2\/media?parent=14918"}],"curies":[{"name":"wp","href":"https:\/\/api.w.org\/{rel}","templated":true}]}}