{"id":13721,"date":"2021-07-08T09:06:38","date_gmt":"2021-07-08T07:06:38","guid":{"rendered":"https:\/\/agpograf.cmsfacil.eu\/?page_id=13721"},"modified":"2025-05-27T08:59:55","modified_gmt":"2025-05-27T06:59:55","slug":"durabilite-et-code-de-conduite","status":"publish","type":"page","link":"https:\/\/agpograf.com\/fr\/durabilite-et-code-de-conduite\/","title":{"rendered":"D\u00e9claration de durabilit\u00e9 et code de conduite"},"content":{"rendered":"<div class=\"wpb-content-wrapper\"><p>[vc_row row_type=\u00a0\u00bbparallax\u00a0\u00bb parallax_content_width=\u00a0\u00bbin_grid\u00a0\u00bb text_align=\u00a0\u00bbcenter\u00a0\u00bb full_screen_section_height=\u00a0\u00bbno\u00a0\u00bb background_image=\u00a0\u00bb13195&Prime;][vc_column parallax=\u00a0\u00bbcontent-moving\u00a0\u00bb parallax_speed_bg=\u00a0\u00bb2&Prime;][vc_row_inner row_type=\u00a0\u00bbrow\u00a0\u00bb type=\u00a0\u00bbfull_width\u00a0\u00bb text_align=\u00a0\u00bbcenter\u00a0\u00bb css_animation=\u00a0\u00bbelement_from_bottom\u00a0\u00bb][vc_column_inner offset=\u00a0\u00bbvc_hidden-sm vc_hidden-xs\u00a0\u00bb][vc_empty_space height=\u00a0\u00bb230px\u00a0\u00bb][vc_column_text]<\/p>\n<h1 style=\"text-align: center;\"><span style=\"color: #ffffff;\">D\u00e9claration de durabilit\u00e9<br \/>\net code de conduite<\/span><\/h1>\n<p>[\/vc_column_text][vc_empty_space height=\u00a0\u00bb230px\u00a0\u00bb][\/vc_column_inner][\/vc_row_inner][vc_row_inner row_type=\u00a0\u00bbrow\u00a0\u00bb type=\u00a0\u00bbfull_width\u00a0\u00bb text_align=\u00a0\u00bbleft\u00a0\u00bb css_animation=\u00a0\u00bbelement_from_bottom\u00a0\u00bb][vc_column_inner offset=\u00a0\u00bbvc_hidden-lg vc_hidden-md\u00a0\u00bb][vc_empty_space height=\u00a0\u00bb120px\u00a0\u00bb][vc_column_text]<\/p>\n<h1 style=\"text-align: center;\"><span style=\"color: #ffffff;\">D\u00e9claration de durabilit\u00e9<br \/>\net code de conduite<\/span><\/h1>\n<p>[\/vc_column_text][vc_empty_space height=\u00a0\u00bb120px\u00a0\u00bb][\/vc_column_inner][\/vc_row_inner][\/vc_column][\/vc_row][vc_row css_animation=\u00a0\u00bb\u00a0\u00bb row_type=\u00a0\u00bbrow\u00a0\u00bb use_row_as_full_screen_section=\u00a0\u00bbno\u00a0\u00bb type=\u00a0\u00bbgrid\u00a0\u00bb angled_section=\u00a0\u00bbno\u00a0\u00bb text_align=\u00a0\u00bbleft\u00a0\u00bb background_image_as_pattern=\u00a0\u00bbwithout_pattern\u00a0\u00bb z_index=\u00a0\u00bb\u00a0\u00bb][vc_column][vc_separator type=\u00a0\u00bbtransparent\u00a0\u00bb thickness=\u00a0\u00bb30&Prime;][vc_column_text css=\u00a0\u00bb\u00a0\u00bb]<strong>DOC 5.2.2 <\/strong><br \/>\n<strong>Date: 06\/11\/2024<\/strong>[\/vc_column_text][vc_separator type=\u00a0\u00bbtransparent\u00a0\u00bb thickness=\u00a0\u00bb15&Prime;][vc_column_text]<strong>Activit\u00e9<\/strong><\/p>\n<p>Commercialisation et fabrication de produits graphiques d\u00e9veloppant des proc\u00e9d\u00e9s de pr\u00e9-impression, d&rsquo;impression offset et num\u00e9rique, de manipulation et de finition. L&rsquo;entreprise est situ\u00e9e \u00e0 Barcelone, c\/ <span class=\"Apple-converted-space\">de la Mare de D\u00e9u de Montserrat 154<\/span>.[\/vc_column_text][vc_separator type=\u00a0\u00bbtransparent\u00a0\u00bb thickness=\u00a0\u00bb15&Prime;][vc_column_text]<\/p>\n<h3>Valeurs<\/h3>\n<p>[\/vc_column_text][vc_separator type=\u00a0\u00bbtransparent\u00a0\u00bb thickness=\u00a0\u00bb15&Prime;][vc_column_text]<strong>Int\u00e9grit\u00e9<\/strong><\/p>\n<p>Atteindre nos objectifs d&rsquo;affaires en exer\u00e7ant une gestion \u00e9thique et transparente et faire grandir l&rsquo;organisation en se conformant \u00e0 notre mission, notre vision et nos valeurs.<\/p>\n<p>&nbsp;<\/p>\n<p><strong>Orientation du client<\/strong><\/p>\n<p>Offrir un service efficace et de qualit\u00e9, dans le but de satisfaire pleinement les attentes de nos clients et travailler \u00e0 int\u00e9grer l&rsquo;am\u00e9lioration continue dans notre gestion et l&rsquo;excellence dans nos services.<\/p>\n<p>&nbsp;<\/p>\n<p><strong>Engagement envers nos professionnels<\/strong><\/p>\n<p>Eencourager l&rsquo;implication et la participation de nos professionnels, garantir un environnement de travail s\u00fbr et sain, partager les connaissances et les objectifs et valoriser leurs id\u00e9es et contributions.<\/p>\n<p>&nbsp;<\/p>\n<p><strong>Implication avec le territoire et la communaut\u00e9 locale <\/strong><\/p>\n<p>Travailler pour g\u00e9n\u00e9rer un impact social positif dans notre environnement le plus proche, en recherchant des synergies et des collaborations et en garantissant l&rsquo;\u00e9quilibre de notre activit\u00e9 avec le bien-\u00eatre de la communaut\u00e9 locale.<\/p>\n<p>&nbsp;<\/p>\n<p><strong>Respect de l&rsquo;environnement et promotion de la durabilit\u00e9 environnementale<\/strong><\/p>\n<p>Int\u00e9grer la gestion de l&rsquo;environnement dans nos services, en garantissant la pr\u00e9servation de l&rsquo;environnement par des pratiques durables et respectueuses de l&rsquo;environnement et l&rsquo;implication de la n\u00f4tre.[\/vc_column_text][vc_separator type=\u00a0\u00bbtransparent\u00a0\u00bb thickness=\u00a0\u00bb40&Prime;][vc_column_text]<\/p>\n<h3>Mission<\/h3>\n<p>[\/vc_column_text][vc_separator type=\u00a0\u00bbtransparent\u00a0\u00bb thickness=\u00a0\u00bb15&Prime;][vc_column_text]Offrir un service efficace et de qualit\u00e9 pour satisfaire les besoins et le bien-\u00eatre de nos clients, avec l&rsquo;implication de notre \u00e9quipe de professionnels, en \u00e9tant une entreprise ancr\u00e9e dans le territoire et engag\u00e9e dans l&rsquo;innovation et la durabilit\u00e9.[\/vc_column_text][vc_separator type=\u00a0\u00bbtransparent\u00a0\u00bb thickness=\u00a0\u00bb40&Prime;][vc_column_text]<\/p>\n<h3>Vision<\/h3>\n<p>[\/vc_column_text][vc_separator type=\u00a0\u00bbtransparent\u00a0\u00bb thickness=\u00a0\u00bb15&Prime;][vc_column_text]\u00catre une entreprise leader sur le territoire, reconnue pour son int\u00e9grit\u00e9, pour l&rsquo;excellence du service client\u00e8le et pour sa contribution au d\u00e9veloppement durable de la soci\u00e9t\u00e9 \u00e0 l&rsquo;\u00e9chelle locale et mondiale.[\/vc_column_text][vc_separator type=\u00a0\u00bbtransparent\u00a0\u00bb thickness=\u00a0\u00bb40&Prime;][vc_column_text]<\/p>\n<h3>Respect et non-discrimination des personnes<\/h3>\n<p>[\/vc_column_text][vc_separator type=\u00a0\u00bbtransparent\u00a0\u00bb thickness=\u00a0\u00bb15&Prime;][vc_column_text]Aucun employ\u00e9 de l&rsquo;entreprise n&rsquo;est discrimin\u00e9 en raison de son origine, de son sexe, de sa condition sociale, de sa religion ou de son id\u00e9ologie.<\/p>\n<p>Les comportements d&rsquo;intimidation ou de harc\u00e8lement ne seront pas tol\u00e9r\u00e9s.<\/p>\n<p>Le personnel sait que l&rsquo;entreprise est r\u00e9gie par l&rsquo;\u00e9galit\u00e9 des chances, valorisant le professionnalisme, la progression de la personne et la r\u00e9alisation des objectifs.[\/vc_column_text][vc_separator type=\u00a0\u00bbtransparent\u00a0\u00bb thickness=\u00a0\u00bb40&Prime;][vc_column_text]<\/p>\n<h3>Politique de durabilit\u00e9<\/h3>\n<p>[\/vc_column_text][vc_separator type=\u00a0\u00bbtransparent\u00a0\u00bb thickness=\u00a0\u00bb15&Prime;][vc_column_text]<\/p>\n<p>Engagement pour la protection et le respect de l&rsquo;environnement, en obtenant l&rsquo;am\u00e9lioration continue des syst\u00e8mes de gestion de la qualit\u00e9 ISO 9001:2015, environnement 14001:2015 et cha\u00eene de contr\u00f4le FSC<sup>\u00ae<\/sup> (FSC-C104592) et PEFC (PEFC\/14-38-00083), d\u00e9j\u00e0 certifi\u00e9s.<\/p>\n<p>Utilisation efficace des ressources naturelles.<\/p>\n<p>\u00c9limination ou minimisation des impacts n\u00e9gatifs des aspects environnementaux.<\/p>\n<p>Entretien et conservation de l&rsquo;infrastructure.[\/vc_column_text][vc_separator type=\u00a0\u00bbtransparent\u00a0\u00bb thickness=\u00a0\u00bb40&Prime;][vc_column_text]<\/p>\n<h3>\u00c9thique dans les affaires<\/h3>\n<p>[\/vc_column_text][vc_separator type=\u00a0\u00bbtransparent\u00a0\u00bb thickness=\u00a0\u00bb15&Prime;][vc_column_text]<strong>Compr\u00e9hension des besoins et des attentes des parties prenantes<\/strong><\/p>\n<p>Personnel<\/p>\n<p>Clients et fournisseurs<\/p>\n<p>Comp\u00e9tence<\/p>\n<p>Administrations publiques[\/vc_column_text][vc_separator type=\u00a0\u00bbtransparent\u00a0\u00bb thickness=\u00a0\u00bb15&Prime;][vc_column_text]<strong>Personnel<\/strong><\/p>\n<p>Les travailleurs peuvent librement s&rsquo;associer, choisir leurs repr\u00e9sentants et n\u00e9gocier collectivement avec l&rsquo;entreprise.<\/p>\n<p>L&rsquo;entreprise fournit et maintient un environnement de travail appropri\u00e9, tenant compte des facteurs sociaux, psychologiques et physiques<\/p>\n<p>Les travailleurs en dessous de l&rsquo;\u00e2ge minimum l\u00e9gal ne sont pas embauch\u00e9s.<\/p>\n<p>Veiller \u00e0 ce que les conditions de travail ne mettent pas en danger la s\u00e9curit\u00e9 et la sant\u00e9 des travailleurs.<\/p>\n<p>Respect de la r\u00e9glementation en vigueur relative \u00e0 la protection des personnes physiques en ce qui concerne le traitement des donn\u00e9es personnelles et \u00e0 la libre circulation de ces donn\u00e9es.<\/p>\n<p>AGPOGRAF rejette tout type de travail forc\u00e9 ou obligatoire.<\/p>\n<p>Toutes les relations avec le personnel employ\u00e9 sont volontaires et bas\u00e9es sur le consentement mutuel.<\/p>\n<p>AGPOGRAF s&rsquo;engage \u00e0 assurer une juste r\u00e9mun\u00e9ration \u00e9conomique aux travailleurs conform\u00e9ment \u00e0 la loi applicable, li\u00e9e aux conditions de m\u00e9rite et de capacit\u00e9.<\/p>\n<p>AGPOGRAF s\u2019engage \u00e9galement \u00e0 respecter la loi applicable en mati\u00e8re d&rsquo;heures de travail, y compris les heures suppl\u00e9mentaires.[\/vc_column_text][vc_separator type=\u00a0\u00bbtransparent\u00a0\u00bb thickness=\u00a0\u00bb15&Prime;][vc_column_text]<strong>Anti-corruption, anti-pots-de-vin et \u00e9thique des affaires<\/strong><\/p>\n<p>Respect de la politique anti-corruption et anti-pots-de-vin, obligatoire pour tout le personnel de l&rsquo;entreprise.<\/p>\n<p>Limitation de l&rsquo;offre et de la r\u00e9ception de cadeaux, faveurs personnelles et autres formes de r\u00e9mun\u00e9ration dans toute relation commerciale ou institutionnelle.<\/p>\n<p>\u00c9viter toute conduite qui pourrait \u00eatre consid\u00e9r\u00e9e comme de la corruption.<\/p>\n<p>Respect des exigences l\u00e9gales en vigueur dans les op\u00e9rations et activit\u00e9s de lutte contre la corruption.<\/p>\n<p>Respect du code d&rsquo;\u00e9thique en affaires au niveau institutionnel et aussi au niveau des personnes dans l&rsquo;organisation.[\/vc_column_text][vc_separator type=\u00a0\u00bbtransparent\u00a0\u00bb thickness=\u00a0\u00bb15&Prime;][vc_column_text]<strong>Engagement envers les valeurs FSC<sup>\u00ae<\/sup>\u00a0(FSC-C104592)\u00a0<\/strong><\/p>\n<p>L&rsquo;organisation d\u00e9clare qu&rsquo;elle n&rsquo;exerce ni directement ni indirectement aucune des activit\u00e9s suivantes\u00a0:<\/p>\n<p>Acquisition de mat\u00e9riaux provenant de bois non contr\u00f4l\u00e9s ou ill\u00e9gaux.<\/p>\n<p>Violation des droits humains dans les op\u00e9rations li\u00e9es \u00e0 l&rsquo;industrie foresti\u00e8re.<\/p>\n<p>Modification de tout sous-processus li\u00e9 au processus de transformation des produits forestiers.<\/p>\n<p>Introduction de modifications g\u00e9n\u00e9tiques dans les op\u00e9rations de transformation foresti\u00e8re.<\/p>\n<p>Violation des principes fondamentaux de l&rsquo;OIT convenus dans la convention de 1998.<\/p>\n<p>[\/vc_column_text][vc_separator type=\u00a0\u00bbtransparent\u00a0\u00bb thickness=\u00a0\u00bb60&Prime;][vc_column_text]<\/p>\n<h3><strong>Politique de responsabilit\u00e9 sociale<\/strong><\/h3>\n<p>[\/vc_column_text][vc_column_text]<\/p>\n<p class=\"p2\"><a href=\"https:\/\/agpograf.com\/wp-content\/uploads\/2023\/06\/DOC.-5.2.3-PoliticaRS-frances.pdf\" target=\"_blank\" rel=\"noopener\">Consultez notre politique de responsabilit\u00e9 sociale.<\/a><\/p>\n<p>[\/vc_column_text][vc_separator type=\u00a0\u00bbtransparent\u00a0\u00bb thickness=\u00a0\u00bb60&Prime;][\/vc_column][\/vc_row]<\/p>\n<\/div>","protected":false},"excerpt":{"rendered":"<p>[vc_row row_type=\u00a0\u00bbparallax\u00a0\u00bb parallax_content_width=\u00a0\u00bbin_grid\u00a0\u00bb text_align=\u00a0\u00bbcenter\u00a0\u00bb full_screen_section_height=\u00a0\u00bbno\u00a0\u00bb background_image=\u00a0\u00bb13195&Prime;][vc_column parallax=\u00a0\u00bbcontent-moving\u00a0\u00bb parallax_speed_bg=\u00a0\u00bb2&Prime;][vc_row_inner row_type=\u00a0\u00bbrow\u00a0\u00bb type=\u00a0\u00bbfull_width\u00a0\u00bb text_align=\u00a0\u00bbcenter\u00a0\u00bb css_animation=\u00a0\u00bbelement_from_bottom\u00a0\u00bb][vc_column_inner offset=\u00a0\u00bbvc_hidden-sm vc_hidden-xs\u00a0\u00bb][vc_empty_space height=\u00a0\u00bb230px\u00a0\u00bb][vc_column_text] D\u00e9claration de durabilit\u00e9 et code de conduite [\/vc_column_text][vc_empty_space height=\u00a0\u00bb230px\u00a0\u00bb][\/vc_column_inner][\/vc_row_inner][vc_row_inner row_type=\u00a0\u00bbrow\u00a0\u00bb type=\u00a0\u00bbfull_width\u00a0\u00bb text_align=\u00a0\u00bbleft\u00a0\u00bb css_animation=\u00a0\u00bbelement_from_bottom\u00a0\u00bb][vc_column_inner offset=\u00a0\u00bbvc_hidden-lg vc_hidden-md\u00a0\u00bb][vc_empty_space height=\u00a0\u00bb120px\u00a0\u00bb][vc_column_text] D\u00e9claration de durabilit\u00e9 et code de conduite [\/vc_column_text][vc_empty_space height=\u00a0\u00bb120px\u00a0\u00bb][\/vc_column_inner][\/vc_row_inner][\/vc_column][\/vc_row][vc_row css_animation=\u00a0\u00bb\u00a0\u00bb row_type=\u00a0\u00bbrow\u00a0\u00bb use_row_as_full_screen_section=\u00a0\u00bbno\u00a0\u00bb type=\u00a0\u00bbgrid\u00a0\u00bb angled_section=\u00a0\u00bbno\u00a0\u00bb&#8230;<\/p>\n","protected":false},"author":1,"featured_media":0,"parent":0,"menu_order":0,"comment_status":"closed","ping_status":"closed","template":"full_width.php","meta":{"footnotes":""},"class_list":["post-13721","page","type-page","status-publish","hentry"],"yoast_head":"<!-- This site is optimized with the Yoast SEO plugin v27.3 - https:\/\/yoast.com\/product\/yoast-seo-wordpress\/ -->\n<title>D\u00e9claration de durabilit\u00e9 et code de conduite &#8211; Agpograf Impressors<\/title>\n<meta name=\"robots\" content=\"noindex, follow\" \/>\n<meta property=\"og:locale\" content=\"fr_FR\" \/>\n<meta property=\"og:type\" content=\"article\" \/>\n<meta property=\"og:title\" content=\"D\u00e9claration de durabilit\u00e9 et code de conduite &#8211; Agpograf Impressors\" \/>\n<meta property=\"og:description\" content=\"[vc_row row_type=\u00a0\u00bbparallax\u00a0\u00bb parallax_content_width=\u00a0\u00bbin_grid\u00a0\u00bb text_align=\u00a0\u00bbcenter\u00a0\u00bb full_screen_section_height=\u00a0\u00bbno\u00a0\u00bb background_image=\u00a0\u00bb13195&Prime;][vc_column parallax=\u00a0\u00bbcontent-moving\u00a0\u00bb parallax_speed_bg=\u00a0\u00bb2&Prime;][vc_row_inner row_type=\u00a0\u00bbrow\u00a0\u00bb type=\u00a0\u00bbfull_width\u00a0\u00bb text_align=\u00a0\u00bbcenter\u00a0\u00bb css_animation=\u00a0\u00bbelement_from_bottom\u00a0\u00bb][vc_column_inner offset=\u00a0\u00bbvc_hidden-sm vc_hidden-xs\u00a0\u00bb][vc_empty_space height=\u00a0\u00bb230px\u00a0\u00bb][vc_column_text] D\u00e9claration de durabilit\u00e9 et code de conduite [\/vc_column_text][vc_empty_space height=\u00a0\u00bb230px\u00a0\u00bb][\/vc_column_inner][\/vc_row_inner][vc_row_inner row_type=\u00a0\u00bbrow\u00a0\u00bb type=\u00a0\u00bbfull_width\u00a0\u00bb text_align=\u00a0\u00bbleft\u00a0\u00bb css_animation=\u00a0\u00bbelement_from_bottom\u00a0\u00bb][vc_column_inner offset=\u00a0\u00bbvc_hidden-lg vc_hidden-md\u00a0\u00bb][vc_empty_space height=\u00a0\u00bb120px\u00a0\u00bb][vc_column_text] D\u00e9claration de durabilit\u00e9 et code de conduite [\/vc_column_text][vc_empty_space height=\u00a0\u00bb120px\u00a0\u00bb][\/vc_column_inner][\/vc_row_inner][\/vc_column][\/vc_row][vc_row css_animation=\u00a0\u00bb\u00a0\u00bb row_type=\u00a0\u00bbrow\u00a0\u00bb use_row_as_full_screen_section=\u00a0\u00bbno\u00a0\u00bb type=\u00a0\u00bbgrid\u00a0\u00bb angled_section=\u00a0\u00bbno\u00a0\u00bb...\" \/>\n<meta property=\"og:url\" content=\"https:\/\/agpograf.com\/fr\/durabilite-et-code-de-conduite\/\" \/>\n<meta property=\"og:site_name\" content=\"Agpograf Impressors\" \/>\n<meta property=\"article:publisher\" content=\"https:\/\/www.facebook.com\/Agpograf\" \/>\n<meta property=\"article:modified_time\" content=\"2025-05-27T06:59:55+00:00\" \/>\n<meta name=\"twitter:card\" content=\"summary_large_image\" \/>\n<meta name=\"twitter:label1\" content=\"Dur\u00e9e de lecture estim\u00e9e\" \/>\n\t<meta name=\"twitter:data1\" content=\"5 minutes\" \/>\n<script type=\"application\/ld+json\" class=\"yoast-schema-graph\">{\"@context\":\"https:\\\/\\\/schema.org\",\"@graph\":[{\"@type\":\"WebPage\",\"@id\":\"https:\\\/\\\/agpograf.com\\\/fr\\\/durabilite-et-code-de-conduite\\\/\",\"url\":\"https:\\\/\\\/agpograf.com\\\/fr\\\/durabilite-et-code-de-conduite\\\/\",\"name\":\"D\u00e9claration de durabilit\u00e9 et code de conduite &#8211; Agpograf Impressors\",\"isPartOf\":{\"@id\":\"https:\\\/\\\/agpograf.com\\\/fr\\\/#website\"},\"datePublished\":\"2021-07-08T07:06:38+00:00\",\"dateModified\":\"2025-05-27T06:59:55+00:00\",\"breadcrumb\":{\"@id\":\"https:\\\/\\\/agpograf.com\\\/fr\\\/durabilite-et-code-de-conduite\\\/#breadcrumb\"},\"inLanguage\":\"fr-FR\",\"potentialAction\":[{\"@type\":\"ReadAction\",\"target\":[\"https:\\\/\\\/agpograf.com\\\/fr\\\/durabilite-et-code-de-conduite\\\/\"]}]},{\"@type\":\"BreadcrumbList\",\"@id\":\"https:\\\/\\\/agpograf.com\\\/fr\\\/durabilite-et-code-de-conduite\\\/#breadcrumb\",\"itemListElement\":[{\"@type\":\"ListItem\",\"position\":1,\"name\":\"Inici\",\"item\":\"https:\\\/\\\/agpograf.com\\\/fr\\\/\"},{\"@type\":\"ListItem\",\"position\":2,\"name\":\"D\u00e9claration de durabilit\u00e9 et code de conduite\"}]},{\"@type\":\"WebSite\",\"@id\":\"https:\\\/\\\/agpograf.com\\\/fr\\\/#website\",\"url\":\"https:\\\/\\\/agpograf.com\\\/fr\\\/\",\"name\":\"Agpograf Impressors\",\"description\":\"Printing your dreams\",\"publisher\":{\"@id\":\"https:\\\/\\\/agpograf.com\\\/fr\\\/#organization\"},\"potentialAction\":[{\"@type\":\"SearchAction\",\"target\":{\"@type\":\"EntryPoint\",\"urlTemplate\":\"https:\\\/\\\/agpograf.com\\\/fr\\\/?s={search_term_string}\"},\"query-input\":{\"@type\":\"PropertyValueSpecification\",\"valueRequired\":true,\"valueName\":\"search_term_string\"}}],\"inLanguage\":\"fr-FR\"},{\"@type\":\"Organization\",\"@id\":\"https:\\\/\\\/agpograf.com\\\/fr\\\/#organization\",\"name\":\"Agpograf Impressors\",\"url\":\"https:\\\/\\\/agpograf.com\\\/fr\\\/\",\"logo\":{\"@type\":\"ImageObject\",\"inLanguage\":\"fr-FR\",\"@id\":\"https:\\\/\\\/agpograf.com\\\/fr\\\/#\\\/schema\\\/logo\\\/image\\\/\",\"url\":\"https:\\\/\\\/www.agpograf.com\\\/wp-content\\\/uploads\\\/2020\\\/01\\\/Agpgoraf-Impressors-logo.png\",\"contentUrl\":\"https:\\\/\\\/www.agpograf.com\\\/wp-content\\\/uploads\\\/2020\\\/01\\\/Agpgoraf-Impressors-logo.png\",\"width\":601,\"height\":477,\"caption\":\"Agpograf Impressors\"},\"image\":{\"@id\":\"https:\\\/\\\/agpograf.com\\\/fr\\\/#\\\/schema\\\/logo\\\/image\\\/\"},\"sameAs\":[\"https:\\\/\\\/www.facebook.com\\\/Agpograf\",\"https:\\\/\\\/www.instagram.com\\\/agpograf_impressors\\\/\",\"https:\\\/\\\/www.linkedin.com\\\/company\\\/agpograf-impressors\\\/about\\\/\",\"https:\\\/\\\/www.youtube.com\\\/channel\\\/UC1vXUlhI2NeafCFLhfnrQXw\",\"https:\\\/\\\/www.behance.net\\\/agpografimpressors\"]}]}<\/script>\n<!-- \/ Yoast SEO plugin. -->","yoast_head_json":{"title":"D\u00e9claration de durabilit\u00e9 et code de conduite &#8211; Agpograf Impressors","robots":{"index":"noindex","follow":"follow"},"og_locale":"fr_FR","og_type":"article","og_title":"D\u00e9claration de durabilit\u00e9 et code de conduite &#8211; Agpograf Impressors","og_description":"[vc_row row_type=\u00a0\u00bbparallax\u00a0\u00bb parallax_content_width=\u00a0\u00bbin_grid\u00a0\u00bb text_align=\u00a0\u00bbcenter\u00a0\u00bb full_screen_section_height=\u00a0\u00bbno\u00a0\u00bb background_image=\u00a0\u00bb13195&Prime;][vc_column parallax=\u00a0\u00bbcontent-moving\u00a0\u00bb parallax_speed_bg=\u00a0\u00bb2&Prime;][vc_row_inner row_type=\u00a0\u00bbrow\u00a0\u00bb type=\u00a0\u00bbfull_width\u00a0\u00bb text_align=\u00a0\u00bbcenter\u00a0\u00bb css_animation=\u00a0\u00bbelement_from_bottom\u00a0\u00bb][vc_column_inner offset=\u00a0\u00bbvc_hidden-sm vc_hidden-xs\u00a0\u00bb][vc_empty_space height=\u00a0\u00bb230px\u00a0\u00bb][vc_column_text] D\u00e9claration de durabilit\u00e9 et code de conduite [\/vc_column_text][vc_empty_space height=\u00a0\u00bb230px\u00a0\u00bb][\/vc_column_inner][\/vc_row_inner][vc_row_inner row_type=\u00a0\u00bbrow\u00a0\u00bb type=\u00a0\u00bbfull_width\u00a0\u00bb text_align=\u00a0\u00bbleft\u00a0\u00bb css_animation=\u00a0\u00bbelement_from_bottom\u00a0\u00bb][vc_column_inner offset=\u00a0\u00bbvc_hidden-lg vc_hidden-md\u00a0\u00bb][vc_empty_space height=\u00a0\u00bb120px\u00a0\u00bb][vc_column_text] D\u00e9claration de durabilit\u00e9 et code de conduite [\/vc_column_text][vc_empty_space height=\u00a0\u00bb120px\u00a0\u00bb][\/vc_column_inner][\/vc_row_inner][\/vc_column][\/vc_row][vc_row css_animation=\u00a0\u00bb\u00a0\u00bb row_type=\u00a0\u00bbrow\u00a0\u00bb use_row_as_full_screen_section=\u00a0\u00bbno\u00a0\u00bb type=\u00a0\u00bbgrid\u00a0\u00bb angled_section=\u00a0\u00bbno\u00a0\u00bb...","og_url":"https:\/\/agpograf.com\/fr\/durabilite-et-code-de-conduite\/","og_site_name":"Agpograf Impressors","article_publisher":"https:\/\/www.facebook.com\/Agpograf","article_modified_time":"2025-05-27T06:59:55+00:00","twitter_card":"summary_large_image","twitter_misc":{"Dur\u00e9e de lecture estim\u00e9e":"5 minutes"},"schema":{"@context":"https:\/\/schema.org","@graph":[{"@type":"WebPage","@id":"https:\/\/agpograf.com\/fr\/durabilite-et-code-de-conduite\/","url":"https:\/\/agpograf.com\/fr\/durabilite-et-code-de-conduite\/","name":"D\u00e9claration de durabilit\u00e9 et code de conduite &#8211; Agpograf Impressors","isPartOf":{"@id":"https:\/\/agpograf.com\/fr\/#website"},"datePublished":"2021-07-08T07:06:38+00:00","dateModified":"2025-05-27T06:59:55+00:00","breadcrumb":{"@id":"https:\/\/agpograf.com\/fr\/durabilite-et-code-de-conduite\/#breadcrumb"},"inLanguage":"fr-FR","potentialAction":[{"@type":"ReadAction","target":["https:\/\/agpograf.com\/fr\/durabilite-et-code-de-conduite\/"]}]},{"@type":"BreadcrumbList","@id":"https:\/\/agpograf.com\/fr\/durabilite-et-code-de-conduite\/#breadcrumb","itemListElement":[{"@type":"ListItem","position":1,"name":"Inici","item":"https:\/\/agpograf.com\/fr\/"},{"@type":"ListItem","position":2,"name":"D\u00e9claration de durabilit\u00e9 et code de conduite"}]},{"@type":"WebSite","@id":"https:\/\/agpograf.com\/fr\/#website","url":"https:\/\/agpograf.com\/fr\/","name":"Agpograf Impressors","description":"Printing your dreams","publisher":{"@id":"https:\/\/agpograf.com\/fr\/#organization"},"potentialAction":[{"@type":"SearchAction","target":{"@type":"EntryPoint","urlTemplate":"https:\/\/agpograf.com\/fr\/?s={search_term_string}"},"query-input":{"@type":"PropertyValueSpecification","valueRequired":true,"valueName":"search_term_string"}}],"inLanguage":"fr-FR"},{"@type":"Organization","@id":"https:\/\/agpograf.com\/fr\/#organization","name":"Agpograf Impressors","url":"https:\/\/agpograf.com\/fr\/","logo":{"@type":"ImageObject","inLanguage":"fr-FR","@id":"https:\/\/agpograf.com\/fr\/#\/schema\/logo\/image\/","url":"https:\/\/www.agpograf.com\/wp-content\/uploads\/2020\/01\/Agpgoraf-Impressors-logo.png","contentUrl":"https:\/\/www.agpograf.com\/wp-content\/uploads\/2020\/01\/Agpgoraf-Impressors-logo.png","width":601,"height":477,"caption":"Agpograf Impressors"},"image":{"@id":"https:\/\/agpograf.com\/fr\/#\/schema\/logo\/image\/"},"sameAs":["https:\/\/www.facebook.com\/Agpograf","https:\/\/www.instagram.com\/agpograf_impressors\/","https:\/\/www.linkedin.com\/company\/agpograf-impressors\/about\/","https:\/\/www.youtube.com\/channel\/UC1vXUlhI2NeafCFLhfnrQXw","https:\/\/www.behance.net\/agpografimpressors"]}]}},"_links":{"self":[{"href":"https:\/\/agpograf.com\/fr\/wp-json\/wp\/v2\/pages\/13721","targetHints":{"allow":["GET"]}}],"collection":[{"href":"https:\/\/agpograf.com\/fr\/wp-json\/wp\/v2\/pages"}],"about":[{"href":"https:\/\/agpograf.com\/fr\/wp-json\/wp\/v2\/types\/page"}],"author":[{"embeddable":true,"href":"https:\/\/agpograf.com\/fr\/wp-json\/wp\/v2\/users\/1"}],"replies":[{"embeddable":true,"href":"https:\/\/agpograf.com\/fr\/wp-json\/wp\/v2\/comments?post=13721"}],"version-history":[{"count":7,"href":"https:\/\/agpograf.com\/fr\/wp-json\/wp\/v2\/pages\/13721\/revisions"}],"predecessor-version":[{"id":22431,"href":"https:\/\/agpograf.com\/fr\/wp-json\/wp\/v2\/pages\/13721\/revisions\/22431"}],"wp:attachment":[{"href":"https:\/\/agpograf.com\/fr\/wp-json\/wp\/v2\/media?parent=13721"}],"curies":[{"name":"wp","href":"https:\/\/api.w.org\/{rel}","templated":true}]}}