{"id":18712,"date":"2025-01-16T16:47:46","date_gmt":"2025-01-16T14:47:46","guid":{"rendered":"https:\/\/agpograf.com\/?page_id=18712"},"modified":"2025-01-17T11:09:23","modified_gmt":"2025-01-17T09:09:23","slug":"tecnologia-impresion","status":"publish","type":"page","link":"https:\/\/agpograf.com\/es\/tecnologia-impresion\/","title":{"rendered":"Tecnolog\u00eda de impresi\u00f3n"},"content":{"rendered":"<div class=\"wpb-content-wrapper\"><p>[vc_row row_type=\u00bbparallax\u00bb parallax_content_width=\u00bbin_grid\u00bb text_align=\u00bbcenter\u00bb full_screen_section_height=\u00bbno\u00bb background_image=\u00bb13154&#8243;][vc_column parallax=\u00bbcontent-moving\u00bb parallax_speed_bg=\u00bb2&#8243;][vc_row_inner row_type=\u00bbrow\u00bb type=\u00bbfull_width\u00bb text_align=\u00bbcenter\u00bb css_animation=\u00bbelement_from_bottom\u00bb][vc_column_inner offset=\u00bbvc_hidden-sm vc_hidden-xs\u00bb][vc_empty_space height=\u00bb250px\u00bb][vc_column_text]<\/p>\n<h1 style=\"text-align: center;\"><span style=\"color: #ffffff;\">Parque de m\u00e1quinas<\/span><\/h1>\n<p>[\/vc_column_text][vc_empty_space height=\u00bb250px\u00bb][\/vc_column_inner][\/vc_row_inner][vc_row_inner row_type=\u00bbrow\u00bb type=\u00bbfull_width\u00bb text_align=\u00bbleft\u00bb css_animation=\u00bbelement_from_bottom\u00bb][vc_column_inner offset=\u00bbvc_hidden-lg vc_hidden-md\u00bb][vc_empty_space height=\u00bb120px\u00bb][vc_column_text]<\/p>\n<h1 style=\"text-align: center;\"><span style=\"color: #ffffff;\">Parque de m\u00e1quinas<\/span><\/h1>\n<p>[\/vc_column_text][vc_empty_space height=\u00bb120px\u00bb][\/vc_column_inner][\/vc_row_inner][\/vc_column][\/vc_row][vc_row css_animation=\u00bbelement_from_bottom\u00bb row_type=\u00bbrow\u00bb use_row_as_full_screen_section=\u00bbno\u00bb type=\u00bbgrid\u00bb angled_section=\u00bbno\u00bb text_align=\u00bbcenter\u00bb background_image_as_pattern=\u00bbwithout_pattern\u00bb css=\u00bb.vc_custom_1661861480237{margin-right: 80px !important;margin-left: 80px !important;}\u00bb z_index=\u00bb\u00bb][vc_column offset=\u00bbvc_hidden-sm vc_hidden-xs\u00bb][vc_empty_space height=\u00bb50px\u00bb][vc_column_text]<\/p>\n<h2 style=\"text-transform: unset;\">Ofrecemos un parque de m\u00e1quinas flexible y vers\u00e1til con las \u00faltimas tecnolog\u00edas del mercado para atender cualquier requerimiento de m\u00e1xima calidad, servicio y competitividad<\/h2>\n<p>[\/vc_column_text][vc_empty_space height=\u00bb40px\u00bb][vc_column_text]<\/p>\n<p style=\"text-align: center;\">Un gran despliegue de formatos, cuerpos de impresi\u00f3n, diferentes tecnolog\u00edas: offset, offset digital, una amplia gama de opciones de impresi\u00f3n de una gran productividad y flexibilidad al servicio de nuestros clientes.<\/p>\n<p>[\/vc_column_text][vc_empty_space height=\u00bb70px\u00bb][\/vc_column][\/vc_row][vc_row css_animation=\u00bbelement_from_bottom\u00bb row_type=\u00bbrow\u00bb use_row_as_full_screen_section=\u00bbno\u00bb type=\u00bbfull_width\u00bb angled_section=\u00bbno\u00bb text_align=\u00bbcenter\u00bb background_image_as_pattern=\u00bbwithout_pattern\u00bb z_index=\u00bb\u00bb css=\u00bb.vc_custom_1661861485134{margin-right: 10px !important;margin-left: 10px !important;}\u00bb][vc_column offset=\u00bbvc_hidden-lg vc_hidden-md\u00bb][vc_empty_space height=\u00bb30px\u00bb][vc_column_text]<\/p>\n<h3 style=\"text-transform: unset;\">Ofrecemos un parque de m\u00e1quinas flexible y vers\u00e1til con las \u00faltimas tecnolog\u00edas del mercado para atender cualquier requerimiento de m\u00e1xima calidad, servicio y competitividad<\/h3>\n<p>[\/vc_column_text][vc_empty_space][vc_column_text]<\/p>\n<p style=\"text-align: left;\">Un gran despliegue de formatos, cuerpos de impresi\u00f3n, diferentes tecnolog\u00edas: offset, offset digital, una amplia gama de opciones de impresi\u00f3n de una gran productividad y flexibilidad al servicio de nuestros clientes.<\/p>\n<p>[\/vc_column_text][vc_empty_space height=\u00bb70px\u00bb][\/vc_column][\/vc_row][vc_row css_animation=\u00bbelement_from_bottom\u00bb row_type=\u00bbrow\u00bb use_row_as_full_screen_section=\u00bbno\u00bb type=\u00bbgrid\u00bb angled_section=\u00bbno\u00bb text_align=\u00bbleft\u00bb background_image_as_pattern=\u00bbwithout_pattern\u00bb z_index=\u00bb\u00bb][vc_column][vc_column_text]<\/p>\n<h2 style=\"text-align: center;\">Offset convencional<\/h2>\n<p>[\/vc_column_text][vc_empty_space height=\u00bb40px\u00bb][\/vc_column][\/vc_row][vc_row css_animation=\u00bbelement_from_bottom\u00bb row_type=\u00bbrow\u00bb use_row_as_full_screen_section=\u00bbno\u00bb type=\u00bbgrid\u00bb angled_section=\u00bbno\u00bb text_align=\u00bbcenter\u00bb background_image_as_pattern=\u00bbwithout_pattern\u00bb z_index=\u00bb\u00bb][vc_column width=\u00bb1\/3&#8243;][vc_single_image image=\u00bb8478&#8243; img_size=\u00bbfull\u00bb alignment=\u00bbcenter\u00bb qode_css_animation=\u00bb\u00bb][vc_empty_space height=\u00bb30px\u00bb][vc_column_text]<\/p>\n<h4 style=\"text-align: center;\"><strong>HEIDELBERG SPEEDMASTER<\/strong><br \/>\n<strong>XL LED UV<\/strong><br \/>\n<strong>8 COLORES<\/strong><br \/>\n<strong>75 x 106 cm<\/strong><\/h4>\n<p>[\/vc_column_text][vc_empty_space height=\u00bb30px\u00bb][vc_column_text]<\/p>\n<p style=\"text-align: center;\"><span style=\"color: #f05b40;\"><strong>Descubre la impresi\u00f3n en LED UV<\/strong><\/span><\/p>\n<p>[\/vc_column_text][vc_empty_space height=\u00bb15px\u00bb]<a  itemprop=\"url\" href=\"https:\/\/agpograf.com\/es\/impresion-led-uv\/\" target=\"_self\"  class=\"qbutton  small center default\" style=\"\">M\u00c1S INFORMACI\u00d3N<\/a>[vc_empty_space height=\u00bb30px\u00bb][\/vc_column][vc_column width=\u00bb1\/3&#8243;][vc_single_image image=\u00bb18775&#8243; img_size=\u00bbfull\u00bb alignment=\u00bbcenter\u00bb qode_css_animation=\u00bb\u00bb][vc_empty_space height=\u00bb30px\u00bb][vc_column_text]<\/p>\n<h4 style=\"text-align: center;\"><a href=\"https:\/\/www.heidelberg.com\/global\/es\/products\/offset_printing\/format_70_x_100\/speedmaster_xl_106\/product_information_12\/product_information_20.jsp\" target=\"_blank\" rel=\"noopener noreferrer\"><strong>HEIDELBERG SPEEDMASTER XL 106<\/strong><\/a><br \/>\n<strong>6 COLORES + ACR\u00cdLICO<\/strong><br \/>\n<strong>75 x 106 cm<\/strong><\/h4>\n<p>[\/vc_column_text][vc_empty_space height=\u00bb30px\u00bb][\/vc_column][vc_column width=\u00bb1\/3&#8243;][vc_single_image image=\u00bb8466&#8243; img_size=\u00bbfull\u00bb alignment=\u00bbcenter\u00bb qode_css_animation=\u00bb\u00bb][vc_empty_space height=\u00bb30px\u00bb][vc_column_text]<\/p>\n<h4 style=\"text-align: center;\"><a href=\"https:\/\/www.heidelberg.com\/global\/en\/products\/offset_printing\/format_70_x_100\/speedmaster_sx_102\/product_information_7\/product_information_4.jsp\" target=\"_blank\" rel=\"noopener noreferrer\"><strong>HEIDELBERG SX 102<\/strong><\/a><br \/>\n<strong>2 COLORES<\/strong><br \/>\n<strong>72 x 102 cm<\/strong><\/h4>\n<p>[\/vc_column_text][vc_empty_space height=\u00bb30px\u00bb][\/vc_column][\/vc_row][vc_row css_animation=\u00bbelement_from_bottom\u00bb row_type=\u00bbrow\u00bb use_row_as_full_screen_section=\u00bbno\u00bb type=\u00bbfull_width\u00bb angled_section=\u00bbno\u00bb text_align=\u00bbleft\u00bb background_image_as_pattern=\u00bbwithout_pattern\u00bb z_index=\u00bb\u00bb][vc_column][vc_empty_space height=\u00bb70px\u00bb][vc_column_text]<\/p>\n<h2 style=\"text-align: center;\">Offset digital<\/h2>\n<p>[\/vc_column_text][vc_empty_space height=\u00bb50px\u00bb][\/vc_column][\/vc_row][vc_row css_animation=\u00bbelement_from_bottom\u00bb row_type=\u00bbrow\u00bb use_row_as_full_screen_section=\u00bbno\u00bb type=\u00bbfull_width\u00bb angled_section=\u00bbno\u00bb text_align=\u00bbleft\u00bb background_image_as_pattern=\u00bbwithout_pattern\u00bb z_index=\u00bb\u00bb][vc_column offset=\u00bbvc_col-lg-offset-3 vc_col-lg-6 vc_col-md-offset-2 vc_col-md-8&#8243;][vc_single_image image=\u00bb18753&#8243; img_size=\u00bbfull\u00bb alignment=\u00bbcenter\u00bb css=\u00bb\u00bb qode_css_animation=\u00bb\u00bb][vc_empty_space height=\u00bb50px\u00bb][vc_column_text css=\u00bb\u00bb]<\/p>\n<h4 style=\"text-align: center;\"><a href=\"https:\/\/agpograf.com\/wp-content\/uploads\/2025\/01\/HP-Indigo-12000-HD.pdf\" target=\"_blank\" rel=\"noopener noreferrer\"><strong>HP INDIGO 12000 HD<\/strong><\/a><br \/>\n<strong>75 x 53 cm<\/strong><\/h4>\n<p>[\/vc_column_text][vc_empty_space height=\u00bb80px\u00bb][\/vc_column][\/vc_row][vc_row css_animation=\u00bbelement_from_bottom\u00bb row_type=\u00bbrow\u00bb use_row_as_full_screen_section=\u00bbno\u00bb type=\u00bbgrid\u00bb angled_section=\u00bbno\u00bb text_align=\u00bbleft\u00bb background_image_as_pattern=\u00bbwithout_pattern\u00bb css=\u00bb.vc_custom_1661861519015{margin-right: 80px !important;margin-left: 80px !important;}\u00bb z_index=\u00bb\u00bb][vc_column offset=\u00bbvc_hidden-sm vc_hidden-xs\u00bb][vc_empty_space height=\u00bb40px\u00bb][vc_column_text]<\/p>\n<h2 style=\"text-transform: unset; text-align: center;\">Passi\u00f3n por una reproducci\u00f3n fiel<\/h2>\n<p>[\/vc_column_text][vc_empty_space][vc_column_text]<\/p>\n<p style=\"text-align: center;\">A Agpograf tenemos la fidelidad al original como filosof\u00eda de cabecera de la empresa desde nuestros inicios con un parque de m\u00e1quinas flexible y vers\u00e1til. Todo nuestro equipo de t\u00e9cnicos tiene la misi\u00f3n de obtener la impresi\u00f3n m\u00e1s fiel y de m\u00e1s alta calidad, sea cual sea el soporte, para nuestros clientes. Por eso invertimos constantemente en equipos de medici\u00f3n, control y mejora de la gesti\u00f3n del color. Y, como ver\u00e1 m\u00e1s adelante, hemos decidido ir m\u00e1s all\u00e1 y hoy somos capaces de simular una impresi\u00f3n con perfiles RGB (<a href=\"https:\/\/agpograf.com\/es\/multicolor-impresion-rgb\/\">ver ESPACIO DE IMPRESI\u00d3N EN MULTICROM\u00cdA RGB<\/a>) en m\u00e1quina de impresi\u00f3n de offset convencional.<\/p>\n<p>[\/vc_column_text][vc_empty_space height=\u00bb70px\u00bb][vc_column_text]<\/p>\n<h3 style=\"text-transform: unset; text-align: left;\"><strong>Algunos de nuestros dispositivos de control<\/strong><\/h3>\n<p>[\/vc_column_text][vc_empty_space height=\u00bb40px\u00bb][vc_accordion active_tab=\u00bb\u00bb collapsible=\u00bbyes\u00bb style=\u00bbaccordion\u00bb accordion_border_radius=\u00bb50&#8243; title=\u00bbALGUNS DELS NOSTRES DISPOSITIUS DE CONTROL:\u00bb][vc_accordion_tab title=\u00bbSOFTWARE PARA LA GESTI\u00d3N DEL COLOR\u00bb title_color=\u00bb#424242&#8243;][vc_column_text]<\/p>\n<div class=\"wpb_text_column wpb_content_element \">\n<p>Gesti\u00f3n del color GMG\u00a0COLORPROOF-COLORSERVER<\/p>\n<p>Gesti\u00f3n del color COLOR LOGIC (multicrom\u00eda)<\/p>\n<p>COLORGATE FILMGATE 6 LARGE<\/p>\n<\/div>\n<p>[\/vc_column_text][\/vc_accordion_tab][vc_accordion_tab title=\u00bbEQUIPOS DE CONTROL\u00bb title_color=\u00bb#424242&#8243;][vc_column_text]<\/p>\n<div class=\"wpb_text_column wpb_content_element \">\n<p>XRITE OYE-ONE PRO<\/p>\n<p>SPECTRODENSITOMETER FD-7<\/p>\n<p>SPECTROPHOTOMETER CM-2300d<\/p>\n<\/div>\n<p>[\/vc_column_text][\/vc_accordion_tab][\/vc_accordion][vc_empty_space height=\u00bb20px\u00bb][vc_column_text]<\/p>\n<div class=\"wpb_text_column wpb_content_element \">\n<p>Pruebas de color contractuales\u00a0FOGRA para certificar el color seg\u00fan la normativa ISO 12647\/7.<\/p>\n<\/div>\n<p>[\/vc_column_text][vc_empty_space height=\u00bb80px\u00bb][\/vc_column][\/vc_row][vc_row css_animation=\u00bbelement_from_bottom\u00bb row_type=\u00bbrow\u00bb use_row_as_full_screen_section=\u00bbno\u00bb type=\u00bbfull_width\u00bb angled_section=\u00bbno\u00bb text_align=\u00bbleft\u00bb background_image_as_pattern=\u00bbwithout_pattern\u00bb css=\u00bb.vc_custom_1661861528751{margin-right: 10px !important;margin-left: 10px !important;}\u00bb z_index=\u00bb\u00bb][vc_column offset=\u00bbvc_hidden-lg vc_hidden-md\u00bb][vc_column_text]<\/p>\n<h2 style=\"text-transform: unset; text-align: center;\">Passi\u00f3n por una reproducci\u00f3n fiel<\/h2>\n<p>[\/vc_column_text][vc_empty_space][vc_column_text]<\/p>\n<p style=\"text-align: left;\">A Agpograf tenemos la fidelidad al original como filosof\u00eda de cabecera de la empresa desde nuestros inicios con un parque de m\u00e1quinas flexible y vers\u00e1til. Todo nuestro equipo de t\u00e9cnicos tiene la misi\u00f3n de obtener la impresi\u00f3n m\u00e1s fiel y de m\u00e1s alta calidad, sea cual sea el soporte, para nuestros clientes. Por eso invertimos constantemente en equipos de medici\u00f3n, control y mejora de la gesti\u00f3n del color. Y, como ver\u00e1 m\u00e1s adelante, hemos decidido ir m\u00e1s all\u00e1 y hoy somos capaces de simular una impresi\u00f3n con perfiles RGB (<a href=\"https:\/\/agpograf.com\/es\/multicolor-impresion-rgb\/\">ver ESPACIO DE IMPRESI\u00d3N EN MULTICROM\u00cdA RGB<\/a>) en m\u00e1quina de impresi\u00f3n de offset convencional.<\/p>\n<p>[\/vc_column_text][vc_empty_space height=\u00bb70px\u00bb][vc_column_text]<\/p>\n<h3 style=\"text-transform: unset; text-align: left;\"><strong>Algunos de nuestros dispositivos de control<\/strong><\/h3>\n<p>[\/vc_column_text][vc_empty_space height=\u00bb30px\u00bb][vc_accordion active_tab=\u00bb\u00bb collapsible=\u00bbyes\u00bb style=\u00bbaccordion\u00bb accordion_border_radius=\u00bb50&#8243; title=\u00bbALGUNS DELS NOSTRES DISPOSITIUS DE CONTROL:\u00bb][vc_accordion_tab title=\u00bbSOFTWARE PARA LA GESTI\u00d3N DEL COLOR\u00bb title_color=\u00bb#424242&#8243;][vc_column_text]<\/p>\n<div class=\"wpb_text_column wpb_content_element \">\n<p>Gesti\u00f3n del color GMG\u00a0COLORPROOF-COLORSERVER<\/p>\n<p>Gesti\u00f3n del color COLOR LOGIC (multicrom\u00eda)<\/p>\n<p>COLORGATE FILMGATE 6 LARGE<\/p>\n<\/div>\n<p>[\/vc_column_text][\/vc_accordion_tab][vc_accordion_tab title=\u00bbEQUIPOS DE CONTROL\u00bb title_color=\u00bb#424242&#8243;][vc_column_text]<\/p>\n<div class=\"wpb_text_column wpb_content_element \">\n<p>XRITE OYE-ONE PRO<\/p>\n<p>SPECTRODENSITOMETER FD-7<\/p>\n<p>SPECTROPHOTOMETER CM-2300d<\/p>\n<\/div>\n<p>[\/vc_column_text][\/vc_accordion_tab][\/vc_accordion][vc_empty_space height=\u00bb20px\u00bb][vc_column_text]<\/p>\n<div class=\"wpb_text_column wpb_content_element \">\n<p>Pruebas de color contractuales\u00a0FOGRA para certificar el color seg\u00fan la normativa ISO 12647\/7.<\/p>\n<\/div>\n<p>[\/vc_column_text][vc_empty_space height=\u00bb80px\u00bb][\/vc_column][\/vc_row][vc_row css_animation=\u00bb\u00bb row_type=\u00bbrow\u00bb use_row_as_full_screen_section=\u00bbno\u00bb type=\u00bbfull_width\u00bb angled_section=\u00bbno\u00bb text_align=\u00bbleft\u00bb background_image_as_pattern=\u00bbwithout_pattern\u00bb][vc_column][vc_empty_space height=\u00bb40px\u00bb][\/vc_column][\/vc_row]<\/p>\n<\/div>","protected":false},"excerpt":{"rendered":"<p>[vc_row row_type=\u00bbparallax\u00bb parallax_content_width=\u00bbin_grid\u00bb text_align=\u00bbcenter\u00bb full_screen_section_height=\u00bbno\u00bb background_image=\u00bb13154&#8243;][vc_column parallax=\u00bbcontent-moving\u00bb parallax_speed_bg=\u00bb2&#8243;][vc_row_inner row_type=\u00bbrow\u00bb type=\u00bbfull_width\u00bb text_align=\u00bbcenter\u00bb css_animation=\u00bbelement_from_bottom\u00bb][vc_column_inner offset=\u00bbvc_hidden-sm vc_hidden-xs\u00bb][vc_empty_space height=\u00bb250px\u00bb][vc_column_text] Parque de m\u00e1quinas [\/vc_column_text][vc_empty_space height=\u00bb250px\u00bb][\/vc_column_inner][\/vc_row_inner][vc_row_inner row_type=\u00bbrow\u00bb type=\u00bbfull_width\u00bb text_align=\u00bbleft\u00bb css_animation=\u00bbelement_from_bottom\u00bb][vc_column_inner offset=\u00bbvc_hidden-lg vc_hidden-md\u00bb][vc_empty_space height=\u00bb120px\u00bb][vc_column_text] Parque de m\u00e1quinas [\/vc_column_text][vc_empty_space height=\u00bb120px\u00bb][\/vc_column_inner][\/vc_row_inner][\/vc_column][\/vc_row][vc_row css_animation=\u00bbelement_from_bottom\u00bb row_type=\u00bbrow\u00bb use_row_as_full_screen_section=\u00bbno\u00bb type=\u00bbgrid\u00bb angled_section=\u00bbno\u00bb text_align=\u00bbcenter\u00bb background_image_as_pattern=\u00bbwithout_pattern\u00bb css=\u00bb.vc_custom_1661861480237{margin-right: 80px !important;margin-left: 80px !important;}\u00bb z_index=\u00bb\u00bb][vc_column&#8230;<\/p>\n","protected":false},"author":1,"featured_media":0,"parent":0,"menu_order":0,"comment_status":"closed","ping_status":"closed","template":"full_width.php","meta":{"footnotes":""},"class_list":["post-18712","page","type-page","status-publish","hentry"],"yoast_head":"<!-- This site is optimized with the Yoast SEO plugin v27.4 - https:\/\/yoast.com\/product\/yoast-seo-wordpress\/ -->\n<title>Tecnolog\u00eda de impresi\u00f3n &#8211; Agpograf Impressors<\/title>\n<meta name=\"robots\" content=\"index, follow, max-snippet:-1, max-image-preview:large, max-video-preview:-1\" \/>\n<link rel=\"canonical\" href=\"https:\/\/agpograf.com\/es\/tecnologia-impresion\/\" \/>\n<meta property=\"og:locale\" content=\"es_ES\" \/>\n<meta property=\"og:type\" content=\"article\" \/>\n<meta property=\"og:title\" content=\"Tecnolog\u00eda de impresi\u00f3n &#8211; Agpograf Impressors\" \/>\n<meta property=\"og:description\" content=\"[vc_row row_type=\u00bbparallax\u00bb parallax_content_width=\u00bbin_grid\u00bb text_align=\u00bbcenter\u00bb full_screen_section_height=\u00bbno\u00bb background_image=\u00bb13154&#8243;][vc_column parallax=\u00bbcontent-moving\u00bb parallax_speed_bg=\u00bb2&#8243;][vc_row_inner row_type=\u00bbrow\u00bb type=\u00bbfull_width\u00bb text_align=\u00bbcenter\u00bb css_animation=\u00bbelement_from_bottom\u00bb][vc_column_inner offset=\u00bbvc_hidden-sm vc_hidden-xs\u00bb][vc_empty_space height=\u00bb250px\u00bb][vc_column_text] Parque de m\u00e1quinas [\/vc_column_text][vc_empty_space height=\u00bb250px\u00bb][\/vc_column_inner][\/vc_row_inner][vc_row_inner row_type=\u00bbrow\u00bb type=\u00bbfull_width\u00bb text_align=\u00bbleft\u00bb css_animation=\u00bbelement_from_bottom\u00bb][vc_column_inner offset=\u00bbvc_hidden-lg vc_hidden-md\u00bb][vc_empty_space height=\u00bb120px\u00bb][vc_column_text] Parque de m\u00e1quinas [\/vc_column_text][vc_empty_space height=\u00bb120px\u00bb][\/vc_column_inner][\/vc_row_inner][\/vc_column][\/vc_row][vc_row css_animation=\u00bbelement_from_bottom\u00bb row_type=\u00bbrow\u00bb use_row_as_full_screen_section=\u00bbno\u00bb type=\u00bbgrid\u00bb angled_section=\u00bbno\u00bb text_align=\u00bbcenter\u00bb background_image_as_pattern=\u00bbwithout_pattern\u00bb css=\u00bb.vc_custom_1661861480237{margin-right: 80px !important;margin-left: 80px !important;}\u00bb z_index=\u00bb\u00bb][vc_column...\" \/>\n<meta property=\"og:url\" content=\"https:\/\/agpograf.com\/es\/tecnologia-impresion\/\" \/>\n<meta property=\"og:site_name\" content=\"Agpograf Impressors\" \/>\n<meta property=\"article:publisher\" content=\"https:\/\/www.facebook.com\/Agpograf\" \/>\n<meta property=\"article:modified_time\" content=\"2025-01-17T09:09:23+00:00\" \/>\n<meta name=\"twitter:card\" content=\"summary_large_image\" \/>\n<meta name=\"twitter:label1\" content=\"Tiempo de lectura\" \/>\n\t<meta name=\"twitter:data1\" content=\"4 minutos\" \/>\n<script type=\"application\/ld+json\" class=\"yoast-schema-graph\">{\"@context\":\"https:\\\/\\\/schema.org\",\"@graph\":[{\"@type\":\"WebPage\",\"@id\":\"https:\\\/\\\/agpograf.com\\\/es\\\/tecnologia-impresion\\\/\",\"url\":\"https:\\\/\\\/agpograf.com\\\/es\\\/tecnologia-impresion\\\/\",\"name\":\"Tecnolog\u00eda de impresi\u00f3n &#8211; Agpograf Impressors\",\"isPartOf\":{\"@id\":\"https:\\\/\\\/agpograf.com\\\/es\\\/#website\"},\"datePublished\":\"2025-01-16T14:47:46+00:00\",\"dateModified\":\"2025-01-17T09:09:23+00:00\",\"breadcrumb\":{\"@id\":\"https:\\\/\\\/agpograf.com\\\/es\\\/tecnologia-impresion\\\/#breadcrumb\"},\"inLanguage\":\"es\",\"potentialAction\":[{\"@type\":\"ReadAction\",\"target\":[\"https:\\\/\\\/agpograf.com\\\/es\\\/tecnologia-impresion\\\/\"]}]},{\"@type\":\"BreadcrumbList\",\"@id\":\"https:\\\/\\\/agpograf.com\\\/es\\\/tecnologia-impresion\\\/#breadcrumb\",\"itemListElement\":[{\"@type\":\"ListItem\",\"position\":1,\"name\":\"Inici\",\"item\":\"https:\\\/\\\/agpograf.com\\\/es\\\/\"},{\"@type\":\"ListItem\",\"position\":2,\"name\":\"Tecnolog\u00eda de impresi\u00f3n\"}]},{\"@type\":\"WebSite\",\"@id\":\"https:\\\/\\\/agpograf.com\\\/es\\\/#website\",\"url\":\"https:\\\/\\\/agpograf.com\\\/es\\\/\",\"name\":\"Agpograf Impressors\",\"description\":\"Printing your dreams\",\"publisher\":{\"@id\":\"https:\\\/\\\/agpograf.com\\\/es\\\/#organization\"},\"potentialAction\":[{\"@type\":\"SearchAction\",\"target\":{\"@type\":\"EntryPoint\",\"urlTemplate\":\"https:\\\/\\\/agpograf.com\\\/es\\\/?s={search_term_string}\"},\"query-input\":{\"@type\":\"PropertyValueSpecification\",\"valueRequired\":true,\"valueName\":\"search_term_string\"}}],\"inLanguage\":\"es\"},{\"@type\":\"Organization\",\"@id\":\"https:\\\/\\\/agpograf.com\\\/es\\\/#organization\",\"name\":\"Agpograf Impressors\",\"url\":\"https:\\\/\\\/agpograf.com\\\/es\\\/\",\"logo\":{\"@type\":\"ImageObject\",\"inLanguage\":\"es\",\"@id\":\"https:\\\/\\\/agpograf.com\\\/es\\\/#\\\/schema\\\/logo\\\/image\\\/\",\"url\":\"https:\\\/\\\/www.agpograf.com\\\/wp-content\\\/uploads\\\/2020\\\/01\\\/Agpgoraf-Impressors-logo.png\",\"contentUrl\":\"https:\\\/\\\/www.agpograf.com\\\/wp-content\\\/uploads\\\/2020\\\/01\\\/Agpgoraf-Impressors-logo.png\",\"width\":601,\"height\":477,\"caption\":\"Agpograf Impressors\"},\"image\":{\"@id\":\"https:\\\/\\\/agpograf.com\\\/es\\\/#\\\/schema\\\/logo\\\/image\\\/\"},\"sameAs\":[\"https:\\\/\\\/www.facebook.com\\\/Agpograf\",\"https:\\\/\\\/www.instagram.com\\\/agpograf_impressors\\\/\",\"https:\\\/\\\/www.linkedin.com\\\/company\\\/agpograf-impressors\\\/about\\\/\",\"https:\\\/\\\/www.youtube.com\\\/channel\\\/UC1vXUlhI2NeafCFLhfnrQXw\",\"https:\\\/\\\/www.behance.net\\\/agpografimpressors\"]}]}<\/script>\n<!-- \/ Yoast SEO plugin. -->","yoast_head_json":{"title":"Tecnolog\u00eda de impresi\u00f3n &#8211; Agpograf Impressors","robots":{"index":"index","follow":"follow","max-snippet":"max-snippet:-1","max-image-preview":"max-image-preview:large","max-video-preview":"max-video-preview:-1"},"canonical":"https:\/\/agpograf.com\/es\/tecnologia-impresion\/","og_locale":"es_ES","og_type":"article","og_title":"Tecnolog\u00eda de impresi\u00f3n &#8211; Agpograf Impressors","og_description":"[vc_row row_type=\u00bbparallax\u00bb parallax_content_width=\u00bbin_grid\u00bb text_align=\u00bbcenter\u00bb full_screen_section_height=\u00bbno\u00bb background_image=\u00bb13154&#8243;][vc_column parallax=\u00bbcontent-moving\u00bb parallax_speed_bg=\u00bb2&#8243;][vc_row_inner row_type=\u00bbrow\u00bb type=\u00bbfull_width\u00bb text_align=\u00bbcenter\u00bb css_animation=\u00bbelement_from_bottom\u00bb][vc_column_inner offset=\u00bbvc_hidden-sm vc_hidden-xs\u00bb][vc_empty_space height=\u00bb250px\u00bb][vc_column_text] Parque de m\u00e1quinas [\/vc_column_text][vc_empty_space height=\u00bb250px\u00bb][\/vc_column_inner][\/vc_row_inner][vc_row_inner row_type=\u00bbrow\u00bb type=\u00bbfull_width\u00bb text_align=\u00bbleft\u00bb css_animation=\u00bbelement_from_bottom\u00bb][vc_column_inner offset=\u00bbvc_hidden-lg vc_hidden-md\u00bb][vc_empty_space height=\u00bb120px\u00bb][vc_column_text] Parque de m\u00e1quinas [\/vc_column_text][vc_empty_space height=\u00bb120px\u00bb][\/vc_column_inner][\/vc_row_inner][\/vc_column][\/vc_row][vc_row css_animation=\u00bbelement_from_bottom\u00bb row_type=\u00bbrow\u00bb use_row_as_full_screen_section=\u00bbno\u00bb type=\u00bbgrid\u00bb angled_section=\u00bbno\u00bb text_align=\u00bbcenter\u00bb background_image_as_pattern=\u00bbwithout_pattern\u00bb css=\u00bb.vc_custom_1661861480237{margin-right: 80px !important;margin-left: 80px !important;}\u00bb z_index=\u00bb\u00bb][vc_column...","og_url":"https:\/\/agpograf.com\/es\/tecnologia-impresion\/","og_site_name":"Agpograf Impressors","article_publisher":"https:\/\/www.facebook.com\/Agpograf","article_modified_time":"2025-01-17T09:09:23+00:00","twitter_card":"summary_large_image","twitter_misc":{"Tiempo de lectura":"4 minutos"},"schema":{"@context":"https:\/\/schema.org","@graph":[{"@type":"WebPage","@id":"https:\/\/agpograf.com\/es\/tecnologia-impresion\/","url":"https:\/\/agpograf.com\/es\/tecnologia-impresion\/","name":"Tecnolog\u00eda de impresi\u00f3n &#8211; Agpograf Impressors","isPartOf":{"@id":"https:\/\/agpograf.com\/es\/#website"},"datePublished":"2025-01-16T14:47:46+00:00","dateModified":"2025-01-17T09:09:23+00:00","breadcrumb":{"@id":"https:\/\/agpograf.com\/es\/tecnologia-impresion\/#breadcrumb"},"inLanguage":"es","potentialAction":[{"@type":"ReadAction","target":["https:\/\/agpograf.com\/es\/tecnologia-impresion\/"]}]},{"@type":"BreadcrumbList","@id":"https:\/\/agpograf.com\/es\/tecnologia-impresion\/#breadcrumb","itemListElement":[{"@type":"ListItem","position":1,"name":"Inici","item":"https:\/\/agpograf.com\/es\/"},{"@type":"ListItem","position":2,"name":"Tecnolog\u00eda de impresi\u00f3n"}]},{"@type":"WebSite","@id":"https:\/\/agpograf.com\/es\/#website","url":"https:\/\/agpograf.com\/es\/","name":"Agpograf Impressors","description":"Printing your dreams","publisher":{"@id":"https:\/\/agpograf.com\/es\/#organization"},"potentialAction":[{"@type":"SearchAction","target":{"@type":"EntryPoint","urlTemplate":"https:\/\/agpograf.com\/es\/?s={search_term_string}"},"query-input":{"@type":"PropertyValueSpecification","valueRequired":true,"valueName":"search_term_string"}}],"inLanguage":"es"},{"@type":"Organization","@id":"https:\/\/agpograf.com\/es\/#organization","name":"Agpograf Impressors","url":"https:\/\/agpograf.com\/es\/","logo":{"@type":"ImageObject","inLanguage":"es","@id":"https:\/\/agpograf.com\/es\/#\/schema\/logo\/image\/","url":"https:\/\/www.agpograf.com\/wp-content\/uploads\/2020\/01\/Agpgoraf-Impressors-logo.png","contentUrl":"https:\/\/www.agpograf.com\/wp-content\/uploads\/2020\/01\/Agpgoraf-Impressors-logo.png","width":601,"height":477,"caption":"Agpograf Impressors"},"image":{"@id":"https:\/\/agpograf.com\/es\/#\/schema\/logo\/image\/"},"sameAs":["https:\/\/www.facebook.com\/Agpograf","https:\/\/www.instagram.com\/agpograf_impressors\/","https:\/\/www.linkedin.com\/company\/agpograf-impressors\/about\/","https:\/\/www.youtube.com\/channel\/UC1vXUlhI2NeafCFLhfnrQXw","https:\/\/www.behance.net\/agpografimpressors"]}]}},"_links":{"self":[{"href":"https:\/\/agpograf.com\/es\/wp-json\/wp\/v2\/pages\/18712","targetHints":{"allow":["GET"]}}],"collection":[{"href":"https:\/\/agpograf.com\/es\/wp-json\/wp\/v2\/pages"}],"about":[{"href":"https:\/\/agpograf.com\/es\/wp-json\/wp\/v2\/types\/page"}],"author":[{"embeddable":true,"href":"https:\/\/agpograf.com\/es\/wp-json\/wp\/v2\/users\/1"}],"replies":[{"embeddable":true,"href":"https:\/\/agpograf.com\/es\/wp-json\/wp\/v2\/comments?post=18712"}],"version-history":[{"count":6,"href":"https:\/\/agpograf.com\/es\/wp-json\/wp\/v2\/pages\/18712\/revisions"}],"predecessor-version":[{"id":18783,"href":"https:\/\/agpograf.com\/es\/wp-json\/wp\/v2\/pages\/18712\/revisions\/18783"}],"wp:attachment":[{"href":"https:\/\/agpograf.com\/es\/wp-json\/wp\/v2\/media?parent=18712"}],"curies":[{"name":"wp","href":"https:\/\/api.w.org\/{rel}","templated":true}]}}