{"id":14947,"date":"2022-11-20T19:53:41","date_gmt":"2022-11-20T17:53:41","guid":{"rendered":"https:\/\/agpograf.cmsfacil.eu\/?page_id=14947"},"modified":"2025-09-02T15:59:44","modified_gmt":"2025-09-02T13:59:44","slug":"relieve-seco","status":"publish","type":"page","link":"https:\/\/agpograf.com\/es\/relieve-seco\/","title":{"rendered":"Relieve seco"},"content":{"rendered":"<div class=\"wpb-content-wrapper\"><p>[vc_row css_animation=\u00bb\u00bb row_type=\u00bbrow\u00bb use_row_as_full_screen_section=\u00bbno\u00bb type=\u00bbfull_width\u00bb angled_section=\u00bbno\u00bb text_align=\u00bbleft\u00bb background_image_as_pattern=\u00bbwithout_pattern\u00bb][vc_column][vc_empty_space height=\u00bb35px\u00bb][vc_column_text]<\/p>\n<h1 style=\"text-align: center;\">Relieve seco<\/h1>\n<p>[\/vc_column_text][vc_empty_space height=\u00bb45px\u00bb][\/vc_column][\/vc_row][vc_row css_animation=\u00bb\u00bb row_type=\u00bbrow\u00bb use_row_as_full_screen_section=\u00bbno\u00bb type=\u00bbfull_width\u00bb angled_section=\u00bbno\u00bb text_align=\u00bbleft\u00bb background_image_as_pattern=\u00bbwithout_pattern\u00bb][vc_column offset=\u00bbvc_hidden-sm vc_hidden-xs\u00bb][tm_carousel_father theme=\u00bbcontent-over-slider\u00bb arrowclr=\u00bb#FFFFFF\u00bb dot=\u00bbfalse\u00bb][tm_carousel_son titlesize=\u00bb0&#8243; line_height=\u00bb0&#8243; image_id=\u00bb16671&#8243;][\/tm_carousel_son][tm_carousel_son titlesize=\u00bb0&#8243; line_height=\u00bb0&#8243; image_id=\u00bb17020&#8243;][\/tm_carousel_son][tm_carousel_son titlesize=\u00bb0&#8243; line_height=\u00bb0&#8243; image_id=\u00bb5726&#8243;][\/tm_carousel_son][tm_carousel_son titlesize=\u00bb0&#8243; line_height=\u00bb0&#8243; image_id=\u00bb5817&#8243;][\/tm_carousel_son][tm_carousel_son titlesize=\u00bb0&#8243; line_height=\u00bb0&#8243; image_id=\u00bb18149&#8243;][\/tm_carousel_son][tm_carousel_son titlesize=\u00bb0&#8243; line_height=\u00bb0&#8243; image_id=\u00bb5881&#8243;][\/tm_carousel_son][\/tm_carousel_father][vc_empty_space height=\u00bb12px\u00bb][\/vc_column][\/vc_row][vc_row css_animation=\u00bb\u00bb row_type=\u00bbrow\u00bb use_row_as_full_screen_section=\u00bbno\u00bb type=\u00bbfull_width\u00bb angled_section=\u00bbno\u00bb text_align=\u00bbleft\u00bb background_image_as_pattern=\u00bbwithout_pattern\u00bb][vc_column offset=\u00bbvc_hidden-lg vc_hidden-md\u00bb][vc_single_image image=\u00bb10842&#8243; img_size=\u00bbfull\u00bb alignment=\u00bbcenter\u00bb css=\u00bb\u00bb qode_css_animation=\u00bb\u00bb][vc_empty_space height=\u00bb40px\u00bb][\/vc_column][\/vc_row][vc_row css_animation=\u00bb\u00bb row_type=\u00bbrow\u00bb use_row_as_full_screen_section=\u00bbno\u00bb type=\u00bbfull_width\u00bb angled_section=\u00bbno\u00bb text_align=\u00bbleft\u00bb background_image_as_pattern=\u00bbwithout_pattern\u00bb][vc_column][vc_column_text css=\u00bb\u00bb]<\/p>\n<h2><strong>Agpograf, especialistas en relieve seco<\/strong><\/h2>\n<p>&nbsp;<\/p>\n<p>En Agpograf cuidamos cada detalle para ofrecer acabados de impresi\u00f3n que marcan la diferencia. El <strong>relieve seco<\/strong> es una t\u00e9cnica que aporta elegancia y sofisticaci\u00f3n a cualquier proyecto gr\u00e1fico. Disponemos de maquinaria de alta precisi\u00f3n y un equipo experto para garantizar que cada pieza salga impecable, con un relieve definido y atractivo, personalizado seg\u00fan el dise\u00f1o del cliente.[\/vc_column_text][\/vc_column][\/vc_row][vc_row css_animation=\u00bb\u00bb row_type=\u00bbrow\u00bb use_row_as_full_screen_section=\u00bbno\u00bb type=\u00bbfull_width\u00bb angled_section=\u00bbno\u00bb text_align=\u00bbcenter\u00bb background_image_as_pattern=\u00bbwithout_pattern\u00bb z_index=\u00bb\u00bb][vc_column][vc_empty_space height=\u00bb50px\u00bb]<a  itemprop=\"url\" href=\"https:\/\/agpograf.com\/es\/contacto\/\" target=\"_self\" data-hover-background-color=\"#F05B40\" data-hover-border-color=\"#F05B40\" data-hover-color=\"#FFFFFF\" class=\"qbutton  small center default\" style=\"color: #F05B40; border-color: #F05B40; background-color:#FFFFFF;\">SOLICITA M\u00c1S INFORMACI\u00d3N<\/a>[vc_empty_space height=\u00bb50px\u00bb][\/vc_column][\/vc_row][vc_row css_animation=\u00bb\u00bb row_type=\u00bbrow\u00bb use_row_as_full_screen_section=\u00bbno\u00bb type=\u00bbfull_width\u00bb angled_section=\u00bbno\u00bb text_align=\u00bbleft\u00bb background_image_as_pattern=\u00bbwithout_pattern\u00bb][vc_column][vc_column_text css=\u00bb\u00bb]<\/p>\n<h2><strong>Qu\u00e9 es el relieve seco y sus ventajas<\/strong><\/h2>\n<p>&nbsp;<\/p>\n<p>El <strong>relieve seco<\/strong>, tambi\u00e9n conocido como embossing, es un acabado de impresi\u00f3n que consiste en realzar una parte del dise\u00f1o mediante presi\u00f3n, sin tinta ni l\u00e1mina. Esta t\u00e9cnica crea una textura en relieve que se puede ver y notar al tacto, aportando un plus de valor visual y sensorial.<\/p>\n<p>&nbsp;<\/p>\n<p><strong>Ventajas del relieve seco:<\/strong><\/p>\n<p>&nbsp;<\/p>\n<ul>\n<li style=\"list-style-type: none;\">\n<ul>\n<li>Elegancia y exclusividad: Ideal para marcas que quieren destacar.<\/li>\n<li>Tacto premium: Genera una experiencia sensorial \u00fanica.<\/li>\n<li>Personalizaci\u00f3n total: Se puede aplicar sobre logotipos, tipograf\u00edas, iconos, etc.<\/li>\n<li>Compatible con otros acabados: Como barniz UVI o estampaci\u00f3n con foil.<\/li>\n<\/ul>\n<\/li>\n<\/ul>\n<p>&nbsp;<\/p>\n<p>&nbsp;<\/p>\n<h3><strong>Ejemplos de aplicaciones<\/strong><\/h3>\n<p>&nbsp;<\/p>\n<p>El relieve seco es perfecto para proyectos que buscan un impacto visual y emocional fuerte, especialmente en sectores donde la presentaci\u00f3n es clave.<\/p>\n<p>&nbsp;<\/p>\n<p><strong>Aplicaciones habituales:<\/strong><\/p>\n<p>&nbsp;<\/p>\n<ul>\n<li style=\"list-style-type: none;\">\n<ul>\n<li>Tarjetas de visita exclusivas<\/li>\n<li>Portadas de cat\u00e1logos o libros de lujo<\/li>\n<li>Packaging premium (perfumer\u00eda, cosm\u00e9tica, gourmet&#8230;)<\/li>\n<li>Invitaciones y felicitaciones corporativas<\/li>\n<li>Carpetas corporativas de presentaci\u00f3n<\/li>\n<\/ul>\n<\/li>\n<\/ul>\n<p>&nbsp;<\/p>\n<p>En <a href=\"https:\/\/agpograf.com\/\">Agpograf<\/a> te ayudamos a dar forma a ideas que dejan huella, literalmente. Contacta con nosotros y descubre c\u00f3mo el relieve seco puede elevar tus proyectos.[\/vc_column_text][\/vc_column][\/vc_row][vc_row css_animation=\u00bb\u00bb row_type=\u00bbrow\u00bb use_row_as_full_screen_section=\u00bbno\u00bb type=\u00bbfull_width\u00bb angled_section=\u00bbno\u00bb text_align=\u00bbcenter\u00bb background_image_as_pattern=\u00bbwithout_pattern\u00bb z_index=\u00bb\u00bb][vc_column][vc_empty_space height=\u00bb50px\u00bb]<a  itemprop=\"url\" href=\"https:\/\/agpograf.com\/es\/contacto\/\" target=\"_self\" data-hover-background-color=\"#F05B40\" data-hover-border-color=\"#F05B40\" data-hover-color=\"#FFFFFF\" class=\"qbutton  small center default\" style=\"color: #F05B40; border-color: #F05B40; background-color:#FFFFFF;\">SOLICITA M\u00c1S INFORMACI\u00d3N<\/a>[vc_empty_space height=\u00bb100px\u00bb][\/vc_column][\/vc_row]<\/p>\n<\/div>","protected":false},"excerpt":{"rendered":"<p>[vc_row css_animation=\u00bb\u00bb row_type=\u00bbrow\u00bb use_row_as_full_screen_section=\u00bbno\u00bb type=\u00bbfull_width\u00bb angled_section=\u00bbno\u00bb text_align=\u00bbleft\u00bb background_image_as_pattern=\u00bbwithout_pattern\u00bb][vc_column][vc_empty_space height=\u00bb35px\u00bb][vc_column_text] Relieve seco [\/vc_column_text][vc_empty_space height=\u00bb45px\u00bb][\/vc_column][\/vc_row][vc_row css_animation=\u00bb\u00bb row_type=\u00bbrow\u00bb use_row_as_full_screen_section=\u00bbno\u00bb type=\u00bbfull_width\u00bb angled_section=\u00bbno\u00bb text_align=\u00bbleft\u00bb background_image_as_pattern=\u00bbwithout_pattern\u00bb][vc_column offset=\u00bbvc_hidden-sm vc_hidden-xs\u00bb][tm_carousel_father theme=\u00bbcontent-over-slider\u00bb arrowclr=\u00bb#FFFFFF\u00bb dot=\u00bbfalse\u00bb][tm_carousel_son titlesize=\u00bb0&#8243; line_height=\u00bb0&#8243; image_id=\u00bb16671&#8243;][\/tm_carousel_son][tm_carousel_son titlesize=\u00bb0&#8243; line_height=\u00bb0&#8243; image_id=\u00bb17020&#8243;][\/tm_carousel_son][tm_carousel_son titlesize=\u00bb0&#8243; line_height=\u00bb0&#8243; image_id=\u00bb5726&#8243;][\/tm_carousel_son][tm_carousel_son titlesize=\u00bb0&#8243; line_height=\u00bb0&#8243; image_id=\u00bb5817&#8243;][\/tm_carousel_son][tm_carousel_son titlesize=\u00bb0&#8243; line_height=\u00bb0&#8243; image_id=\u00bb18149&#8243;][\/tm_carousel_son][tm_carousel_son titlesize=\u00bb0&#8243; line_height=\u00bb0&#8243; image_id=\u00bb5881&#8243;][\/tm_carousel_son][\/tm_carousel_father][vc_empty_space height=\u00bb12px\u00bb][\/vc_column][\/vc_row][vc_row css_animation=\u00bb\u00bb&#8230;<\/p>\n","protected":false},"author":1,"featured_media":16566,"parent":0,"menu_order":0,"comment_status":"closed","ping_status":"closed","template":"","meta":{"footnotes":""},"class_list":["post-14947","page","type-page","status-publish","has-post-thumbnail","hentry"],"yoast_head":"<!-- This site is optimized with the Yoast SEO plugin v27.5 - https:\/\/yoast.com\/product\/yoast-seo-wordpress\/ -->\n<title>Relieve seco &#8211; Agpograf Impressors<\/title>\n<meta name=\"description\" content=\"Especialistas en impresi\u00f3n con relieve seco. Tarjetas de visita, packaging, invitaciones y cubiertas de libros. Imprenta offset y digital.\" \/>\n<meta name=\"robots\" content=\"index, follow, max-snippet:-1, max-image-preview:large, max-video-preview:-1\" \/>\n<link rel=\"canonical\" href=\"https:\/\/agpograf.com\/es\/relieve-seco\/\" \/>\n<meta property=\"og:locale\" content=\"es_ES\" \/>\n<meta property=\"og:type\" content=\"article\" \/>\n<meta property=\"og:title\" content=\"Relieve seco &#8211; Agpograf Impressors\" \/>\n<meta property=\"og:description\" content=\"Especialistas en impresi\u00f3n con relieve seco. Tarjetas de visita, packaging, invitaciones y cubiertas de libros. Imprenta offset y digital.\" \/>\n<meta property=\"og:url\" content=\"https:\/\/agpograf.com\/es\/relieve-seco\/\" \/>\n<meta property=\"og:site_name\" content=\"Agpograf Impressors\" \/>\n<meta property=\"article:publisher\" content=\"https:\/\/www.facebook.com\/Agpograf\" \/>\n<meta property=\"article:modified_time\" content=\"2025-09-02T13:59:44+00:00\" \/>\n<meta property=\"og:image\" content=\"https:\/\/agpograf.com\/wp-content\/uploads\/2023\/07\/IMG_0641.jpg\" \/>\n\t<meta property=\"og:image:width\" content=\"1500\" \/>\n\t<meta property=\"og:image:height\" content=\"1000\" \/>\n\t<meta property=\"og:image:type\" content=\"image\/jpeg\" \/>\n<meta name=\"twitter:card\" content=\"summary_large_image\" \/>\n<meta name=\"twitter:label1\" content=\"Tiempo de lectura\" \/>\n\t<meta name=\"twitter:data1\" content=\"3 minutos\" \/>\n<script type=\"application\/ld+json\" class=\"yoast-schema-graph\">{\"@context\":\"https:\\\/\\\/schema.org\",\"@graph\":[{\"@type\":\"WebPage\",\"@id\":\"https:\\\/\\\/agpograf.com\\\/es\\\/relieve-seco\\\/\",\"url\":\"https:\\\/\\\/agpograf.com\\\/es\\\/relieve-seco\\\/\",\"name\":\"Relieve seco &#8211; Agpograf Impressors\",\"isPartOf\":{\"@id\":\"https:\\\/\\\/agpograf.com\\\/es\\\/#website\"},\"primaryImageOfPage\":{\"@id\":\"https:\\\/\\\/agpograf.com\\\/es\\\/relieve-seco\\\/#primaryimage\"},\"image\":{\"@id\":\"https:\\\/\\\/agpograf.com\\\/es\\\/relieve-seco\\\/#primaryimage\"},\"thumbnailUrl\":\"https:\\\/\\\/agpograf.com\\\/wp-content\\\/uploads\\\/2023\\\/07\\\/IMG_0641.jpg\",\"datePublished\":\"2022-11-20T17:53:41+00:00\",\"dateModified\":\"2025-09-02T13:59:44+00:00\",\"description\":\"Especialistas en impresi\u00f3n con relieve seco. Tarjetas de visita, packaging, invitaciones y cubiertas de libros. Imprenta offset y digital.\",\"breadcrumb\":{\"@id\":\"https:\\\/\\\/agpograf.com\\\/es\\\/relieve-seco\\\/#breadcrumb\"},\"inLanguage\":\"es\",\"potentialAction\":[{\"@type\":\"ReadAction\",\"target\":[\"https:\\\/\\\/agpograf.com\\\/es\\\/relieve-seco\\\/\"]}]},{\"@type\":\"ImageObject\",\"inLanguage\":\"es\",\"@id\":\"https:\\\/\\\/agpograf.com\\\/es\\\/relieve-seco\\\/#primaryimage\",\"url\":\"https:\\\/\\\/agpograf.com\\\/wp-content\\\/uploads\\\/2023\\\/07\\\/IMG_0641.jpg\",\"contentUrl\":\"https:\\\/\\\/agpograf.com\\\/wp-content\\\/uploads\\\/2023\\\/07\\\/IMG_0641.jpg\",\"width\":1500,\"height\":1000},{\"@type\":\"BreadcrumbList\",\"@id\":\"https:\\\/\\\/agpograf.com\\\/es\\\/relieve-seco\\\/#breadcrumb\",\"itemListElement\":[{\"@type\":\"ListItem\",\"position\":1,\"name\":\"Inici\",\"item\":\"https:\\\/\\\/agpograf.com\\\/es\\\/\"},{\"@type\":\"ListItem\",\"position\":2,\"name\":\"Relieve seco\"}]},{\"@type\":\"WebSite\",\"@id\":\"https:\\\/\\\/agpograf.com\\\/es\\\/#website\",\"url\":\"https:\\\/\\\/agpograf.com\\\/es\\\/\",\"name\":\"Agpograf Impressors\",\"description\":\"Printing your dreams\",\"publisher\":{\"@id\":\"https:\\\/\\\/agpograf.com\\\/es\\\/#organization\"},\"potentialAction\":[{\"@type\":\"SearchAction\",\"target\":{\"@type\":\"EntryPoint\",\"urlTemplate\":\"https:\\\/\\\/agpograf.com\\\/es\\\/?s={search_term_string}\"},\"query-input\":{\"@type\":\"PropertyValueSpecification\",\"valueRequired\":true,\"valueName\":\"search_term_string\"}}],\"inLanguage\":\"es\"},{\"@type\":\"Organization\",\"@id\":\"https:\\\/\\\/agpograf.com\\\/es\\\/#organization\",\"name\":\"Agpograf Impressors\",\"url\":\"https:\\\/\\\/agpograf.com\\\/es\\\/\",\"logo\":{\"@type\":\"ImageObject\",\"inLanguage\":\"es\",\"@id\":\"https:\\\/\\\/agpograf.com\\\/es\\\/#\\\/schema\\\/logo\\\/image\\\/\",\"url\":\"https:\\\/\\\/www.agpograf.com\\\/wp-content\\\/uploads\\\/2020\\\/01\\\/Agpgoraf-Impressors-logo.png\",\"contentUrl\":\"https:\\\/\\\/www.agpograf.com\\\/wp-content\\\/uploads\\\/2020\\\/01\\\/Agpgoraf-Impressors-logo.png\",\"width\":601,\"height\":477,\"caption\":\"Agpograf Impressors\"},\"image\":{\"@id\":\"https:\\\/\\\/agpograf.com\\\/es\\\/#\\\/schema\\\/logo\\\/image\\\/\"},\"sameAs\":[\"https:\\\/\\\/www.facebook.com\\\/Agpograf\",\"https:\\\/\\\/www.instagram.com\\\/agpograf_impressors\\\/\",\"https:\\\/\\\/www.linkedin.com\\\/company\\\/agpograf-impressors\\\/about\\\/\",\"https:\\\/\\\/www.youtube.com\\\/channel\\\/UC1vXUlhI2NeafCFLhfnrQXw\",\"https:\\\/\\\/www.behance.net\\\/agpografimpressors\"]}]}<\/script>\n<!-- \/ Yoast SEO plugin. -->","yoast_head_json":{"title":"Relieve seco &#8211; Agpograf Impressors","description":"Especialistas en impresi\u00f3n con relieve seco. Tarjetas de visita, packaging, invitaciones y cubiertas de libros. Imprenta offset y digital.","robots":{"index":"index","follow":"follow","max-snippet":"max-snippet:-1","max-image-preview":"max-image-preview:large","max-video-preview":"max-video-preview:-1"},"canonical":"https:\/\/agpograf.com\/es\/relieve-seco\/","og_locale":"es_ES","og_type":"article","og_title":"Relieve seco &#8211; Agpograf Impressors","og_description":"Especialistas en impresi\u00f3n con relieve seco. Tarjetas de visita, packaging, invitaciones y cubiertas de libros. Imprenta offset y digital.","og_url":"https:\/\/agpograf.com\/es\/relieve-seco\/","og_site_name":"Agpograf Impressors","article_publisher":"https:\/\/www.facebook.com\/Agpograf","article_modified_time":"2025-09-02T13:59:44+00:00","og_image":[{"width":1500,"height":1000,"url":"https:\/\/agpograf.com\/wp-content\/uploads\/2023\/07\/IMG_0641.jpg","type":"image\/jpeg"}],"twitter_card":"summary_large_image","twitter_misc":{"Tiempo de lectura":"3 minutos"},"schema":{"@context":"https:\/\/schema.org","@graph":[{"@type":"WebPage","@id":"https:\/\/agpograf.com\/es\/relieve-seco\/","url":"https:\/\/agpograf.com\/es\/relieve-seco\/","name":"Relieve seco &#8211; Agpograf Impressors","isPartOf":{"@id":"https:\/\/agpograf.com\/es\/#website"},"primaryImageOfPage":{"@id":"https:\/\/agpograf.com\/es\/relieve-seco\/#primaryimage"},"image":{"@id":"https:\/\/agpograf.com\/es\/relieve-seco\/#primaryimage"},"thumbnailUrl":"https:\/\/agpograf.com\/wp-content\/uploads\/2023\/07\/IMG_0641.jpg","datePublished":"2022-11-20T17:53:41+00:00","dateModified":"2025-09-02T13:59:44+00:00","description":"Especialistas en impresi\u00f3n con relieve seco. Tarjetas de visita, packaging, invitaciones y cubiertas de libros. Imprenta offset y digital.","breadcrumb":{"@id":"https:\/\/agpograf.com\/es\/relieve-seco\/#breadcrumb"},"inLanguage":"es","potentialAction":[{"@type":"ReadAction","target":["https:\/\/agpograf.com\/es\/relieve-seco\/"]}]},{"@type":"ImageObject","inLanguage":"es","@id":"https:\/\/agpograf.com\/es\/relieve-seco\/#primaryimage","url":"https:\/\/agpograf.com\/wp-content\/uploads\/2023\/07\/IMG_0641.jpg","contentUrl":"https:\/\/agpograf.com\/wp-content\/uploads\/2023\/07\/IMG_0641.jpg","width":1500,"height":1000},{"@type":"BreadcrumbList","@id":"https:\/\/agpograf.com\/es\/relieve-seco\/#breadcrumb","itemListElement":[{"@type":"ListItem","position":1,"name":"Inici","item":"https:\/\/agpograf.com\/es\/"},{"@type":"ListItem","position":2,"name":"Relieve seco"}]},{"@type":"WebSite","@id":"https:\/\/agpograf.com\/es\/#website","url":"https:\/\/agpograf.com\/es\/","name":"Agpograf Impressors","description":"Printing your dreams","publisher":{"@id":"https:\/\/agpograf.com\/es\/#organization"},"potentialAction":[{"@type":"SearchAction","target":{"@type":"EntryPoint","urlTemplate":"https:\/\/agpograf.com\/es\/?s={search_term_string}"},"query-input":{"@type":"PropertyValueSpecification","valueRequired":true,"valueName":"search_term_string"}}],"inLanguage":"es"},{"@type":"Organization","@id":"https:\/\/agpograf.com\/es\/#organization","name":"Agpograf Impressors","url":"https:\/\/agpograf.com\/es\/","logo":{"@type":"ImageObject","inLanguage":"es","@id":"https:\/\/agpograf.com\/es\/#\/schema\/logo\/image\/","url":"https:\/\/www.agpograf.com\/wp-content\/uploads\/2020\/01\/Agpgoraf-Impressors-logo.png","contentUrl":"https:\/\/www.agpograf.com\/wp-content\/uploads\/2020\/01\/Agpgoraf-Impressors-logo.png","width":601,"height":477,"caption":"Agpograf Impressors"},"image":{"@id":"https:\/\/agpograf.com\/es\/#\/schema\/logo\/image\/"},"sameAs":["https:\/\/www.facebook.com\/Agpograf","https:\/\/www.instagram.com\/agpograf_impressors\/","https:\/\/www.linkedin.com\/company\/agpograf-impressors\/about\/","https:\/\/www.youtube.com\/channel\/UC1vXUlhI2NeafCFLhfnrQXw","https:\/\/www.behance.net\/agpografimpressors"]}]}},"_links":{"self":[{"href":"https:\/\/agpograf.com\/es\/wp-json\/wp\/v2\/pages\/14947","targetHints":{"allow":["GET"]}}],"collection":[{"href":"https:\/\/agpograf.com\/es\/wp-json\/wp\/v2\/pages"}],"about":[{"href":"https:\/\/agpograf.com\/es\/wp-json\/wp\/v2\/types\/page"}],"author":[{"embeddable":true,"href":"https:\/\/agpograf.com\/es\/wp-json\/wp\/v2\/users\/1"}],"replies":[{"embeddable":true,"href":"https:\/\/agpograf.com\/es\/wp-json\/wp\/v2\/comments?post=14947"}],"version-history":[{"count":5,"href":"https:\/\/agpograf.com\/es\/wp-json\/wp\/v2\/pages\/14947\/revisions"}],"predecessor-version":[{"id":28201,"href":"https:\/\/agpograf.com\/es\/wp-json\/wp\/v2\/pages\/14947\/revisions\/28201"}],"wp:featuredmedia":[{"embeddable":true,"href":"https:\/\/agpograf.com\/es\/wp-json\/wp\/v2\/media\/16566"}],"wp:attachment":[{"href":"https:\/\/agpograf.com\/es\/wp-json\/wp\/v2\/media?parent=14947"}],"curies":[{"name":"wp","href":"https:\/\/api.w.org\/{rel}","templated":true}]}}