{"id":14920,"date":"2022-11-20T19:40:26","date_gmt":"2022-11-20T17:40:26","guid":{"rendered":"https:\/\/agpograf.cmsfacil.eu\/?page_id=14920"},"modified":"2025-09-02T15:49:17","modified_gmt":"2025-09-02T13:49:17","slug":"estampacion","status":"publish","type":"page","link":"https:\/\/agpograf.com\/es\/estampacion\/","title":{"rendered":"Estampaci\u00f3n"},"content":{"rendered":"<div class=\"wpb-content-wrapper\"><p>[vc_row css_animation=\u00bb\u00bb row_type=\u00bbrow\u00bb use_row_as_full_screen_section=\u00bbno\u00bb type=\u00bbfull_width\u00bb angled_section=\u00bbno\u00bb text_align=\u00bbleft\u00bb background_image_as_pattern=\u00bbwithout_pattern\u00bb][vc_column][vc_empty_space height=\u00bb35px\u00bb][vc_column_text]<\/p>\n<h1 style=\"text-align: center;\">Estampaci\u00f3n<\/h1>\n<p>[\/vc_column_text][vc_empty_space height=\u00bb45px\u00bb][\/vc_column][\/vc_row][vc_row css_animation=\u00bb\u00bb row_type=\u00bbrow\u00bb use_row_as_full_screen_section=\u00bbno\u00bb type=\u00bbfull_width\u00bb angled_section=\u00bbno\u00bb text_align=\u00bbleft\u00bb background_image_as_pattern=\u00bbwithout_pattern\u00bb][vc_column offset=\u00bbvc_hidden-sm vc_hidden-xs\u00bb][tm_carousel_father theme=\u00bbcontent-over-slider\u00bb arrowclr=\u00bb#FFFFFF\u00bb dot=\u00bbfalse\u00bb][tm_carousel_son titlesize=\u00bb0&#8243; line_height=\u00bb0&#8243; image_id=\u00bb16115&#8243;][\/tm_carousel_son][tm_carousel_son titlesize=\u00bb0&#8243; line_height=\u00bb0&#8243; image_id=\u00bb6228&#8243;][\/tm_carousel_son][tm_carousel_son titlesize=\u00bb0&#8243; line_height=\u00bb0&#8243; image_id=\u00bb6245&#8243;][\/tm_carousel_son][tm_carousel_son titlesize=\u00bb0&#8243; line_height=\u00bb0&#8243; image_id=\u00bb5627&#8243;][\/tm_carousel_son][tm_carousel_son titlesize=\u00bb0&#8243; line_height=\u00bb0&#8243; image_id=\u00bb6581&#8243;][\/tm_carousel_son][tm_carousel_son titlesize=\u00bb0&#8243; line_height=\u00bb0&#8243; image_id=\u00bb6107&#8243;][\/tm_carousel_son][\/tm_carousel_father][vc_empty_space height=\u00bb12px\u00bb][\/vc_column][\/vc_row][vc_row css_animation=\u00bb\u00bb row_type=\u00bbrow\u00bb use_row_as_full_screen_section=\u00bbno\u00bb type=\u00bbfull_width\u00bb angled_section=\u00bbno\u00bb text_align=\u00bbleft\u00bb background_image_as_pattern=\u00bbwithout_pattern\u00bb][vc_column offset=\u00bbvc_hidden-lg vc_hidden-md\u00bb][vc_single_image image=\u00bb11988&#8243; img_size=\u00bbfull\u00bb css=\u00bb\u00bb qode_css_animation=\u00bb\u00bb][vc_empty_space height=\u00bb40px\u00bb][\/vc_column][\/vc_row][vc_row css_animation=\u00bb\u00bb row_type=\u00bbrow\u00bb use_row_as_full_screen_section=\u00bbno\u00bb type=\u00bbfull_width\u00bb angled_section=\u00bbno\u00bb text_align=\u00bbleft\u00bb background_image_as_pattern=\u00bbwithout_pattern\u00bb][vc_column][vc_column_text css=\u00bb\u00bb]<\/p>\n<h2><strong>Agpograf, especialistas en <em>stamping<\/em><\/strong><\/h2>\n<p>&nbsp;<\/p>\n<p>En Agpograf cuidamos cada proyecto hasta el m\u00ednimo detalle, y la estampaci\u00f3n en caliente es una de las t\u00e9cnicas m\u00e1s valoradas para aportar <strong>brillo, prestigio y diferenciaci\u00f3n<\/strong>. Trabajamos con l\u00e1minas de la marca <strong>KURZ<\/strong>, referente mundial en calidad e innovaci\u00f3n en <em>stamping<\/em>, y ofrecemos una amplia gama de foils: oro, plata, colores met\u00e1licos, hologr\u00e1ficos y m\u00e1s.[\/vc_column_text][\/vc_column][\/vc_row][vc_row css_animation=\u00bb\u00bb row_type=\u00bbrow\u00bb use_row_as_full_screen_section=\u00bbno\u00bb type=\u00bbfull_width\u00bb angled_section=\u00bbno\u00bb text_align=\u00bbcenter\u00bb background_image_as_pattern=\u00bbwithout_pattern\u00bb z_index=\u00bb\u00bb][vc_column][vc_empty_space height=\u00bb50px\u00bb]<a  itemprop=\"url\" href=\"https:\/\/agpograf.com\/es\/contacto\/https:\/\/agpograf.com\/es\/contacto\/\" target=\"_self\" data-hover-background-color=\"#F05B40\" data-hover-border-color=\"#F05B40\" data-hover-color=\"#FFFFFF\" class=\"qbutton  small center default\" style=\"color: #F05B40; border-color: #F05B40; background-color:#FFFFFF;\">SOLICITA M\u00c1S INFORMACI\u00d3N<\/a>[vc_empty_space height=\u00bb50px\u00bb][\/vc_column][\/vc_row][vc_row css_animation=\u00bb\u00bb row_type=\u00bbrow\u00bb use_row_as_full_screen_section=\u00bbno\u00bb type=\u00bbfull_width\u00bb angled_section=\u00bbno\u00bb text_align=\u00bbleft\u00bb background_image_as_pattern=\u00bbwithout_pattern\u00bb][vc_column][vc_column_text css=\u00bb\u00bb]<\/p>\n<h2><strong>Qu\u00e9 es el <em>stamping<\/em> y sus ventajas<\/strong><\/h2>\n<p>&nbsp;<\/p>\n<p>La <strong>estampaci\u00f3n con foil<\/strong> (tambi\u00e9n conocida como <strong>estampaci\u00f3n en caliente<\/strong> o <strong><em>hot foil stamping<\/em><\/strong>) consiste en aplicar una l\u00e1mina sobre el soporte mediante calor y presi\u00f3n. El resultado es un acabado <strong>luminoso y elegante<\/strong>, ideal para resaltar logotipos, textos o motivos gr\u00e1ficos.<\/p>\n<p>&nbsp;<\/p>\n<p><strong>Ventajas del <em>stamping<\/em>:<\/strong><\/p>\n<p>&nbsp;<\/p>\n<ul>\n<li style=\"list-style-type: none;\">\n<ul>\n<li>Ideal para acabados premium: Elegancia y visibilidad.<\/li>\n<li>Amplia gama de tonalidades: L\u00e1minas doradas, plateadas, negras, de colores, perladas u hologr\u00e1ficas.<\/li>\n<li>Gran resistencia y durabilidad. Incluso sobre superficies rugosas o con relieve.<\/li>\n<li>Compatible con otras t\u00e9cnicas: como el relieve en seco o el barniz selectivo.<\/li>\n<li>Foils KURZ: m\u00e1xima calidad, definici\u00f3n y acabados innovadores.<\/li>\n<\/ul>\n<\/li>\n<\/ul>\n<p>&nbsp;<\/p>\n<p>&nbsp;<\/p>\n<h3><strong>Ejemplos de aplicaciones<\/strong><\/h3>\n<p>&nbsp;<\/p>\n<p>La estampaci\u00f3n es perfecta para proyectos que buscan cautivar visualmente y transmitir exclusividad.<\/p>\n<p>&nbsp;<\/p>\n<p><strong>Aplicaciones habituales:<\/strong><\/p>\n<p>&nbsp;<\/p>\n<ul>\n<li style=\"list-style-type: none;\">\n<ul>\n<li>Tarjetas de visita o invitaciones de lujo<\/li>\n<li>Packaging para cosm\u00e9tica, perfumer\u00eda o productos gourmet<\/li>\n<li>Portadas de libros y cat\u00e1logos<\/li>\n<li>Carpetas y elementos corporativos<\/li>\n<li>Etiquetas de productos premium<\/li>\n<\/ul>\n<\/li>\n<\/ul>\n<p>&nbsp;<\/p>\n<p>En <a href=\"https:\/\/agpograf.com\/es\/\">Agpograf<\/a> te asesoramos para encontrar el foil ideal y la mejor manera de aplicarlo a tu proyecto. Haz brillar tu marca con el stamping.[\/vc_column_text][\/vc_column][\/vc_row][vc_row css_animation=\u00bb\u00bb row_type=\u00bbrow\u00bb use_row_as_full_screen_section=\u00bbno\u00bb type=\u00bbfull_width\u00bb angled_section=\u00bbno\u00bb text_align=\u00bbcenter\u00bb background_image_as_pattern=\u00bbwithout_pattern\u00bb z_index=\u00bb\u00bb][vc_column][vc_empty_space height=\u00bb50px\u00bb]<a  itemprop=\"url\" href=\"https:\/\/agpograf.com\/es\/contacto\/\" target=\"_self\" data-hover-background-color=\"#F05B40\" data-hover-border-color=\"#F05B40\" data-hover-color=\"#FFFFFF\" class=\"qbutton  small center default\" style=\"color: #F05B40; border-color: #F05B40; background-color:#FFFFFF;\">SOLICITA M\u00c1S INFORMACI\u00d3N<\/a>[vc_empty_space height=\u00bb100px\u00bb][\/vc_column][\/vc_row]<\/p>\n<\/div>","protected":false},"excerpt":{"rendered":"<p>[vc_row css_animation=\u00bb\u00bb row_type=\u00bbrow\u00bb use_row_as_full_screen_section=\u00bbno\u00bb type=\u00bbfull_width\u00bb angled_section=\u00bbno\u00bb text_align=\u00bbleft\u00bb background_image_as_pattern=\u00bbwithout_pattern\u00bb][vc_column][vc_empty_space height=\u00bb35px\u00bb][vc_column_text] Estampaci\u00f3n [\/vc_column_text][vc_empty_space height=\u00bb45px\u00bb][\/vc_column][\/vc_row][vc_row css_animation=\u00bb\u00bb row_type=\u00bbrow\u00bb use_row_as_full_screen_section=\u00bbno\u00bb type=\u00bbfull_width\u00bb angled_section=\u00bbno\u00bb text_align=\u00bbleft\u00bb background_image_as_pattern=\u00bbwithout_pattern\u00bb][vc_column offset=\u00bbvc_hidden-sm vc_hidden-xs\u00bb][tm_carousel_father theme=\u00bbcontent-over-slider\u00bb arrowclr=\u00bb#FFFFFF\u00bb dot=\u00bbfalse\u00bb][tm_carousel_son titlesize=\u00bb0&#8243; line_height=\u00bb0&#8243; image_id=\u00bb16115&#8243;][\/tm_carousel_son][tm_carousel_son titlesize=\u00bb0&#8243; line_height=\u00bb0&#8243; image_id=\u00bb6228&#8243;][\/tm_carousel_son][tm_carousel_son titlesize=\u00bb0&#8243; line_height=\u00bb0&#8243; image_id=\u00bb6245&#8243;][\/tm_carousel_son][tm_carousel_son titlesize=\u00bb0&#8243; line_height=\u00bb0&#8243; image_id=\u00bb5627&#8243;][\/tm_carousel_son][tm_carousel_son titlesize=\u00bb0&#8243; line_height=\u00bb0&#8243; image_id=\u00bb6581&#8243;][\/tm_carousel_son][tm_carousel_son titlesize=\u00bb0&#8243; line_height=\u00bb0&#8243; image_id=\u00bb6107&#8243;][\/tm_carousel_son][\/tm_carousel_father][vc_empty_space height=\u00bb12px\u00bb][\/vc_column][\/vc_row][vc_row css_animation=\u00bb\u00bb row_type=\u00bbrow\u00bb&#8230;<\/p>\n","protected":false},"author":1,"featured_media":12171,"parent":0,"menu_order":0,"comment_status":"closed","ping_status":"closed","template":"","meta":{"footnotes":""},"class_list":["post-14920","page","type-page","status-publish","has-post-thumbnail","hentry"],"yoast_head":"<!-- This site is optimized with the Yoast SEO plugin v27.3 - https:\/\/yoast.com\/product\/yoast-seo-wordpress\/ -->\n<title>Estampaci\u00f3n &#8211; Agpograf Impressors<\/title>\n<meta name=\"description\" content=\"Imprenta especializada en stamping con foil KURZ. Acabados premium para tarjetas, packaging, cubiertas y m\u00e1s. Descubre el efecto brillo en Agpograf.\" \/>\n<meta name=\"robots\" content=\"index, follow, max-snippet:-1, max-image-preview:large, max-video-preview:-1\" \/>\n<link rel=\"canonical\" href=\"https:\/\/agpograf.com\/es\/estampacion\/\" \/>\n<meta property=\"og:locale\" content=\"es_ES\" \/>\n<meta property=\"og:type\" content=\"article\" \/>\n<meta property=\"og:title\" content=\"Estampaci\u00f3n &#8211; Agpograf Impressors\" \/>\n<meta property=\"og:description\" content=\"Imprenta especializada en stamping con foil KURZ. Acabados premium para tarjetas, packaging, cubiertas y m\u00e1s. Descubre el efecto brillo en Agpograf.\" \/>\n<meta property=\"og:url\" content=\"https:\/\/agpograf.com\/es\/estampacion\/\" \/>\n<meta property=\"og:site_name\" content=\"Agpograf Impressors\" \/>\n<meta property=\"article:publisher\" content=\"https:\/\/www.facebook.com\/Agpograf\" \/>\n<meta property=\"article:modified_time\" content=\"2025-09-02T13:49:17+00:00\" \/>\n<meta property=\"og:image\" content=\"https:\/\/agpograf.com\/wp-content\/uploads\/2022\/04\/Estampacio-Agpograf.jpg\" \/>\n\t<meta property=\"og:image:width\" content=\"800\" \/>\n\t<meta property=\"og:image:height\" content=\"800\" \/>\n\t<meta property=\"og:image:type\" content=\"image\/jpeg\" \/>\n<meta name=\"twitter:card\" content=\"summary_large_image\" \/>\n<meta name=\"twitter:label1\" content=\"Tiempo de lectura\" \/>\n\t<meta name=\"twitter:data1\" content=\"3 minutos\" \/>\n<script type=\"application\/ld+json\" class=\"yoast-schema-graph\">{\"@context\":\"https:\\\/\\\/schema.org\",\"@graph\":[{\"@type\":\"WebPage\",\"@id\":\"https:\\\/\\\/agpograf.com\\\/es\\\/estampacion\\\/\",\"url\":\"https:\\\/\\\/agpograf.com\\\/es\\\/estampacion\\\/\",\"name\":\"Estampaci\u00f3n &#8211; Agpograf Impressors\",\"isPartOf\":{\"@id\":\"https:\\\/\\\/agpograf.com\\\/es\\\/#website\"},\"primaryImageOfPage\":{\"@id\":\"https:\\\/\\\/agpograf.com\\\/es\\\/estampacion\\\/#primaryimage\"},\"image\":{\"@id\":\"https:\\\/\\\/agpograf.com\\\/es\\\/estampacion\\\/#primaryimage\"},\"thumbnailUrl\":\"https:\\\/\\\/agpograf.com\\\/wp-content\\\/uploads\\\/2022\\\/04\\\/Estampacio-Agpograf.jpg\",\"datePublished\":\"2022-11-20T17:40:26+00:00\",\"dateModified\":\"2025-09-02T13:49:17+00:00\",\"description\":\"Imprenta especializada en stamping con foil KURZ. Acabados premium para tarjetas, packaging, cubiertas y m\u00e1s. Descubre el efecto brillo en Agpograf.\",\"breadcrumb\":{\"@id\":\"https:\\\/\\\/agpograf.com\\\/es\\\/estampacion\\\/#breadcrumb\"},\"inLanguage\":\"es\",\"potentialAction\":[{\"@type\":\"ReadAction\",\"target\":[\"https:\\\/\\\/agpograf.com\\\/es\\\/estampacion\\\/\"]}]},{\"@type\":\"ImageObject\",\"inLanguage\":\"es\",\"@id\":\"https:\\\/\\\/agpograf.com\\\/es\\\/estampacion\\\/#primaryimage\",\"url\":\"https:\\\/\\\/agpograf.com\\\/wp-content\\\/uploads\\\/2022\\\/04\\\/Estampacio-Agpograf.jpg\",\"contentUrl\":\"https:\\\/\\\/agpograf.com\\\/wp-content\\\/uploads\\\/2022\\\/04\\\/Estampacio-Agpograf.jpg\",\"width\":800,\"height\":800},{\"@type\":\"BreadcrumbList\",\"@id\":\"https:\\\/\\\/agpograf.com\\\/es\\\/estampacion\\\/#breadcrumb\",\"itemListElement\":[{\"@type\":\"ListItem\",\"position\":1,\"name\":\"Inici\",\"item\":\"https:\\\/\\\/agpograf.com\\\/es\\\/\"},{\"@type\":\"ListItem\",\"position\":2,\"name\":\"Estampaci\u00f3n\"}]},{\"@type\":\"WebSite\",\"@id\":\"https:\\\/\\\/agpograf.com\\\/es\\\/#website\",\"url\":\"https:\\\/\\\/agpograf.com\\\/es\\\/\",\"name\":\"Agpograf Impressors\",\"description\":\"Printing your dreams\",\"publisher\":{\"@id\":\"https:\\\/\\\/agpograf.com\\\/es\\\/#organization\"},\"potentialAction\":[{\"@type\":\"SearchAction\",\"target\":{\"@type\":\"EntryPoint\",\"urlTemplate\":\"https:\\\/\\\/agpograf.com\\\/es\\\/?s={search_term_string}\"},\"query-input\":{\"@type\":\"PropertyValueSpecification\",\"valueRequired\":true,\"valueName\":\"search_term_string\"}}],\"inLanguage\":\"es\"},{\"@type\":\"Organization\",\"@id\":\"https:\\\/\\\/agpograf.com\\\/es\\\/#organization\",\"name\":\"Agpograf Impressors\",\"url\":\"https:\\\/\\\/agpograf.com\\\/es\\\/\",\"logo\":{\"@type\":\"ImageObject\",\"inLanguage\":\"es\",\"@id\":\"https:\\\/\\\/agpograf.com\\\/es\\\/#\\\/schema\\\/logo\\\/image\\\/\",\"url\":\"https:\\\/\\\/www.agpograf.com\\\/wp-content\\\/uploads\\\/2020\\\/01\\\/Agpgoraf-Impressors-logo.png\",\"contentUrl\":\"https:\\\/\\\/www.agpograf.com\\\/wp-content\\\/uploads\\\/2020\\\/01\\\/Agpgoraf-Impressors-logo.png\",\"width\":601,\"height\":477,\"caption\":\"Agpograf Impressors\"},\"image\":{\"@id\":\"https:\\\/\\\/agpograf.com\\\/es\\\/#\\\/schema\\\/logo\\\/image\\\/\"},\"sameAs\":[\"https:\\\/\\\/www.facebook.com\\\/Agpograf\",\"https:\\\/\\\/www.instagram.com\\\/agpograf_impressors\\\/\",\"https:\\\/\\\/www.linkedin.com\\\/company\\\/agpograf-impressors\\\/about\\\/\",\"https:\\\/\\\/www.youtube.com\\\/channel\\\/UC1vXUlhI2NeafCFLhfnrQXw\",\"https:\\\/\\\/www.behance.net\\\/agpografimpressors\"]}]}<\/script>\n<!-- \/ Yoast SEO plugin. -->","yoast_head_json":{"title":"Estampaci\u00f3n &#8211; Agpograf Impressors","description":"Imprenta especializada en stamping con foil KURZ. Acabados premium para tarjetas, packaging, cubiertas y m\u00e1s. Descubre el efecto brillo en Agpograf.","robots":{"index":"index","follow":"follow","max-snippet":"max-snippet:-1","max-image-preview":"max-image-preview:large","max-video-preview":"max-video-preview:-1"},"canonical":"https:\/\/agpograf.com\/es\/estampacion\/","og_locale":"es_ES","og_type":"article","og_title":"Estampaci\u00f3n &#8211; Agpograf Impressors","og_description":"Imprenta especializada en stamping con foil KURZ. Acabados premium para tarjetas, packaging, cubiertas y m\u00e1s. Descubre el efecto brillo en Agpograf.","og_url":"https:\/\/agpograf.com\/es\/estampacion\/","og_site_name":"Agpograf Impressors","article_publisher":"https:\/\/www.facebook.com\/Agpograf","article_modified_time":"2025-09-02T13:49:17+00:00","og_image":[{"width":800,"height":800,"url":"https:\/\/agpograf.com\/wp-content\/uploads\/2022\/04\/Estampacio-Agpograf.jpg","type":"image\/jpeg"}],"twitter_card":"summary_large_image","twitter_misc":{"Tiempo de lectura":"3 minutos"},"schema":{"@context":"https:\/\/schema.org","@graph":[{"@type":"WebPage","@id":"https:\/\/agpograf.com\/es\/estampacion\/","url":"https:\/\/agpograf.com\/es\/estampacion\/","name":"Estampaci\u00f3n &#8211; Agpograf Impressors","isPartOf":{"@id":"https:\/\/agpograf.com\/es\/#website"},"primaryImageOfPage":{"@id":"https:\/\/agpograf.com\/es\/estampacion\/#primaryimage"},"image":{"@id":"https:\/\/agpograf.com\/es\/estampacion\/#primaryimage"},"thumbnailUrl":"https:\/\/agpograf.com\/wp-content\/uploads\/2022\/04\/Estampacio-Agpograf.jpg","datePublished":"2022-11-20T17:40:26+00:00","dateModified":"2025-09-02T13:49:17+00:00","description":"Imprenta especializada en stamping con foil KURZ. Acabados premium para tarjetas, packaging, cubiertas y m\u00e1s. Descubre el efecto brillo en Agpograf.","breadcrumb":{"@id":"https:\/\/agpograf.com\/es\/estampacion\/#breadcrumb"},"inLanguage":"es","potentialAction":[{"@type":"ReadAction","target":["https:\/\/agpograf.com\/es\/estampacion\/"]}]},{"@type":"ImageObject","inLanguage":"es","@id":"https:\/\/agpograf.com\/es\/estampacion\/#primaryimage","url":"https:\/\/agpograf.com\/wp-content\/uploads\/2022\/04\/Estampacio-Agpograf.jpg","contentUrl":"https:\/\/agpograf.com\/wp-content\/uploads\/2022\/04\/Estampacio-Agpograf.jpg","width":800,"height":800},{"@type":"BreadcrumbList","@id":"https:\/\/agpograf.com\/es\/estampacion\/#breadcrumb","itemListElement":[{"@type":"ListItem","position":1,"name":"Inici","item":"https:\/\/agpograf.com\/es\/"},{"@type":"ListItem","position":2,"name":"Estampaci\u00f3n"}]},{"@type":"WebSite","@id":"https:\/\/agpograf.com\/es\/#website","url":"https:\/\/agpograf.com\/es\/","name":"Agpograf Impressors","description":"Printing your dreams","publisher":{"@id":"https:\/\/agpograf.com\/es\/#organization"},"potentialAction":[{"@type":"SearchAction","target":{"@type":"EntryPoint","urlTemplate":"https:\/\/agpograf.com\/es\/?s={search_term_string}"},"query-input":{"@type":"PropertyValueSpecification","valueRequired":true,"valueName":"search_term_string"}}],"inLanguage":"es"},{"@type":"Organization","@id":"https:\/\/agpograf.com\/es\/#organization","name":"Agpograf Impressors","url":"https:\/\/agpograf.com\/es\/","logo":{"@type":"ImageObject","inLanguage":"es","@id":"https:\/\/agpograf.com\/es\/#\/schema\/logo\/image\/","url":"https:\/\/www.agpograf.com\/wp-content\/uploads\/2020\/01\/Agpgoraf-Impressors-logo.png","contentUrl":"https:\/\/www.agpograf.com\/wp-content\/uploads\/2020\/01\/Agpgoraf-Impressors-logo.png","width":601,"height":477,"caption":"Agpograf Impressors"},"image":{"@id":"https:\/\/agpograf.com\/es\/#\/schema\/logo\/image\/"},"sameAs":["https:\/\/www.facebook.com\/Agpograf","https:\/\/www.instagram.com\/agpograf_impressors\/","https:\/\/www.linkedin.com\/company\/agpograf-impressors\/about\/","https:\/\/www.youtube.com\/channel\/UC1vXUlhI2NeafCFLhfnrQXw","https:\/\/www.behance.net\/agpografimpressors"]}]}},"_links":{"self":[{"href":"https:\/\/agpograf.com\/es\/wp-json\/wp\/v2\/pages\/14920","targetHints":{"allow":["GET"]}}],"collection":[{"href":"https:\/\/agpograf.com\/es\/wp-json\/wp\/v2\/pages"}],"about":[{"href":"https:\/\/agpograf.com\/es\/wp-json\/wp\/v2\/types\/page"}],"author":[{"embeddable":true,"href":"https:\/\/agpograf.com\/es\/wp-json\/wp\/v2\/users\/1"}],"replies":[{"embeddable":true,"href":"https:\/\/agpograf.com\/es\/wp-json\/wp\/v2\/comments?post=14920"}],"version-history":[{"count":6,"href":"https:\/\/agpograf.com\/es\/wp-json\/wp\/v2\/pages\/14920\/revisions"}],"predecessor-version":[{"id":28194,"href":"https:\/\/agpograf.com\/es\/wp-json\/wp\/v2\/pages\/14920\/revisions\/28194"}],"wp:featuredmedia":[{"embeddable":true,"href":"https:\/\/agpograf.com\/es\/wp-json\/wp\/v2\/media\/12171"}],"wp:attachment":[{"href":"https:\/\/agpograf.com\/es\/wp-json\/wp\/v2\/media?parent=14920"}],"curies":[{"name":"wp","href":"https:\/\/api.w.org\/{rel}","templated":true}]}}