{"id":13717,"date":"2021-07-08T09:06:38","date_gmt":"2021-07-08T07:06:38","guid":{"rendered":"https:\/\/agpograf.cmsfacil.eu\/?page_id=13717"},"modified":"2025-05-27T08:58:34","modified_gmt":"2025-05-27T06:58:34","slug":"sostenibilidad-y-conducta","status":"publish","type":"page","link":"https:\/\/agpograf.com\/es\/sostenibilidad-y-conducta\/","title":{"rendered":"Declaraci\u00f3n de sostenibilidad y c\u00f3digo de conducta"},"content":{"rendered":"<div class=\"wpb-content-wrapper\"><p>[vc_row row_type=\u00bbparallax\u00bb parallax_content_width=\u00bbin_grid\u00bb text_align=\u00bbcenter\u00bb full_screen_section_height=\u00bbno\u00bb background_image=\u00bb13195&#8243;][vc_column parallax=\u00bbcontent-moving\u00bb parallax_speed_bg=\u00bb2&#8243;][vc_row_inner row_type=\u00bbrow\u00bb type=\u00bbfull_width\u00bb text_align=\u00bbcenter\u00bb css_animation=\u00bbelement_from_bottom\u00bb][vc_column_inner offset=\u00bbvc_hidden-sm vc_hidden-xs\u00bb][vc_empty_space height=\u00bb230px\u00bb][vc_column_text]<\/p>\n<h1 style=\"text-align: center;\"><span style=\"color: #ffffff;\">Declaraci\u00f3n de sostenibilidad<br \/>\ny c\u00f3digo de conducta<\/span><\/h1>\n<p>[\/vc_column_text][vc_empty_space height=\u00bb230px\u00bb][\/vc_column_inner][\/vc_row_inner][vc_row_inner row_type=\u00bbrow\u00bb type=\u00bbfull_width\u00bb text_align=\u00bbleft\u00bb css_animation=\u00bbelement_from_bottom\u00bb][vc_column_inner offset=\u00bbvc_hidden-lg vc_hidden-md\u00bb][vc_empty_space height=\u00bb120px\u00bb][vc_column_text]<\/p>\n<h1 style=\"text-align: center;\"><span style=\"color: #ffffff;\">Declaraci\u00f3n de sostenibilidad<br \/>\ny c\u00f3digo de conducta<\/span><\/h1>\n<p>[\/vc_column_text][vc_empty_space height=\u00bb120px\u00bb][\/vc_column_inner][\/vc_row_inner][\/vc_column][\/vc_row][vc_row css_animation=\u00bb\u00bb row_type=\u00bbrow\u00bb use_row_as_full_screen_section=\u00bbno\u00bb type=\u00bbgrid\u00bb angled_section=\u00bbno\u00bb text_align=\u00bbleft\u00bb background_image_as_pattern=\u00bbwithout_pattern\u00bb z_index=\u00bb\u00bb][vc_column][vc_separator type=\u00bbtransparent\u00bb thickness=\u00bb30&#8243;][vc_column_text css=\u00bb\u00bb]<strong>DOC 5.2.2 <\/strong><br \/>\n<strong>Fecha: 06\/11\/2024<\/strong>[\/vc_column_text][vc_separator type=\u00bbtransparent\u00bb thickness=\u00bb15&#8243;][vc_column_text]<strong>Actividad<\/strong><\/p>\n<p>Comercializaci\u00f3n y fabricaci\u00f3n de productos gr\u00e1ficos desarrollando los procesos de preimpresi\u00f3n, impresi\u00f3n offset y digital, manipulaci\u00f3n y acabados. La empresa est\u00e1 ubicada en Barcelona, c\/ <span class=\"Apple-converted-space\">de la Mare de D\u00e9u de Montserrat 154<\/span>.[\/vc_column_text][vc_separator type=\u00bbtransparent\u00bb thickness=\u00bb15&#8243;][vc_column_text]<\/p>\n<h3>Valores<\/h3>\n<p>[\/vc_column_text][vc_separator type=\u00bbtransparent\u00bb thickness=\u00bb15&#8243;][vc_column_text]<strong>Integridad<\/strong><\/p>\n<p>Conseguir nuestros objetivos empresariales llevando a cabo una gesti\u00f3n \u00e9tica y transparente y haciendo crecer a la organizaci\u00f3n dando cumplimiento a nuestra misi\u00f3n, visi\u00f3n ya nuestros valores.<\/p>\n<p>&nbsp;<\/p>\n<p><strong>Orientaci\u00f3n al cliente<\/strong><\/p>\n<p>Ofrecer un servicio eficiente y de calidad, con el objetivo de la plena satisfacci\u00f3n de las expectativas de nuestros clientes y trabajar por integrar la mejora continua en nuestra gesti\u00f3n y la excelencia en nuestros servicios.<\/p>\n<p>&nbsp;<\/p>\n<p><strong>Compromiso con nuestros profesionales<\/strong><\/p>\n<p>Fomentar la implicaci\u00f3n y participaci\u00f3n de nuestros profesionales, garantizando un entorno de trabajo seguro y saludable, compartiendo conocimiento y objetivos y valorando sus ideas y aportaciones.<\/p>\n<p>&nbsp;<\/p>\n<p><strong>Implicaci\u00f3n con el territorio y la comunidad local<\/strong><\/p>\n<p>Trabajar para generar un impacto social positivo en nuestro entorno m\u00e1s cercano, buscando sinergias y colaboraciones y garantizando el equilibrio de nuestra actividad con el bienestar de la comunidad local.<\/p>\n<p>&nbsp;<\/p>\n<p><strong>Respeto por el entorno y fomento de la sostenibilidad ambiental<\/strong><\/p>\n<p>Integrar la gesti\u00f3n ambiental en nuestros servicios, garantizando la preservaci\u00f3n del medio ambiente mediante pr\u00e1cticas sostenibles y respetuosas con el entorno.[\/vc_column_text][vc_separator type=\u00bbtransparent\u00bb thickness=\u00bb40&#8243;][vc_column_text]<\/p>\n<h3>Misi\u00f3n<\/h3>\n<p>[\/vc_column_text][vc_separator type=\u00bbtransparent\u00bb thickness=\u00bb15&#8243;][vc_column_text]Ofrecer un servicio eficiente y de calidad para satisfacer las necesidades y el bienestar de nuestros clientes, contando con la implicaci\u00f3n de nuestro equipo de profesionales, siendo una empresa arraigada en el territorio y comprometida con la innovaci\u00f3n y la sostenibilidad.[\/vc_column_text][vc_separator type=\u00bbtransparent\u00bb thickness=\u00bb40&#8243;][vc_column_text]<\/p>\n<h3>Visi\u00f3n<\/h3>\n<p>[\/vc_column_text][vc_separator type=\u00bbtransparent\u00bb thickness=\u00bb15&#8243;][vc_column_text]Ser una empresa l\u00edder en el territorio, reconocida por su integridad, por su excelencia en la atenci\u00f3n al cliente y por la contribuci\u00f3n al desarrollo sostenible de la sociedad a nivel local y global.[\/vc_column_text][vc_separator type=\u00bbtransparent\u00bb thickness=\u00bb40&#8243;][vc_column_text]<\/p>\n<h3>Respeto y no discriminaci\u00f3n de las personas<\/h3>\n<p>[\/vc_column_text][vc_separator type=\u00bbtransparent\u00bb thickness=\u00bb15&#8243;][vc_column_text]Ning\u00fan trabajador de la empresa es discriminado por su origen, sexo, condici\u00f3n social, religi\u00f3n o ideolog\u00eda.<\/p>\n<p>No se tolerar\u00e1n conductas de acoso o intimidaci\u00f3n.<\/p>\n<p>El personal sabe que la empresa se rige por la igualdad de oportunidades, valorando la profesionalidad, la progresi\u00f3n de la persona y el cumplimiento de los objetivos.[\/vc_column_text][vc_separator type=\u00bbtransparent\u00bb thickness=\u00bb40&#8243;][vc_column_text]<\/p>\n<h3>Pol\u00edtica de sostenibilidad<\/h3>\n<p>[\/vc_column_text][vc_separator type=\u00bbtransparent\u00bb thickness=\u00bb15&#8243;][vc_column_text]Compromiso con la protecci\u00f3n y respeto al medio ambiente, obtenci\u00f3n de la mejora continua de los sistemas de gesti\u00f3n de la calidad ISO 9001:2015, medio ambiente 14001:2015 y cadena de custodia FSC<sup>\u00ae<\/sup> (FSC-C104592) y PEFC (PEFC\/14-38-00083), ya certificados.<\/p>\n<p>Aprovechamiento eficaz de los recursos naturales.<\/p>\n<p>Eliminaci\u00f3n o minimizaci\u00f3n de los impactos negativos de los aspectos ambientales.<\/p>\n<p>Mantenimiento y conservaci\u00f3n de la infraestructura.[\/vc_column_text][vc_separator type=\u00bbtransparent\u00bb thickness=\u00bb40&#8243;][vc_column_text]<\/p>\n<h3>\u00c9tica en los negocios<\/h3>\n<p>[\/vc_column_text][vc_separator type=\u00bbtransparent\u00bb thickness=\u00bb15&#8243;][vc_column_text]<strong>Comprensi\u00f3n de las necesidades y expectativas de las partes interesadas<\/strong><\/p>\n<p>Personal<\/p>\n<p>Clientes y proveedores<\/p>\n<p>Competencia<\/p>\n<p>Administraciones p\u00fablicas[\/vc_column_text][vc_separator type=\u00bbtransparent\u00bb thickness=\u00bb15&#8243;][vc_column_text]<strong>Personal<\/strong><\/p>\n<p>Los trabajadores pueden asociarse libremente, elegir a sus representantes y negociar colectivamente con la empresa.<\/p>\n<p>La empresa proporciona y mantiene el ambiente de trabajo adecuado, atienden a los factores sociales, psicol\u00f3gicos y f\u00edsicos.<\/p>\n<p>No se contratan trabajadores por debajo de la edad m\u00ednima legal.<\/p>\n<p>Asegurar que las condiciones de trabajo no ponen en riesgo la seguridad y salud de los trabajadores.<\/p>\n<p>Cumplimiento del reglamento vigente relativo a la protecci\u00f3n de las personas f\u00edsicas respecto al tratamiento de datos personales y libre circulaci\u00f3n de estos datos<\/p>\n<p>AGPOGRAF rechaza cualquier tipo de trabajo forzoso u obligatorio.<\/p>\n<p>Todas las relaciones con el personal empleado son voluntarias y se basan en el consentimiento mutuo.<\/p>\n<p>AGPOGRAF se compromete a proporcionar una compensaci\u00f3n econ\u00f3mica justa a los trabajadores de acuerdo con la ley aplicable, vinculada a las condiciones de m\u00e9rito y capacidad. Tambi\u00e9n se compromete a cumplir la ley aplicable en relaci\u00f3n con las horas de trabajo, incluidas las horas extraordinarias.[\/vc_column_text][vc_separator type=\u00bbtransparent\u00bb thickness=\u00bb15&#8243;][vc_column_text]<strong>Anticorrupci\u00f3n, anti soborno y \u00e9tica en los negocios<\/strong><\/p>\n<p>Cumplimiento de la pol\u00edtica de anticorrupci\u00f3n y antisoborno de obligado cumplimiento por todo el personal de la empresa.<\/p>\n<p>Limitaci\u00f3n del ofrecimiento y recepci\u00f3n de obsequios, favores personales y otro tipo de compensaciones en cualquier relaci\u00f3n comercial o institucional.<\/p>\n<p>Evitar cualquier conducta susceptible de ser considerada corrupci\u00f3n.<\/p>\n<p>Cumplimiento de los requisitos legales vigentes en las operaciones y actividades en materia de anticorrupci\u00f3n.<\/p>\n<p>Cumplimiento del c\u00f3digo \u00e9tico en los negocios a nivel institucional y tambi\u00e9n a nivel de las personas de la organizaci\u00f3n.[\/vc_column_text][vc_separator type=\u00bbtransparent\u00bb thickness=\u00bb15&#8243;][vc_column_text]<strong>Compromiso en los valores FSC<sup>\u00ae <\/sup><span class=\"Apple-converted-space\">(FSC-C104592)<\/span><\/strong><\/p>\n<p>La organizaci\u00f3n declara que, ni directa ni indirectamente desarrolla ninguna de las siguientes actividades:<\/p>\n<p>Adquisici\u00f3n de materiales procedentes de maderas no controladas o ilegales.<\/p>\n<p>Violaci\u00f3n de los derechos humanos en las operaciones relacionadas con la industria forestal.<\/p>\n<p>Modificaci\u00f3n de ning\u00fan subproceso relacionado con el proceso de transformaci\u00f3n de productos forestales.<\/p>\n<p>Introducci\u00f3n de modificaciones gen\u00e9ticas en las operaciones de transformaci\u00f3n forestal.<\/p>\n<p>Violaci\u00f3n de los principios fundamentales de la OIT acordados en la convenci\u00f3n de 1998.<\/p>\n<p>[\/vc_column_text][vc_separator type=\u00bbtransparent\u00bb thickness=\u00bb60&#8243;][vc_column_text]<\/p>\n<h3><strong>Pol\u00edtica de responsabilidad social<\/strong><\/h3>\n<p>[\/vc_column_text][vc_column_text]<\/p>\n<p class=\"p2\"><a href=\"https:\/\/agpograf.com\/wp-content\/uploads\/2023\/06\/DOC.-5.2.3-PoliticaRS-castella.pdf\" target=\"_blank\" rel=\"noopener\">Consulta nuestra pol\u00edtica de responsabilidad social.<\/a><\/p>\n<p>[\/vc_column_text][vc_separator type=\u00bbtransparent\u00bb thickness=\u00bb60&#8243;][\/vc_column][\/vc_row]<\/p>\n<\/div>","protected":false},"excerpt":{"rendered":"<p>[vc_row row_type=\u00bbparallax\u00bb parallax_content_width=\u00bbin_grid\u00bb text_align=\u00bbcenter\u00bb full_screen_section_height=\u00bbno\u00bb background_image=\u00bb13195&#8243;][vc_column parallax=\u00bbcontent-moving\u00bb parallax_speed_bg=\u00bb2&#8243;][vc_row_inner row_type=\u00bbrow\u00bb type=\u00bbfull_width\u00bb text_align=\u00bbcenter\u00bb css_animation=\u00bbelement_from_bottom\u00bb][vc_column_inner offset=\u00bbvc_hidden-sm vc_hidden-xs\u00bb][vc_empty_space height=\u00bb230px\u00bb][vc_column_text] Declaraci\u00f3n de sostenibilidad y c\u00f3digo de conducta [\/vc_column_text][vc_empty_space height=\u00bb230px\u00bb][\/vc_column_inner][\/vc_row_inner][vc_row_inner row_type=\u00bbrow\u00bb type=\u00bbfull_width\u00bb text_align=\u00bbleft\u00bb css_animation=\u00bbelement_from_bottom\u00bb][vc_column_inner offset=\u00bbvc_hidden-lg vc_hidden-md\u00bb][vc_empty_space height=\u00bb120px\u00bb][vc_column_text] Declaraci\u00f3n de sostenibilidad y c\u00f3digo de conducta [\/vc_column_text][vc_empty_space height=\u00bb120px\u00bb][\/vc_column_inner][\/vc_row_inner][\/vc_column][\/vc_row][vc_row css_animation=\u00bb\u00bb row_type=\u00bbrow\u00bb use_row_as_full_screen_section=\u00bbno\u00bb type=\u00bbgrid\u00bb angled_section=\u00bbno\u00bb&#8230;<\/p>\n","protected":false},"author":1,"featured_media":0,"parent":0,"menu_order":0,"comment_status":"closed","ping_status":"closed","template":"full_width.php","meta":{"footnotes":""},"class_list":["post-13717","page","type-page","status-publish","hentry"],"yoast_head":"<!-- This site is optimized with the Yoast SEO plugin v27.3 - https:\/\/yoast.com\/product\/yoast-seo-wordpress\/ -->\n<title>Declaraci\u00f3n de sostenibilidad y c\u00f3digo de conducta &#8211; Agpograf Impressors<\/title>\n<meta name=\"robots\" content=\"noindex, follow\" \/>\n<meta property=\"og:locale\" content=\"es_ES\" \/>\n<meta property=\"og:type\" content=\"article\" \/>\n<meta property=\"og:title\" content=\"Declaraci\u00f3n de sostenibilidad y c\u00f3digo de conducta &#8211; Agpograf Impressors\" \/>\n<meta property=\"og:description\" content=\"[vc_row row_type=\u00bbparallax\u00bb parallax_content_width=\u00bbin_grid\u00bb text_align=\u00bbcenter\u00bb full_screen_section_height=\u00bbno\u00bb background_image=\u00bb13195&#8243;][vc_column parallax=\u00bbcontent-moving\u00bb parallax_speed_bg=\u00bb2&#8243;][vc_row_inner row_type=\u00bbrow\u00bb type=\u00bbfull_width\u00bb text_align=\u00bbcenter\u00bb css_animation=\u00bbelement_from_bottom\u00bb][vc_column_inner offset=\u00bbvc_hidden-sm vc_hidden-xs\u00bb][vc_empty_space height=\u00bb230px\u00bb][vc_column_text] Declaraci\u00f3n de sostenibilidad y c\u00f3digo de conducta [\/vc_column_text][vc_empty_space height=\u00bb230px\u00bb][\/vc_column_inner][\/vc_row_inner][vc_row_inner row_type=\u00bbrow\u00bb type=\u00bbfull_width\u00bb text_align=\u00bbleft\u00bb css_animation=\u00bbelement_from_bottom\u00bb][vc_column_inner offset=\u00bbvc_hidden-lg vc_hidden-md\u00bb][vc_empty_space height=\u00bb120px\u00bb][vc_column_text] Declaraci\u00f3n de sostenibilidad y c\u00f3digo de conducta [\/vc_column_text][vc_empty_space height=\u00bb120px\u00bb][\/vc_column_inner][\/vc_row_inner][\/vc_column][\/vc_row][vc_row css_animation=\u00bb\u00bb row_type=\u00bbrow\u00bb use_row_as_full_screen_section=\u00bbno\u00bb type=\u00bbgrid\u00bb angled_section=\u00bbno\u00bb...\" \/>\n<meta property=\"og:url\" content=\"https:\/\/agpograf.com\/es\/sostenibilidad-y-conducta\/\" \/>\n<meta property=\"og:site_name\" content=\"Agpograf Impressors\" \/>\n<meta property=\"article:publisher\" content=\"https:\/\/www.facebook.com\/Agpograf\" \/>\n<meta property=\"article:modified_time\" content=\"2025-05-27T06:58:34+00:00\" \/>\n<meta name=\"twitter:card\" content=\"summary_large_image\" \/>\n<meta name=\"twitter:label1\" content=\"Tiempo de lectura\" \/>\n\t<meta name=\"twitter:data1\" content=\"5 minutos\" \/>\n<script type=\"application\/ld+json\" class=\"yoast-schema-graph\">{\"@context\":\"https:\\\/\\\/schema.org\",\"@graph\":[{\"@type\":\"WebPage\",\"@id\":\"https:\\\/\\\/agpograf.com\\\/es\\\/sostenibilidad-y-conducta\\\/\",\"url\":\"https:\\\/\\\/agpograf.com\\\/es\\\/sostenibilidad-y-conducta\\\/\",\"name\":\"Declaraci\u00f3n de sostenibilidad y c\u00f3digo de conducta &#8211; Agpograf Impressors\",\"isPartOf\":{\"@id\":\"https:\\\/\\\/agpograf.com\\\/es\\\/#website\"},\"datePublished\":\"2021-07-08T07:06:38+00:00\",\"dateModified\":\"2025-05-27T06:58:34+00:00\",\"breadcrumb\":{\"@id\":\"https:\\\/\\\/agpograf.com\\\/es\\\/sostenibilidad-y-conducta\\\/#breadcrumb\"},\"inLanguage\":\"es\",\"potentialAction\":[{\"@type\":\"ReadAction\",\"target\":[\"https:\\\/\\\/agpograf.com\\\/es\\\/sostenibilidad-y-conducta\\\/\"]}]},{\"@type\":\"BreadcrumbList\",\"@id\":\"https:\\\/\\\/agpograf.com\\\/es\\\/sostenibilidad-y-conducta\\\/#breadcrumb\",\"itemListElement\":[{\"@type\":\"ListItem\",\"position\":1,\"name\":\"Inici\",\"item\":\"https:\\\/\\\/agpograf.com\\\/es\\\/\"},{\"@type\":\"ListItem\",\"position\":2,\"name\":\"Declaraci\u00f3n de sostenibilidad y c\u00f3digo de conducta\"}]},{\"@type\":\"WebSite\",\"@id\":\"https:\\\/\\\/agpograf.com\\\/es\\\/#website\",\"url\":\"https:\\\/\\\/agpograf.com\\\/es\\\/\",\"name\":\"Agpograf Impressors\",\"description\":\"Printing your dreams\",\"publisher\":{\"@id\":\"https:\\\/\\\/agpograf.com\\\/es\\\/#organization\"},\"potentialAction\":[{\"@type\":\"SearchAction\",\"target\":{\"@type\":\"EntryPoint\",\"urlTemplate\":\"https:\\\/\\\/agpograf.com\\\/es\\\/?s={search_term_string}\"},\"query-input\":{\"@type\":\"PropertyValueSpecification\",\"valueRequired\":true,\"valueName\":\"search_term_string\"}}],\"inLanguage\":\"es\"},{\"@type\":\"Organization\",\"@id\":\"https:\\\/\\\/agpograf.com\\\/es\\\/#organization\",\"name\":\"Agpograf Impressors\",\"url\":\"https:\\\/\\\/agpograf.com\\\/es\\\/\",\"logo\":{\"@type\":\"ImageObject\",\"inLanguage\":\"es\",\"@id\":\"https:\\\/\\\/agpograf.com\\\/es\\\/#\\\/schema\\\/logo\\\/image\\\/\",\"url\":\"https:\\\/\\\/www.agpograf.com\\\/wp-content\\\/uploads\\\/2020\\\/01\\\/Agpgoraf-Impressors-logo.png\",\"contentUrl\":\"https:\\\/\\\/www.agpograf.com\\\/wp-content\\\/uploads\\\/2020\\\/01\\\/Agpgoraf-Impressors-logo.png\",\"width\":601,\"height\":477,\"caption\":\"Agpograf Impressors\"},\"image\":{\"@id\":\"https:\\\/\\\/agpograf.com\\\/es\\\/#\\\/schema\\\/logo\\\/image\\\/\"},\"sameAs\":[\"https:\\\/\\\/www.facebook.com\\\/Agpograf\",\"https:\\\/\\\/www.instagram.com\\\/agpograf_impressors\\\/\",\"https:\\\/\\\/www.linkedin.com\\\/company\\\/agpograf-impressors\\\/about\\\/\",\"https:\\\/\\\/www.youtube.com\\\/channel\\\/UC1vXUlhI2NeafCFLhfnrQXw\",\"https:\\\/\\\/www.behance.net\\\/agpografimpressors\"]}]}<\/script>\n<!-- \/ Yoast SEO plugin. -->","yoast_head_json":{"title":"Declaraci\u00f3n de sostenibilidad y c\u00f3digo de conducta &#8211; Agpograf Impressors","robots":{"index":"noindex","follow":"follow"},"og_locale":"es_ES","og_type":"article","og_title":"Declaraci\u00f3n de sostenibilidad y c\u00f3digo de conducta &#8211; Agpograf Impressors","og_description":"[vc_row row_type=\u00bbparallax\u00bb parallax_content_width=\u00bbin_grid\u00bb text_align=\u00bbcenter\u00bb full_screen_section_height=\u00bbno\u00bb background_image=\u00bb13195&#8243;][vc_column parallax=\u00bbcontent-moving\u00bb parallax_speed_bg=\u00bb2&#8243;][vc_row_inner row_type=\u00bbrow\u00bb type=\u00bbfull_width\u00bb text_align=\u00bbcenter\u00bb css_animation=\u00bbelement_from_bottom\u00bb][vc_column_inner offset=\u00bbvc_hidden-sm vc_hidden-xs\u00bb][vc_empty_space height=\u00bb230px\u00bb][vc_column_text] Declaraci\u00f3n de sostenibilidad y c\u00f3digo de conducta [\/vc_column_text][vc_empty_space height=\u00bb230px\u00bb][\/vc_column_inner][\/vc_row_inner][vc_row_inner row_type=\u00bbrow\u00bb type=\u00bbfull_width\u00bb text_align=\u00bbleft\u00bb css_animation=\u00bbelement_from_bottom\u00bb][vc_column_inner offset=\u00bbvc_hidden-lg vc_hidden-md\u00bb][vc_empty_space height=\u00bb120px\u00bb][vc_column_text] Declaraci\u00f3n de sostenibilidad y c\u00f3digo de conducta [\/vc_column_text][vc_empty_space height=\u00bb120px\u00bb][\/vc_column_inner][\/vc_row_inner][\/vc_column][\/vc_row][vc_row css_animation=\u00bb\u00bb row_type=\u00bbrow\u00bb use_row_as_full_screen_section=\u00bbno\u00bb type=\u00bbgrid\u00bb angled_section=\u00bbno\u00bb...","og_url":"https:\/\/agpograf.com\/es\/sostenibilidad-y-conducta\/","og_site_name":"Agpograf Impressors","article_publisher":"https:\/\/www.facebook.com\/Agpograf","article_modified_time":"2025-05-27T06:58:34+00:00","twitter_card":"summary_large_image","twitter_misc":{"Tiempo de lectura":"5 minutos"},"schema":{"@context":"https:\/\/schema.org","@graph":[{"@type":"WebPage","@id":"https:\/\/agpograf.com\/es\/sostenibilidad-y-conducta\/","url":"https:\/\/agpograf.com\/es\/sostenibilidad-y-conducta\/","name":"Declaraci\u00f3n de sostenibilidad y c\u00f3digo de conducta &#8211; Agpograf Impressors","isPartOf":{"@id":"https:\/\/agpograf.com\/es\/#website"},"datePublished":"2021-07-08T07:06:38+00:00","dateModified":"2025-05-27T06:58:34+00:00","breadcrumb":{"@id":"https:\/\/agpograf.com\/es\/sostenibilidad-y-conducta\/#breadcrumb"},"inLanguage":"es","potentialAction":[{"@type":"ReadAction","target":["https:\/\/agpograf.com\/es\/sostenibilidad-y-conducta\/"]}]},{"@type":"BreadcrumbList","@id":"https:\/\/agpograf.com\/es\/sostenibilidad-y-conducta\/#breadcrumb","itemListElement":[{"@type":"ListItem","position":1,"name":"Inici","item":"https:\/\/agpograf.com\/es\/"},{"@type":"ListItem","position":2,"name":"Declaraci\u00f3n de sostenibilidad y c\u00f3digo de conducta"}]},{"@type":"WebSite","@id":"https:\/\/agpograf.com\/es\/#website","url":"https:\/\/agpograf.com\/es\/","name":"Agpograf Impressors","description":"Printing your dreams","publisher":{"@id":"https:\/\/agpograf.com\/es\/#organization"},"potentialAction":[{"@type":"SearchAction","target":{"@type":"EntryPoint","urlTemplate":"https:\/\/agpograf.com\/es\/?s={search_term_string}"},"query-input":{"@type":"PropertyValueSpecification","valueRequired":true,"valueName":"search_term_string"}}],"inLanguage":"es"},{"@type":"Organization","@id":"https:\/\/agpograf.com\/es\/#organization","name":"Agpograf Impressors","url":"https:\/\/agpograf.com\/es\/","logo":{"@type":"ImageObject","inLanguage":"es","@id":"https:\/\/agpograf.com\/es\/#\/schema\/logo\/image\/","url":"https:\/\/www.agpograf.com\/wp-content\/uploads\/2020\/01\/Agpgoraf-Impressors-logo.png","contentUrl":"https:\/\/www.agpograf.com\/wp-content\/uploads\/2020\/01\/Agpgoraf-Impressors-logo.png","width":601,"height":477,"caption":"Agpograf Impressors"},"image":{"@id":"https:\/\/agpograf.com\/es\/#\/schema\/logo\/image\/"},"sameAs":["https:\/\/www.facebook.com\/Agpograf","https:\/\/www.instagram.com\/agpograf_impressors\/","https:\/\/www.linkedin.com\/company\/agpograf-impressors\/about\/","https:\/\/www.youtube.com\/channel\/UC1vXUlhI2NeafCFLhfnrQXw","https:\/\/www.behance.net\/agpografimpressors"]}]}},"_links":{"self":[{"href":"https:\/\/agpograf.com\/es\/wp-json\/wp\/v2\/pages\/13717","targetHints":{"allow":["GET"]}}],"collection":[{"href":"https:\/\/agpograf.com\/es\/wp-json\/wp\/v2\/pages"}],"about":[{"href":"https:\/\/agpograf.com\/es\/wp-json\/wp\/v2\/types\/page"}],"author":[{"embeddable":true,"href":"https:\/\/agpograf.com\/es\/wp-json\/wp\/v2\/users\/1"}],"replies":[{"embeddable":true,"href":"https:\/\/agpograf.com\/es\/wp-json\/wp\/v2\/comments?post=13717"}],"version-history":[{"count":13,"href":"https:\/\/agpograf.com\/es\/wp-json\/wp\/v2\/pages\/13717\/revisions"}],"predecessor-version":[{"id":22429,"href":"https:\/\/agpograf.com\/es\/wp-json\/wp\/v2\/pages\/13717\/revisions\/22429"}],"wp:attachment":[{"href":"https:\/\/agpograf.com\/es\/wp-json\/wp\/v2\/media?parent=13717"}],"curies":[{"name":"wp","href":"https:\/\/api.w.org\/{rel}","templated":true}]}}