{"id":18711,"date":"2025-01-16T16:47:46","date_gmt":"2025-01-16T14:47:46","guid":{"rendered":"https:\/\/agpograf.com\/?page_id=18711"},"modified":"2025-01-17T11:09:39","modified_gmt":"2025-01-17T09:09:39","slug":"printing-technology","status":"publish","type":"page","link":"https:\/\/agpograf.com\/en\/printing-technology\/","title":{"rendered":"Printing technology"},"content":{"rendered":"<div class=\"wpb-content-wrapper\"><p>[vc_row row_type=&#8221;parallax&#8221; parallax_content_width=&#8221;in_grid&#8221; text_align=&#8221;center&#8221; full_screen_section_height=&#8221;no&#8221; background_image=&#8221;13154&#8243;][vc_column parallax=&#8221;content-moving&#8221; parallax_speed_bg=&#8221;2&#8243;][vc_row_inner row_type=&#8221;row&#8221; type=&#8221;full_width&#8221; text_align=&#8221;center&#8221; css_animation=&#8221;element_from_bottom&#8221;][vc_column_inner offset=&#8221;vc_hidden-sm vc_hidden-xs&#8221;][vc_empty_space height=&#8221;250px&#8221;][vc_column_text]<\/p>\n<h1 style=\"text-align: center;\"><span style=\"color: #ffffff;\">Machinery pool<\/span><\/h1>\n<p>[\/vc_column_text][vc_empty_space height=&#8221;250px&#8221;][\/vc_column_inner][\/vc_row_inner][vc_row_inner row_type=&#8221;row&#8221; type=&#8221;full_width&#8221; text_align=&#8221;left&#8221; css_animation=&#8221;element_from_bottom&#8221;][vc_column_inner offset=&#8221;vc_hidden-lg vc_hidden-md&#8221;][vc_empty_space height=&#8221;120px&#8221;][vc_column_text]<\/p>\n<h1 style=\"text-align: center;\"><span style=\"color: #ffffff;\">Machinery pool<\/span><\/h1>\n<p>[\/vc_column_text][vc_empty_space height=&#8221;120px&#8221;][\/vc_column_inner][\/vc_row_inner][\/vc_column][\/vc_row][vc_row css_animation=&#8221;element_from_bottom&#8221; row_type=&#8221;row&#8221; use_row_as_full_screen_section=&#8221;no&#8221; type=&#8221;grid&#8221; angled_section=&#8221;no&#8221; text_align=&#8221;center&#8221; background_image_as_pattern=&#8221;without_pattern&#8221; css=&#8221;.vc_custom_1661861480237{margin-right: 80px !important;margin-left: 80px !important;}&#8221; z_index=&#8221;&#8221;][vc_column offset=&#8221;vc_hidden-sm vc_hidden-xs&#8221;][vc_empty_space height=&#8221;50px&#8221;][vc_column_text]<\/p>\n<h2 style=\"text-transform: unset;\">We offer a flexible and versatile machinery pool with the latest technologies on the market to meet any requirement of maximum quality, service and competitiveness<\/h2>\n<p>[\/vc_column_text][vc_empty_space height=&#8221;40px&#8221;][vc_column_text]<\/p>\n<p style=\"text-align: center;\">A wide range of formats, printing bodies and technologies: offset, digital offset, an extensive array of printing options that provide productivity and flexibility at the service of our customers.<\/p>\n<p>[\/vc_column_text][vc_empty_space height=&#8221;70px&#8221;][\/vc_column][\/vc_row][vc_row css_animation=&#8221;element_from_bottom&#8221; row_type=&#8221;row&#8221; use_row_as_full_screen_section=&#8221;no&#8221; type=&#8221;full_width&#8221; angled_section=&#8221;no&#8221; text_align=&#8221;center&#8221; background_image_as_pattern=&#8221;without_pattern&#8221; z_index=&#8221;&#8221; css=&#8221;.vc_custom_1661861485134{margin-right: 10px !important;margin-left: 10px !important;}&#8221;][vc_column offset=&#8221;vc_hidden-lg vc_hidden-md&#8221;][vc_empty_space height=&#8221;30px&#8221;][vc_column_text]<\/p>\n<h3 style=\"text-transform: unset;\">We offer a flexible and versatile machinery pool with the latest technologies on the market to meet any requirement of maximum quality, service and competitiveness<\/h3>\n<p>[\/vc_column_text][vc_empty_space][vc_column_text]<\/p>\n<p style=\"text-align: left;\">A wide range of formats, printing bodies and technologies: offset, digital offset, an extensive array of printing options that provide productivity and flexibility at the service of our customers.<\/p>\n<p>[\/vc_column_text][vc_empty_space height=&#8221;70px&#8221;][\/vc_column][\/vc_row][vc_row css_animation=&#8221;element_from_bottom&#8221; row_type=&#8221;row&#8221; use_row_as_full_screen_section=&#8221;no&#8221; type=&#8221;grid&#8221; angled_section=&#8221;no&#8221; text_align=&#8221;left&#8221; background_image_as_pattern=&#8221;without_pattern&#8221; z_index=&#8221;&#8221;][vc_column][vc_column_text]<\/p>\n<h2 style=\"text-align: center;\">Conventional offset<\/h2>\n<p>[\/vc_column_text][vc_empty_space height=&#8221;40px&#8221;][\/vc_column][\/vc_row][vc_row css_animation=&#8221;element_from_bottom&#8221; row_type=&#8221;row&#8221; use_row_as_full_screen_section=&#8221;no&#8221; type=&#8221;grid&#8221; angled_section=&#8221;no&#8221; text_align=&#8221;center&#8221; background_image_as_pattern=&#8221;without_pattern&#8221; z_index=&#8221;&#8221;][vc_column width=&#8221;1\/3&#8243;][vc_single_image image=&#8221;8476&#8243; img_size=&#8221;full&#8221; alignment=&#8221;center&#8221; qode_css_animation=&#8221;&#8221;][vc_empty_space height=&#8221;30px&#8221;][vc_column_text]<\/p>\n<h4 style=\"text-align: center;\"><strong>HEIDELBERG SPEEDMASTER<\/strong><br \/>\n<strong>XL LED UV<\/strong><br \/>\n<strong>8 COLORS<\/strong><br \/>\n<strong>75 x 106 cm<\/strong><\/h4>\n<p>[\/vc_column_text][vc_empty_space height=&#8221;30px&#8221;][vc_column_text]<\/p>\n<p style=\"text-align: center;\"><span style=\"color: #f05b40;\"><strong>Discover UV LED printing<\/strong><\/span><\/p>\n<p>[\/vc_column_text][vc_empty_space height=&#8221;15px&#8221;]<a  itemprop=\"url\" href=\"https:\/\/agpograf.com\/en\/uv-led-printing\/\" target=\"_self\"  class=\"qbutton  small center default\" style=\"\">MORE INFORMATION<\/a>[vc_empty_space height=&#8221;30px&#8221;][\/vc_column][vc_column width=&#8221;1\/3&#8243;][vc_single_image image=&#8221;18773&#8243; img_size=&#8221;full&#8221; alignment=&#8221;center&#8221; qode_css_animation=&#8221;&#8221;][vc_empty_space height=&#8221;30px&#8221;][vc_column_text]<\/p>\n<h4 style=\"text-align: center;\"><a href=\"https:\/\/www.heidelberg.com\/global\/es\/products\/offset_printing\/format_70_x_100\/speedmaster_xl_106\/product_information_12\/product_information_20.jsp\" target=\"_blank\" rel=\"noopener noreferrer\"><strong>HEIDELBERG SPEEDMASTER XL 106<\/strong><\/a><br \/>\n<strong>6 COLORS + ACRYLIC<\/strong><br \/>\n<strong>75 x 106 cm<\/strong><\/h4>\n<p>[\/vc_column_text][vc_empty_space height=&#8221;30px&#8221;][\/vc_column][vc_column width=&#8221;1\/3&#8243;][vc_single_image image=&#8221;8464&#8243; img_size=&#8221;full&#8221; alignment=&#8221;center&#8221; qode_css_animation=&#8221;&#8221;][vc_empty_space height=&#8221;30px&#8221;][vc_column_text]<\/p>\n<h4 style=\"text-align: center;\"><a href=\"https:\/\/www.heidelberg.com\/global\/en\/products\/offset_printing\/format_70_x_100\/speedmaster_sx_102\/product_information_7\/product_information_4.jsp\" target=\"_blank\" rel=\"noopener noreferrer\"><strong>HEIDELBERG SX 102<\/strong><\/a><br \/>\n<strong>2 COLORS<\/strong><br \/>\n<strong>72 x 102 cm<\/strong><\/h4>\n<p>[\/vc_column_text][vc_empty_space height=&#8221;30px&#8221;][\/vc_column][\/vc_row][vc_row css_animation=&#8221;element_from_bottom&#8221; row_type=&#8221;row&#8221; use_row_as_full_screen_section=&#8221;no&#8221; type=&#8221;full_width&#8221; angled_section=&#8221;no&#8221; text_align=&#8221;left&#8221; background_image_as_pattern=&#8221;without_pattern&#8221; z_index=&#8221;&#8221;][vc_column][vc_empty_space height=&#8221;70px&#8221;][vc_column_text]<\/p>\n<h2 style=\"text-align: center;\">Digital offset<\/h2>\n<p>[\/vc_column_text][vc_empty_space height=&#8221;50px&#8221;][\/vc_column][\/vc_row][vc_row css_animation=&#8221;element_from_bottom&#8221; row_type=&#8221;row&#8221; use_row_as_full_screen_section=&#8221;no&#8221; type=&#8221;full_width&#8221; angled_section=&#8221;no&#8221; text_align=&#8221;left&#8221; background_image_as_pattern=&#8221;without_pattern&#8221; z_index=&#8221;&#8221;][vc_column offset=&#8221;vc_col-lg-offset-3 vc_col-lg-6 vc_col-md-offset-2 vc_col-md-8&#8243;][vc_single_image image=&#8221;18751&#8243; img_size=&#8221;full&#8221; alignment=&#8221;center&#8221; css=&#8221;&#8221; qode_css_animation=&#8221;&#8221;][vc_empty_space height=&#8221;50px&#8221;][vc_column_text css=&#8221;&#8221;]<\/p>\n<h4 style=\"text-align: center;\"><a href=\"https:\/\/agpograf.com\/wp-content\/uploads\/2025\/01\/HP-Indigo-12000-HD.pdf\" target=\"_blank\" rel=\"noopener noreferrer\"><strong>HP INDIGO 12000 HD<\/strong><\/a><br \/>\n<strong>75 x 53 cm<\/strong><\/h4>\n<p>[\/vc_column_text][vc_empty_space height=&#8221;80px&#8221;][\/vc_column][\/vc_row][vc_row css_animation=&#8221;element_from_bottom&#8221; row_type=&#8221;row&#8221; use_row_as_full_screen_section=&#8221;no&#8221; type=&#8221;grid&#8221; angled_section=&#8221;no&#8221; text_align=&#8221;left&#8221; background_image_as_pattern=&#8221;without_pattern&#8221; css=&#8221;.vc_custom_1661861519015{margin-right: 80px !important;margin-left: 80px !important;}&#8221; z_index=&#8221;&#8221;][vc_column offset=&#8221;vc_hidden-sm vc_hidden-xs&#8221;][vc_empty_space height=&#8221;40px&#8221;][vc_column_text]<\/p>\n<h2 style=\"text-transform: unset; text-align: center;\">Passion for a faithful reproduction<\/h2>\n<p>[\/vc_column_text][vc_empty_space][vc_column_text]<\/p>\n<p style=\"text-align: center;\">At Agpograf our chief philosophy since our beginnings has been to remain loyal to the original with a flexible and versatile machinery pool. Our entire team of technicians focus on obtaining the most reliable and highest-quality printing for our customers, whatever the medium. This is why we are constantly investing in better colour measurement, control and management equipment. As you will see in following, we have decided to go even further; today we are able to simulate printing with RGB profiles (see\u00a0<a href=\"https:\/\/agpograf.com\/es\/multicolor-impresion-rgb\/\">RGB \u2013 MULTICOLOR PRINTING SPACE<\/a>) with a conventional offset printing machine.<\/p>\n<p>[\/vc_column_text][vc_empty_space height=&#8221;70px&#8221;][vc_column_text]<\/p>\n<h3 style=\"text-transform: unset; text-align: left;\"><strong>Some of our control devices<\/strong><\/h3>\n<p>[\/vc_column_text][vc_empty_space height=&#8221;40px&#8221;][vc_accordion active_tab=&#8221;&#8221; collapsible=&#8221;yes&#8221; style=&#8221;accordion&#8221; accordion_border_radius=&#8221;50&#8243; title=&#8221;ALGUNS DELS NOSTRES DISPOSITIUS DE CONTROL:&#8221;][vc_accordion_tab title=&#8221;COLOUR MANAGEMENT SOFTWARE&#8221; title_color=&#8221;#424242&#8243;][vc_column_text]<\/p>\n<div class=\"wpb_text_column wpb_content_element \">\n<div class=\"wpb_wrapper\">\n<p>COLORPROOF-COLORSERVER GMG colour management<\/p>\n<\/div>\n<p>COLOR LOGIC color management (multicolor)<\/p>\n<p>COLORGATE FILMGATE 6 LARGE<\/p>\n<\/div>\n<p>[\/vc_column_text][\/vc_accordion_tab][vc_accordion_tab title=&#8221;CONTROL EQUIPMENT&#8221; title_color=&#8221;#424242&#8243;][vc_column_text]<\/p>\n<div class=\"wpb_text_column wpb_content_element \">\n<p>XRITE OYE-ONE PRO<\/p>\n<p>SPECTRODENSITOMETER FD-7<\/p>\n<p>SPECTROPHOTOMETER CM-2300d<\/p>\n<\/div>\n<p>[\/vc_column_text][\/vc_accordion_tab][\/vc_accordion][vc_empty_space height=&#8221;20px&#8221;][vc_column_text]<\/p>\n<div class=\"wpb_text_column wpb_content_element \">\n<p>FOGRA\u00a0contractual colour tests\u00a0to certify the colour, in accordance with ISO 12647\/7.<\/p>\n<\/div>\n<p>[\/vc_column_text][vc_empty_space height=&#8221;80px&#8221;][\/vc_column][\/vc_row][vc_row css_animation=&#8221;element_from_bottom&#8221; row_type=&#8221;row&#8221; use_row_as_full_screen_section=&#8221;no&#8221; type=&#8221;full_width&#8221; angled_section=&#8221;no&#8221; text_align=&#8221;left&#8221; background_image_as_pattern=&#8221;without_pattern&#8221; css=&#8221;.vc_custom_1661861528751{margin-right: 10px !important;margin-left: 10px !important;}&#8221; z_index=&#8221;&#8221;][vc_column offset=&#8221;vc_hidden-lg vc_hidden-md&#8221;][vc_column_text]<\/p>\n<h2 style=\"text-transform: unset; text-align: center;\">Passion for a faithful reproduction<\/h2>\n<p>[\/vc_column_text][vc_empty_space][vc_column_text]<\/p>\n<p style=\"text-align: left;\">At Agpograf our chief philosophy since our beginnings has been to remain loyal to the original with a flexible and versatile machinery pool. Our entire team of technicians focus on obtaining the most reliable and highest-quality printing for our customers, whatever the medium. This is why we are constantly investing in better colour measurement, control and management equipment. As you will see in following, we have decided to go even further; today we are able to simulate printing with RGB profiles (see <a href=\"https:\/\/agpograf.com\/es\/multicolor-impresion-rgb\/\">RGB \u2013 MULTICOLOR PRINTING SPACE<\/a>) with a conventional offset printing machine.<\/p>\n<p>[\/vc_column_text][vc_empty_space height=&#8221;70px&#8221;][vc_column_text]<\/p>\n<h3 style=\"text-transform: unset; text-align: left;\"><strong>Some of our control devices<\/strong><\/h3>\n<p>[\/vc_column_text][vc_empty_space height=&#8221;30px&#8221;][vc_accordion active_tab=&#8221;&#8221; collapsible=&#8221;yes&#8221; style=&#8221;accordion&#8221; accordion_border_radius=&#8221;50&#8243; title=&#8221;ALGUNS DELS NOSTRES DISPOSITIUS DE CONTROL:&#8221;][vc_accordion_tab title=&#8221;COLOUR MANAGEMENT SOFTWARE&#8221; title_color=&#8221;#424242&#8243;][vc_column_text]<\/p>\n<div class=\"wpb_text_column wpb_content_element \">\n<div class=\"wpb_wrapper\">\n<p>COLORPROOF-COLORSERVER GMG colour management<\/p>\n<\/div>\n<p>COLOR LOGIC color management (multicolor)<\/p>\n<p>COLORGATE FILMGATE 6 LARGE<\/p>\n<\/div>\n<p>[\/vc_column_text][\/vc_accordion_tab][vc_accordion_tab title=&#8221;CONTROL EQUIPMENT&#8221; title_color=&#8221;#424242&#8243;][vc_column_text]<\/p>\n<div class=\"wpb_text_column wpb_content_element \">\n<p>XRITE OYE-ONE PRO<\/p>\n<p>SPECTRODENSITOMETER FD-7<\/p>\n<p>SPECTROPHOTOMETER CM-2300d<\/p>\n<\/div>\n<p>[\/vc_column_text][\/vc_accordion_tab][\/vc_accordion][vc_empty_space height=&#8221;20px&#8221;][vc_column_text]<\/p>\n<div class=\"wpb_text_column wpb_content_element \">\n<p>FOGRA\u00a0contractual colour tests\u00a0to certify the colour, in accordance with ISO 12647\/7.<\/p>\n<\/div>\n<p>[\/vc_column_text][vc_empty_space height=&#8221;80px&#8221;][\/vc_column][\/vc_row][vc_row css_animation=&#8221;&#8221; row_type=&#8221;row&#8221; use_row_as_full_screen_section=&#8221;no&#8221; type=&#8221;full_width&#8221; angled_section=&#8221;no&#8221; text_align=&#8221;left&#8221; background_image_as_pattern=&#8221;without_pattern&#8221;][vc_column][vc_empty_space height=&#8221;40px&#8221;][\/vc_column][\/vc_row]<\/p>\n<\/div>","protected":false},"excerpt":{"rendered":"<p>[vc_row row_type=&#8221;parallax&#8221; parallax_content_width=&#8221;in_grid&#8221; text_align=&#8221;center&#8221; full_screen_section_height=&#8221;no&#8221; background_image=&#8221;13154&#8243;][vc_column parallax=&#8221;content-moving&#8221; parallax_speed_bg=&#8221;2&#8243;][vc_row_inner row_type=&#8221;row&#8221; type=&#8221;full_width&#8221; text_align=&#8221;center&#8221; css_animation=&#8221;element_from_bottom&#8221;][vc_column_inner offset=&#8221;vc_hidden-sm vc_hidden-xs&#8221;][vc_empty_space height=&#8221;250px&#8221;][vc_column_text] Machinery pool [\/vc_column_text][vc_empty_space height=&#8221;250px&#8221;][\/vc_column_inner][\/vc_row_inner][vc_row_inner row_type=&#8221;row&#8221; type=&#8221;full_width&#8221; text_align=&#8221;left&#8221; css_animation=&#8221;element_from_bottom&#8221;][vc_column_inner offset=&#8221;vc_hidden-lg vc_hidden-md&#8221;][vc_empty_space height=&#8221;120px&#8221;][vc_column_text] Machinery pool [\/vc_column_text][vc_empty_space height=&#8221;120px&#8221;][\/vc_column_inner][\/vc_row_inner][\/vc_column][\/vc_row][vc_row css_animation=&#8221;element_from_bottom&#8221; row_type=&#8221;row&#8221; use_row_as_full_screen_section=&#8221;no&#8221; type=&#8221;grid&#8221; angled_section=&#8221;no&#8221; text_align=&#8221;center&#8221; background_image_as_pattern=&#8221;without_pattern&#8221; css=&#8221;.vc_custom_1661861480237{margin-right: 80px !important;margin-left: 80px !important;}&#8221; z_index=&#8221;&#8221;][vc_column offset=&#8221;vc_hidden-sm vc_hidden-xs&#8221;][vc_empty_space&#8230;<\/p>\n","protected":false},"author":1,"featured_media":0,"parent":0,"menu_order":0,"comment_status":"closed","ping_status":"closed","template":"full_width.php","meta":{"footnotes":""},"class_list":["post-18711","page","type-page","status-publish","hentry"],"yoast_head":"<!-- This site is optimized with the Yoast SEO plugin v27.3 - https:\/\/yoast.com\/product\/yoast-seo-wordpress\/ -->\n<title>Printing technology &#8211; Agpograf Impressors<\/title>\n<meta name=\"description\" content=\"Agpograf Impressors oferim un parc de m\u00e0quines flexible i vers\u00e0til amb les darreres tecnologies, amb impressi\u00f3 convencional i digital.\" \/>\n<meta name=\"robots\" content=\"index, follow, max-snippet:-1, max-image-preview:large, max-video-preview:-1\" \/>\n<link rel=\"canonical\" href=\"https:\/\/agpograf.com\/en\/printing-technology\/\" \/>\n<meta property=\"og:locale\" content=\"en_US\" \/>\n<meta property=\"og:type\" content=\"article\" \/>\n<meta property=\"og:title\" content=\"Printing technology &#8211; Agpograf Impressors\" \/>\n<meta property=\"og:description\" content=\"Agpograf Impressors oferim un parc de m\u00e0quines flexible i vers\u00e0til amb les darreres tecnologies, amb impressi\u00f3 convencional i digital.\" \/>\n<meta property=\"og:url\" content=\"https:\/\/agpograf.com\/en\/printing-technology\/\" \/>\n<meta property=\"og:site_name\" content=\"Agpograf Impressors\" \/>\n<meta property=\"article:publisher\" content=\"https:\/\/www.facebook.com\/Agpograf\" \/>\n<meta property=\"article:modified_time\" content=\"2025-01-17T09:09:39+00:00\" \/>\n<meta name=\"twitter:card\" content=\"summary_large_image\" \/>\n<meta name=\"twitter:label1\" content=\"Est. reading time\" \/>\n\t<meta name=\"twitter:data1\" content=\"4 minutes\" \/>\n<script type=\"application\/ld+json\" class=\"yoast-schema-graph\">{\"@context\":\"https:\\\/\\\/schema.org\",\"@graph\":[{\"@type\":\"WebPage\",\"@id\":\"https:\\\/\\\/agpograf.com\\\/en\\\/printing-technology\\\/\",\"url\":\"https:\\\/\\\/agpograf.com\\\/en\\\/printing-technology\\\/\",\"name\":\"Printing technology &#8211; Agpograf Impressors\",\"isPartOf\":{\"@id\":\"https:\\\/\\\/agpograf.com\\\/en\\\/#website\"},\"datePublished\":\"2025-01-16T14:47:46+00:00\",\"dateModified\":\"2025-01-17T09:09:39+00:00\",\"description\":\"Agpograf Impressors oferim un parc de m\u00e0quines flexible i vers\u00e0til amb les darreres tecnologies, amb impressi\u00f3 convencional i digital.\",\"breadcrumb\":{\"@id\":\"https:\\\/\\\/agpograf.com\\\/en\\\/printing-technology\\\/#breadcrumb\"},\"inLanguage\":\"en-US\",\"potentialAction\":[{\"@type\":\"ReadAction\",\"target\":[\"https:\\\/\\\/agpograf.com\\\/en\\\/printing-technology\\\/\"]}]},{\"@type\":\"BreadcrumbList\",\"@id\":\"https:\\\/\\\/agpograf.com\\\/en\\\/printing-technology\\\/#breadcrumb\",\"itemListElement\":[{\"@type\":\"ListItem\",\"position\":1,\"name\":\"Inici\",\"item\":\"https:\\\/\\\/agpograf.com\\\/en\\\/\"},{\"@type\":\"ListItem\",\"position\":2,\"name\":\"Printing technology\"}]},{\"@type\":\"WebSite\",\"@id\":\"https:\\\/\\\/agpograf.com\\\/en\\\/#website\",\"url\":\"https:\\\/\\\/agpograf.com\\\/en\\\/\",\"name\":\"Agpograf Impressors\",\"description\":\"Printing your dreams\",\"publisher\":{\"@id\":\"https:\\\/\\\/agpograf.com\\\/en\\\/#organization\"},\"potentialAction\":[{\"@type\":\"SearchAction\",\"target\":{\"@type\":\"EntryPoint\",\"urlTemplate\":\"https:\\\/\\\/agpograf.com\\\/en\\\/?s={search_term_string}\"},\"query-input\":{\"@type\":\"PropertyValueSpecification\",\"valueRequired\":true,\"valueName\":\"search_term_string\"}}],\"inLanguage\":\"en-US\"},{\"@type\":\"Organization\",\"@id\":\"https:\\\/\\\/agpograf.com\\\/en\\\/#organization\",\"name\":\"Agpograf Impressors\",\"url\":\"https:\\\/\\\/agpograf.com\\\/en\\\/\",\"logo\":{\"@type\":\"ImageObject\",\"inLanguage\":\"en-US\",\"@id\":\"https:\\\/\\\/agpograf.com\\\/en\\\/#\\\/schema\\\/logo\\\/image\\\/\",\"url\":\"https:\\\/\\\/www.agpograf.com\\\/wp-content\\\/uploads\\\/2020\\\/01\\\/Agpgoraf-Impressors-logo.png\",\"contentUrl\":\"https:\\\/\\\/www.agpograf.com\\\/wp-content\\\/uploads\\\/2020\\\/01\\\/Agpgoraf-Impressors-logo.png\",\"width\":601,\"height\":477,\"caption\":\"Agpograf Impressors\"},\"image\":{\"@id\":\"https:\\\/\\\/agpograf.com\\\/en\\\/#\\\/schema\\\/logo\\\/image\\\/\"},\"sameAs\":[\"https:\\\/\\\/www.facebook.com\\\/Agpograf\",\"https:\\\/\\\/www.instagram.com\\\/agpograf_impressors\\\/\",\"https:\\\/\\\/www.linkedin.com\\\/company\\\/agpograf-impressors\\\/about\\\/\",\"https:\\\/\\\/www.youtube.com\\\/channel\\\/UC1vXUlhI2NeafCFLhfnrQXw\",\"https:\\\/\\\/www.behance.net\\\/agpografimpressors\"]}]}<\/script>\n<!-- \/ Yoast SEO plugin. -->","yoast_head_json":{"title":"Printing technology &#8211; Agpograf Impressors","description":"Agpograf Impressors oferim un parc de m\u00e0quines flexible i vers\u00e0til amb les darreres tecnologies, amb impressi\u00f3 convencional i digital.","robots":{"index":"index","follow":"follow","max-snippet":"max-snippet:-1","max-image-preview":"max-image-preview:large","max-video-preview":"max-video-preview:-1"},"canonical":"https:\/\/agpograf.com\/en\/printing-technology\/","og_locale":"en_US","og_type":"article","og_title":"Printing technology &#8211; Agpograf Impressors","og_description":"Agpograf Impressors oferim un parc de m\u00e0quines flexible i vers\u00e0til amb les darreres tecnologies, amb impressi\u00f3 convencional i digital.","og_url":"https:\/\/agpograf.com\/en\/printing-technology\/","og_site_name":"Agpograf Impressors","article_publisher":"https:\/\/www.facebook.com\/Agpograf","article_modified_time":"2025-01-17T09:09:39+00:00","twitter_card":"summary_large_image","twitter_misc":{"Est. reading time":"4 minutes"},"schema":{"@context":"https:\/\/schema.org","@graph":[{"@type":"WebPage","@id":"https:\/\/agpograf.com\/en\/printing-technology\/","url":"https:\/\/agpograf.com\/en\/printing-technology\/","name":"Printing technology &#8211; Agpograf Impressors","isPartOf":{"@id":"https:\/\/agpograf.com\/en\/#website"},"datePublished":"2025-01-16T14:47:46+00:00","dateModified":"2025-01-17T09:09:39+00:00","description":"Agpograf Impressors oferim un parc de m\u00e0quines flexible i vers\u00e0til amb les darreres tecnologies, amb impressi\u00f3 convencional i digital.","breadcrumb":{"@id":"https:\/\/agpograf.com\/en\/printing-technology\/#breadcrumb"},"inLanguage":"en-US","potentialAction":[{"@type":"ReadAction","target":["https:\/\/agpograf.com\/en\/printing-technology\/"]}]},{"@type":"BreadcrumbList","@id":"https:\/\/agpograf.com\/en\/printing-technology\/#breadcrumb","itemListElement":[{"@type":"ListItem","position":1,"name":"Inici","item":"https:\/\/agpograf.com\/en\/"},{"@type":"ListItem","position":2,"name":"Printing technology"}]},{"@type":"WebSite","@id":"https:\/\/agpograf.com\/en\/#website","url":"https:\/\/agpograf.com\/en\/","name":"Agpograf Impressors","description":"Printing your dreams","publisher":{"@id":"https:\/\/agpograf.com\/en\/#organization"},"potentialAction":[{"@type":"SearchAction","target":{"@type":"EntryPoint","urlTemplate":"https:\/\/agpograf.com\/en\/?s={search_term_string}"},"query-input":{"@type":"PropertyValueSpecification","valueRequired":true,"valueName":"search_term_string"}}],"inLanguage":"en-US"},{"@type":"Organization","@id":"https:\/\/agpograf.com\/en\/#organization","name":"Agpograf Impressors","url":"https:\/\/agpograf.com\/en\/","logo":{"@type":"ImageObject","inLanguage":"en-US","@id":"https:\/\/agpograf.com\/en\/#\/schema\/logo\/image\/","url":"https:\/\/www.agpograf.com\/wp-content\/uploads\/2020\/01\/Agpgoraf-Impressors-logo.png","contentUrl":"https:\/\/www.agpograf.com\/wp-content\/uploads\/2020\/01\/Agpgoraf-Impressors-logo.png","width":601,"height":477,"caption":"Agpograf Impressors"},"image":{"@id":"https:\/\/agpograf.com\/en\/#\/schema\/logo\/image\/"},"sameAs":["https:\/\/www.facebook.com\/Agpograf","https:\/\/www.instagram.com\/agpograf_impressors\/","https:\/\/www.linkedin.com\/company\/agpograf-impressors\/about\/","https:\/\/www.youtube.com\/channel\/UC1vXUlhI2NeafCFLhfnrQXw","https:\/\/www.behance.net\/agpografimpressors"]}]}},"_links":{"self":[{"href":"https:\/\/agpograf.com\/en\/wp-json\/wp\/v2\/pages\/18711","targetHints":{"allow":["GET"]}}],"collection":[{"href":"https:\/\/agpograf.com\/en\/wp-json\/wp\/v2\/pages"}],"about":[{"href":"https:\/\/agpograf.com\/en\/wp-json\/wp\/v2\/types\/page"}],"author":[{"embeddable":true,"href":"https:\/\/agpograf.com\/en\/wp-json\/wp\/v2\/users\/1"}],"replies":[{"embeddable":true,"href":"https:\/\/agpograf.com\/en\/wp-json\/wp\/v2\/comments?post=18711"}],"version-history":[{"count":3,"href":"https:\/\/agpograf.com\/en\/wp-json\/wp\/v2\/pages\/18711\/revisions"}],"predecessor-version":[{"id":18786,"href":"https:\/\/agpograf.com\/en\/wp-json\/wp\/v2\/pages\/18711\/revisions\/18786"}],"wp:attachment":[{"href":"https:\/\/agpograf.com\/en\/wp-json\/wp\/v2\/media?parent=18711"}],"curies":[{"name":"wp","href":"https:\/\/api.w.org\/{rel}","templated":true}]}}